{"id":23280,"date":"2025-01-06T16:39:26","date_gmt":"2025-01-06T13:39:26","guid":{"rendered":"https:\/\/www.makitamarket.com.tr\/site\/urun\/knipex-974914-97-43-200a-icin-cene\/"},"modified":"2026-04-06T14:02:01","modified_gmt":"2026-04-06T11:02:01","slug":"knipex-974914-97-43-200a-icin-cene","status":"publish","type":"product","link":"https:\/\/www.makitamarket.com.tr\/site\/urun\/knipex-974914-97-43-200a-icin-cene\/","title":{"rendered":"Knipex 974914 97 43 200A \u0130\u00c7\u0130N \u00c7ENE"},"content":{"rendered":"<p><b>97 49 14 S\u0131kma profili<\/b><br \/>Uygulama: DIN 46234 ve DIN 46235&#8217;e uygun yal\u0131t\u0131ms\u0131z s\u0131k\u0131\u015ft\u0131rma terminalleri, boru ve s\u0131k\u0131\u015ft\u0131rma kablo pabu\u00e7lar\u0131 i\u00e7in; DIN 46341 ve DIN 46267&#8217;ye uygun yal\u0131t\u0131ms\u0131z s\u0131k\u0131\u015ft\u0131rma, u\u00e7 ve pres konekt\u00f6rleri i\u00e7in. <\/p>\n<li><b>Uygulama: <\/b>DIN 46234 ve DIN 46235 uyar\u0131nca, izolesiz ezilme, boru tipi ve presleme kablo pabu\u00e7lar\u0131 ve DIN 46341 ve DIN 46267 uyar\u0131nca, izolesiz ezilme, s\u0131k\u0131\u015ft\u0131rmal\u0131 ve presleme konekt\u00f6rleri i\u00e7in<\/li>\n<li><b>Kapasite milimetrekare: <\/b>0,5 \u2014 10 mm\u00b2<\/li>\n<li><b>Yuva say\u0131s\u0131: <\/b>4<\/li>\n<li><b>AWG: <\/b>20 \u2014 8 <\/li>\n<table>\n<tr>\n<td>A\u00e7\u0131klama<\/td>\n<td>0,5 &#8211; 10 mm2<\/td>\n<\/tr>\n<\/table>\n","protected":false},"excerpt":{"rendered":"<p><b>97 49 14 S\u0131kma profili<\/b><br \/>Uygulama: DIN 46234 ve DIN 46235&#8217;e uygun yal\u0131t\u0131ms\u0131z s\u0131k\u0131\u015ft\u0131rma terminalleri, boru ve s\u0131k\u0131\u015ft\u0131rma kablo pabu\u00e7lar\u0131 i\u00e7in; DIN 46341 ve DIN 46267&#8217;ye uygun yal\u0131t\u0131ms\u0131z s\u0131k\u0131\u015ft\u0131rma, u\u00e7 ve pres konekt\u00f6rleri i\u00e7in. <\/p>\n<li><b>Uygulama: <\/b>DIN 46234 ve DIN 46235 uyar\u0131nca, izolesiz ezilme, boru tipi ve presleme kablo pabu\u00e7lar\u0131 ve DIN 46341 ve DIN 46267 uyar\u0131nca, izolesiz ezilme, s\u0131k\u0131\u015ft\u0131rmal\u0131 ve presleme konekt\u00f6rleri i\u00e7in<\/li>\n<li><b>Kapasite milimetrekare: <\/b>0,5 \u2014 10 mm\u00b2<\/li>\n<li><b>Yuva say\u0131s\u0131: <\/b>4<\/li>\n<li><b>AWG: <\/b>20 \u2014 8 <\/li>\n","protected":false},"featured_media":12252,"comment_status":"open","ping_status":"closed","template":"","meta":{"_acf_changed":false},"product_brand":[1486],"product_cat":[852],"product_tag":[],"class_list":{"0":"post-23280","1":"product","2":"type-product","3":"status-publish","4":"has-post-thumbnail","6":"product_brand-knipex","7":"product_cat-kablo-yuksuk-ve-pabuc-sikmalar","9":"first","10":"instock","11":"taxable","12":"shipping-taxable","13":"purchasable","14":"product-type-simple","15":"add-to-wishlist-after_add_to_cart"},"acf":[],"_links":{"self":[{"href":"https:\/\/www.makitamarket.com.tr\/site\/wp-json\/wp\/v2\/product\/23280","targetHints":{"allow":["GET"]}}],"collection":[{"href":"https:\/\/www.makitamarket.com.tr\/site\/wp-json\/wp\/v2\/product"}],"about":[{"href":"https:\/\/www.makitamarket.com.tr\/site\/wp-json\/wp\/v2\/types\/product"}],"replies":[{"embeddable":true,"href":"https:\/\/www.makitamarket.com.tr\/site\/wp-json\/wp\/v2\/comments?post=23280"}],"wp:featuredmedia":[{"embeddable":true,"href":"https:\/\/www.makitamarket.com.tr\/site\/wp-json\/wp\/v2\/media\/12252"}],"wp:attachment":[{"href":"https:\/\/www.makitamarket.com.tr\/site\/wp-json\/wp\/v2\/media?parent=23280"}],"wp:term":[{"taxonomy":"product_brand","embeddable":true,"href":"https:\/\/www.makitamarket.com.tr\/site\/wp-json\/wp\/v2\/product_brand?post=23280"},{"taxonomy":"product_cat","embeddable":true,"href":"https:\/\/www.makitamarket.com.tr\/site\/wp-json\/wp\/v2\/product_cat?post=23280"},{"taxonomy":"product_tag","embeddable":true,"href":"https:\/\/www.makitamarket.com.tr\/site\/wp-json\/wp\/v2\/product_tag?post=23280"}],"curies":[{"name":"wp","href":"https:\/\/api.w.org\/{rel}","templated":true}]}}