{"id":23292,"date":"2025-01-06T16:39:36","date_gmt":"2025-01-06T13:39:36","guid":{"rendered":"https:\/\/www.makitamarket.com.tr\/site\/urun\/uni-t-ut206b-dijital-true-rms-pens-ampermetre\/"},"modified":"2026-04-06T14:04:51","modified_gmt":"2026-04-06T11:04:51","slug":"uni-t-ut206b-dijital-true-rms-pens-ampermetre","status":"publish","type":"product","link":"https:\/\/www.makitamarket.com.tr\/site\/urun\/uni-t-ut206b-dijital-true-rms-pens-ampermetre\/","title":{"rendered":"Uni-t UT206B D\u0130J\u0130TAL TRUE RMS PENS AMPERMETRE"},"content":{"rendered":"<div>\n\tOtomatik kapanma,<\/div>\n<div>\n\tS\u00fcreklilik testi,<\/div>\n<div>\n\tOtomatik\/Manuel mesafe,<\/div>\n<div>\n\tD\u00fc\u015f\u00fck pil g\u00f6stergesi,<\/div>\n<div>\n\tDiyot testi,<\/div>\n<div>\n\tVeri tutma\/Ba\u011f\u0131l mod,<\/div>\n<div>\n\tMax\/Min,<\/div>\n<div>\n\tFonksiyon se\u00e7imi,<\/div>\n<div>\n\tEl feneri,<\/div>\n<div>\n\tOpsiyonel esnek ak\u0131m probu,<\/div>\n<div>\n\tUyand\u0131rma<\/div>\n<table>\n<tr>\n<td>AC Ak\u0131m (A)<\/td>\n<td>1000V \u00b1(2%+5)<\/td>\n<\/tr>\n<tr>\n<td>AC Ak\u0131m Frekans Yan\u0131t\u0131<\/td>\n<td>50Hz~60Hz<\/td>\n<\/tr>\n<tr>\n<td>Ani Ak\u0131m (A)<\/td>\n<td>1000A \u00b1(10%+10)<\/td>\n<\/tr>\n<tr>\n<td>AC Voltaj (V)<\/td>\n<td>6V  \u00b1(1.2%+3) 60V\/600V\/1000V \u00b1(1%+8)<\/td>\n<\/tr>\n<tr>\n<td>DC Voltaj (V)<\/td>\n<td>600mV \u00b1(0.8%+3) 6V\/60V\/600V\/1000V  \u00b1(0.5%+5)<\/td>\n<\/tr>\n<tr>\n<td>Al\u00e7ak Ge\u00e7i\u015f Filtre (LPF ACV)<\/td>\n<td>600V\/1000V \u00b1(2%+5)<\/td>\n<\/tr>\n<tr>\n<td>AC Voltaj Frekans Yan\u0131t\u0131<\/td>\n<td>40Hz~400Hz<\/td>\n<\/tr>\n<tr>\n<td>LoZ ACV<\/td>\n<td>600V\/1000V \u00b1(2%+5)<\/td>\n<\/tr>\n<tr>\n<td>Diren\u00e7  (\u2126)<\/td>\n<td>600\u03a9 \u00b1(1%+3) 6K\u03a9\/60K\u03a9\/600K\u03a9 \u00b1(1%+2) 6M\u03a9\/60M\u03a9 \u00b1(2%+8)<\/td>\n<\/tr>\n<tr>\n<td>Kapasitans (F)<\/td>\n<td>60nF \u00b1(4%+25) 600nF\/6\u03bcF\/60\u03bcF\/600\u03bcF \u00b1(4%+5)  6mF\/60mF \u00b1(10%+9)<\/td>\n<\/tr>\n<tr>\n<td>S\u0131cakl\u0131k<\/td>\n<td>-40 \u00b0C~300\u00b0C \u00b1(1%+20)  300 \u00b0C~1000\u00b0C  \u00b1(1%+2)<\/td>\n<\/tr>\n<tr>\n<td>A\u011f\u0131z Geni\u015fli\u011fi<\/td>\n<td>42mm<\/td>\n<\/tr>\n<tr>\n<td>Batarya<\/td>\n<td>1.5V Pil (R03) x 3<\/td>\n<\/tr>\n<tr>\n<td>Boyutlar<\/td>\n<td>272 x 81 x 43.5 mm<\/td>\n<\/tr>\n<\/table>\n","protected":false},"excerpt":{"rendered":"<div>\n\tOtomatik kapanma,<\/div>\n<div>\n\tS\u00fcreklilik testi,<\/div>\n<div>\n\tOtomatik\/Manuel mesafe,<\/div>\n<div>\n\tD\u00fc\u015f\u00fck pil g\u00f6stergesi,<\/div>\n<div>\n\tDiyot testi,<\/div>\n<div>\n\tVeri tutma\/Ba\u011f\u0131l mod,<\/div>\n<div>\n\tMax\/Min,<\/div>\n<div>\n\tFonksiyon se\u00e7imi,<\/div>\n<div>\n\tEl feneri,<\/div>\n<div>\n\tOpsiyonel esnek ak\u0131m probu,<\/div>\n<div>\n\tUyand\u0131rma<\/div>\n","protected":false},"featured_media":12368,"comment_status":"open","ping_status":"closed","template":"","meta":{"_acf_changed":false},"product_brand":[1531],"product_cat":[1081],"product_tag":[],"class_list":{"0":"post-23292","1":"product","2":"type-product","3":"status-publish","4":"has-post-thumbnail","6":"product_brand-uni-t","7":"product_cat-pensampermetreler","9":"first","10":"instock","11":"taxable","12":"shipping-taxable","13":"purchasable","14":"product-type-simple","15":"add-to-wishlist-after_add_to_cart"},"acf":[],"_links":{"self":[{"href":"https:\/\/www.makitamarket.com.tr\/site\/wp-json\/wp\/v2\/product\/23292","targetHints":{"allow":["GET"]}}],"collection":[{"href":"https:\/\/www.makitamarket.com.tr\/site\/wp-json\/wp\/v2\/product"}],"about":[{"href":"https:\/\/www.makitamarket.com.tr\/site\/wp-json\/wp\/v2\/types\/product"}],"replies":[{"embeddable":true,"href":"https:\/\/www.makitamarket.com.tr\/site\/wp-json\/wp\/v2\/comments?post=23292"}],"wp:featuredmedia":[{"embeddable":true,"href":"https:\/\/www.makitamarket.com.tr\/site\/wp-json\/wp\/v2\/media\/12368"}],"wp:attachment":[{"href":"https:\/\/www.makitamarket.com.tr\/site\/wp-json\/wp\/v2\/media?parent=23292"}],"wp:term":[{"taxonomy":"product_brand","embeddable":true,"href":"https:\/\/www.makitamarket.com.tr\/site\/wp-json\/wp\/v2\/product_brand?post=23292"},{"taxonomy":"product_cat","embeddable":true,"href":"https:\/\/www.makitamarket.com.tr\/site\/wp-json\/wp\/v2\/product_cat?post=23292"},{"taxonomy":"product_tag","embeddable":true,"href":"https:\/\/www.makitamarket.com.tr\/site\/wp-json\/wp\/v2\/product_tag?post=23292"}],"curies":[{"name":"wp","href":"https:\/\/api.w.org\/{rel}","templated":true}]}}