{"id":23296,"date":"2025-01-06T16:39:39","date_gmt":"2025-01-06T13:39:39","guid":{"rendered":"https:\/\/www.makitamarket.com.tr\/site\/urun\/makita-6412-darbesiz-matkap\/"},"modified":"2026-04-06T14:05:53","modified_gmt":"2026-04-06T11:05:53","slug":"makita-6412-darbesiz-matkap","status":"publish","type":"product","link":"https:\/\/www.makitamarket.com.tr\/site\/urun\/makita-6412-darbesiz-matkap\/","title":{"rendered":"Makita 6412 DARBES\u0130Z MATKAP"},"content":{"rendered":"<table>\n<tr>\n<td>S\u00fcrekli Ak\u0131m Giri\u015fi<\/td>\n<td>450W<\/td>\n<\/tr>\n<tr>\n<td>Kapasite<\/td>\n<td>\u00c7elik:10mm, Ah\u015fap:25mm<\/td>\n<\/tr>\n<tr>\n<td>Bo\u015ftaki devir say\u0131s\u0131<\/td>\n<td>0-3.500 devir\/dk<\/td>\n<\/tr>\n<tr>\n<td>Net A\u011f\u0131rl\u0131k<\/td>\n<td>1.3kg<\/td>\n<\/tr>\n<tr>\n<td>Ak\u0131m<\/td>\n<td>2.0Ah<\/td>\n<\/tr>\n<tr>\n<td>Mandren<\/td>\n<td>3\/8&#8243;<\/td>\n<\/tr>\n<tr>\n<td>Maks. Tork<\/td>\n<td>42 N.m<\/td>\n<\/tr>\n<\/table>\n","protected":false},"excerpt":{"rendered":"<p>S\u00fcrekli Ak\u0131m Giri\u015fi 450W Kapasite \u00c7elik:10mm, Ah\u015fap:25mm Bo\u015ftaki devir say\u0131s\u0131 0-3.500 devir\/dk Net A\u011f\u0131rl\u0131k 1.3kg Ak\u0131m 2.0Ah Mandren 3\/8&#8243; Maks. Tork 42 N.m<\/p>\n","protected":false},"featured_media":12406,"comment_status":"open","ping_status":"closed","template":"","meta":{"_acf_changed":false},"product_brand":[1485],"product_cat":[1002],"product_tag":[],"class_list":{"0":"post-23296","1":"product","2":"type-product","3":"status-publish","4":"has-post-thumbnail","6":"product_brand-makita","7":"product_cat-darbesiz-matkaplar","9":"first","10":"instock","11":"taxable","12":"shipping-taxable","13":"purchasable","14":"product-type-simple","15":"add-to-wishlist-after_add_to_cart"},"acf":[],"_links":{"self":[{"href":"https:\/\/www.makitamarket.com.tr\/site\/wp-json\/wp\/v2\/product\/23296","targetHints":{"allow":["GET"]}}],"collection":[{"href":"https:\/\/www.makitamarket.com.tr\/site\/wp-json\/wp\/v2\/product"}],"about":[{"href":"https:\/\/www.makitamarket.com.tr\/site\/wp-json\/wp\/v2\/types\/product"}],"replies":[{"embeddable":true,"href":"https:\/\/www.makitamarket.com.tr\/site\/wp-json\/wp\/v2\/comments?post=23296"}],"wp:featuredmedia":[{"embeddable":true,"href":"https:\/\/www.makitamarket.com.tr\/site\/wp-json\/wp\/v2\/media\/12406"}],"wp:attachment":[{"href":"https:\/\/www.makitamarket.com.tr\/site\/wp-json\/wp\/v2\/media?parent=23296"}],"wp:term":[{"taxonomy":"product_brand","embeddable":true,"href":"https:\/\/www.makitamarket.com.tr\/site\/wp-json\/wp\/v2\/product_brand?post=23296"},{"taxonomy":"product_cat","embeddable":true,"href":"https:\/\/www.makitamarket.com.tr\/site\/wp-json\/wp\/v2\/product_cat?post=23296"},{"taxonomy":"product_tag","embeddable":true,"href":"https:\/\/www.makitamarket.com.tr\/site\/wp-json\/wp\/v2\/product_tag?post=23296"}],"curies":[{"name":"wp","href":"https:\/\/api.w.org\/{rel}","templated":true}]}}