{"id":23299,"date":"2025-01-06T16:39:41","date_gmt":"2025-01-06T13:39:41","guid":{"rendered":"https:\/\/www.makitamarket.com.tr\/site\/urun\/knipex-9055280-sac-kesici-280-mm\/"},"modified":"2026-04-06T14:06:03","modified_gmt":"2026-04-06T11:06:03","slug":"knipex-9055280-sac-kesici-280-mm","status":"publish","type":"product","link":"https:\/\/www.makitamarket.com.tr\/site\/urun\/knipex-9055280-sac-kesici-280-mm\/","title":{"rendered":"Knipex 9055280 SAC KES\u0130C\u0130 280 mm"},"content":{"rendered":"<p><b>90 55 280 Sac Kesici<\/b><br \/>Maks. 1,2 mm kal\u0131nl\u0131\u011fa kadar demir, bak\u0131r veya al\u00fcminyum saclar\u0131n, maks. 2,0 mm kal\u0131nl\u0131\u011fa kadar plastik malzemenin kesilmesi i\u00e7in. Malzemeler deforme edilmeden kesilir. Temiz kesim kenarlar\u0131, kesilmi\u015f profilde herhangi bir i\u015fleme gerek kalmaz. Yonga k\u0131r\u0131c\u0131l\u0131. Kolay kullan\u0131m. Kesme geni\u015fli\u011fi: 2,7 mm. <\/p>\n<table>\n<tr>\n<td>Uzunluk<\/td>\n<td>280<\/td>\n<\/tr>\n<tr>\n<td>Kesme Kapasitesi<\/td>\n<td>Al\u00fcminyum, Sa\u00e7, Bak\u0131r maksimum 1.2mm\u2019ye kadar keser<\/td>\n<\/tr>\n<tr>\n<td>A\u011f\u0131rl\u0131k<\/td>\n<td>461 gr<\/td>\n<\/tr>\n<\/table>\n","protected":false},"excerpt":{"rendered":"<p><b>90 55 280 Sac Kesici<\/b><br \/>Maks. 1,2 mm kal\u0131nl\u0131\u011fa kadar demir, bak\u0131r veya al\u00fcminyum saclar\u0131n, maks. 2,0 mm kal\u0131nl\u0131\u011fa kadar plastik malzemenin kesilmesi i\u00e7in. Malzemeler deforme edilmeden kesilir. Temiz kesim kenarlar\u0131, kesilmi\u015f profilde herhangi bir i\u015fleme gerek kalmaz. Yonga k\u0131r\u0131c\u0131l\u0131. Kolay kullan\u0131m. Kesme geni\u015fli\u011fi: 2,7 mm. <\/p>\n","protected":false},"featured_media":12429,"comment_status":"open","ping_status":"closed","template":"","meta":{"_acf_changed":false},"product_brand":[1486],"product_cat":[1187],"product_tag":[],"class_list":{"0":"post-23299","1":"product","2":"type-product","3":"status-publish","4":"has-post-thumbnail","6":"product_brand-knipex","7":"product_cat-sac-kesme-ve-yedek-bicaklar","9":"first","10":"outofstock","11":"taxable","12":"shipping-taxable","13":"purchasable","14":"product-type-simple","15":"add-to-wishlist-after_add_to_cart"},"acf":[],"_links":{"self":[{"href":"https:\/\/www.makitamarket.com.tr\/site\/wp-json\/wp\/v2\/product\/23299","targetHints":{"allow":["GET"]}}],"collection":[{"href":"https:\/\/www.makitamarket.com.tr\/site\/wp-json\/wp\/v2\/product"}],"about":[{"href":"https:\/\/www.makitamarket.com.tr\/site\/wp-json\/wp\/v2\/types\/product"}],"replies":[{"embeddable":true,"href":"https:\/\/www.makitamarket.com.tr\/site\/wp-json\/wp\/v2\/comments?post=23299"}],"wp:featuredmedia":[{"embeddable":true,"href":"https:\/\/www.makitamarket.com.tr\/site\/wp-json\/wp\/v2\/media\/12429"}],"wp:attachment":[{"href":"https:\/\/www.makitamarket.com.tr\/site\/wp-json\/wp\/v2\/media?parent=23299"}],"wp:term":[{"taxonomy":"product_brand","embeddable":true,"href":"https:\/\/www.makitamarket.com.tr\/site\/wp-json\/wp\/v2\/product_brand?post=23299"},{"taxonomy":"product_cat","embeddable":true,"href":"https:\/\/www.makitamarket.com.tr\/site\/wp-json\/wp\/v2\/product_cat?post=23299"},{"taxonomy":"product_tag","embeddable":true,"href":"https:\/\/www.makitamarket.com.tr\/site\/wp-json\/wp\/v2\/product_tag?post=23299"}],"curies":[{"name":"wp","href":"https:\/\/api.w.org\/{rel}","templated":true}]}}