{"id":23309,"date":"2025-01-06T16:39:51","date_gmt":"2025-01-06T13:39:51","guid":{"rendered":"https:\/\/www.makitamarket.com.tr\/site\/urun\/knipex-8113250-ayarli-boru-kavrama-pensesi-250-mm\/"},"modified":"2026-04-06T14:09:05","modified_gmt":"2026-04-06T11:09:05","slug":"knipex-8113250-ayarli-boru-kavrama-pensesi-250-mm","status":"publish","type":"product","link":"https:\/\/www.makitamarket.com.tr\/site\/urun\/knipex-8113250-ayarli-boru-kavrama-pensesi-250-mm\/","title":{"rendered":"Knipex 8113250 AYARLI BORU KAVRAMA PENSES\u0130 250 mm"},"content":{"rendered":"<p><b>81 13 250 Ayarl\u0131 Boru Kavrama Pense<\/b><br \/>Sifon ba\u011flant\u0131lar\u0131, plastik boru ba\u011flant\u0131lar\u0131, ve yuvarlak ba\u015fl\u0131k somunlar\u0131n\u0131 s\u0131kmak ve a\u00e7mak i\u00e7in idealdir. \u00c7e\u015fitli \u00e7ap \u00f6l\u00e7\u00fclerine optimal uyum sa\u011flamak i\u00e7in hassas ayarlama. Konekt\u00f6rler, ya\u011f filtreleri, plastik borular ve sifonlar i\u00e7in. Sa\u011flam g\u00f6vde, a\u011f\u0131r hizmet i\u015fler i\u00e7in uygun. Civatal\u0131 soket ve konekt\u00f6r elemanlar\u0131 i\u00e7in uygun (\u00f6rne\u011fin Cannon yuvarlak soket konekt\u00f6r\u00fc gibi). Boru ba\u011flant\u0131lar\u0131ndaki hortumlar\u0131 korumal\u0131 \u015fekilde a\u00e7mak i\u00e7in. Kirli, ya\u011fl\u0131 veya ya\u011fs\u0131z y\u00fczeylere optimum yap\u0131\u015fma. 25 ayar kadameli, ge\u00e7meli mafsal. Ergonomik kol yap\u0131s\u0131. Sert ta\u015f\u0131y\u0131c\u0131 bile\u015fenli (k\u0131rm\u0131z\u0131) ve yumu\u015fak yap\u0131\u015fkan bile\u015fenli (mavi) olmak \u00fczere iki bile\u015fenli plastik malzemeden yap\u0131lm\u0131\u015f de\u011fi\u015ftirilebilir kavrama \u00e7eneleri. Hassas y\u00fczeyler i\u00e7in de\u011fi\u015ftirilebilir plastik \u00e7eneler; azami \u00d8 75 mm. <\/p>\n<li><b>S\u0131kma aral\u0131\u011f\u0131 kapasitesi (\u00e7ap): <\/b>\u00d8 10 \u2013 75 mm<\/li>\n<li><b>Ayar pozisyonu: <\/b>25<\/li>\n<table>\n<tr>\n<td>Uzunluk<\/td>\n<td>250<\/td>\n<\/tr>\n<tr>\n<td>Form<\/td>\n<td>Plastik<\/td>\n<\/tr>\n<tr>\n<td>Kafa<\/td>\n<td>Krom<\/td>\n<\/tr>\n<tr>\n<td>Kapasite<\/td>\n<td>\u00d810-75mm<\/td>\n<\/tr>\n<tr>\n<td>A\u011f\u0131rl\u0131k<\/td>\n<td>355 gr<\/td>\n<\/tr>\n<\/table>\n","protected":false},"excerpt":{"rendered":"<p><b>81 13 250 Ayarl\u0131 Boru Kavrama Pense<\/b><br \/>Sifon ba\u011flant\u0131lar\u0131, plastik boru ba\u011flant\u0131lar\u0131, ve yuvarlak ba\u015fl\u0131k somunlar\u0131n\u0131 s\u0131kmak ve a\u00e7mak i\u00e7in idealdir. \u00c7e\u015fitli \u00e7ap \u00f6l\u00e7\u00fclerine optimal uyum sa\u011flamak i\u00e7in hassas ayarlama. Konekt\u00f6rler, ya\u011f filtreleri, plastik borular ve sifonlar i\u00e7in. Sa\u011flam g\u00f6vde, a\u011f\u0131r hizmet i\u015fler i\u00e7in uygun. Civatal\u0131 soket ve konekt\u00f6r elemanlar\u0131 i\u00e7in uygun (\u00f6rne\u011fin Cannon yuvarlak soket konekt\u00f6r\u00fc gibi). Boru ba\u011flant\u0131lar\u0131ndaki hortumlar\u0131 korumal\u0131 \u015fekilde a\u00e7mak i\u00e7in. Kirli, ya\u011fl\u0131 veya ya\u011fs\u0131z y\u00fczeylere optimum yap\u0131\u015fma. 25 ayar kadameli, ge\u00e7meli mafsal. Ergonomik kol yap\u0131s\u0131. Sert ta\u015f\u0131y\u0131c\u0131 bile\u015fenli (k\u0131rm\u0131z\u0131) ve yumu\u015fak yap\u0131\u015fkan bile\u015fenli (mavi) olmak \u00fczere iki bile\u015fenli plastik malzemeden yap\u0131lm\u0131\u015f de\u011fi\u015ftirilebilir kavrama \u00e7eneleri. Hassas y\u00fczeyler i\u00e7in de\u011fi\u015ftirilebilir plastik \u00e7eneler; azami \u00d8 75 mm. <\/p>\n<li><b>S\u0131kma aral\u0131\u011f\u0131 kapasitesi (\u00e7ap): <\/b>\u00d8 10 \u2013 75 mm<\/li>\n<li><b>Ayar pozisyonu: <\/b>25<\/li>\n","protected":false},"featured_media":12566,"comment_status":"open","ping_status":"closed","template":"","meta":{"_acf_changed":false},"product_brand":[1486],"product_cat":[1197],"product_tag":[],"class_list":{"0":"post-23309","1":"product","2":"type-product","3":"status-publish","4":"has-post-thumbnail","6":"product_brand-knipex","7":"product_cat-boru-kavrama-penseleri","9":"first","10":"outofstock","11":"taxable","12":"shipping-taxable","13":"purchasable","14":"product-type-simple","15":"add-to-wishlist-after_add_to_cart"},"acf":[],"_links":{"self":[{"href":"https:\/\/www.makitamarket.com.tr\/site\/wp-json\/wp\/v2\/product\/23309","targetHints":{"allow":["GET"]}}],"collection":[{"href":"https:\/\/www.makitamarket.com.tr\/site\/wp-json\/wp\/v2\/product"}],"about":[{"href":"https:\/\/www.makitamarket.com.tr\/site\/wp-json\/wp\/v2\/types\/product"}],"replies":[{"embeddable":true,"href":"https:\/\/www.makitamarket.com.tr\/site\/wp-json\/wp\/v2\/comments?post=23309"}],"wp:featuredmedia":[{"embeddable":true,"href":"https:\/\/www.makitamarket.com.tr\/site\/wp-json\/wp\/v2\/media\/12566"}],"wp:attachment":[{"href":"https:\/\/www.makitamarket.com.tr\/site\/wp-json\/wp\/v2\/media?parent=23309"}],"wp:term":[{"taxonomy":"product_brand","embeddable":true,"href":"https:\/\/www.makitamarket.com.tr\/site\/wp-json\/wp\/v2\/product_brand?post=23309"},{"taxonomy":"product_cat","embeddable":true,"href":"https:\/\/www.makitamarket.com.tr\/site\/wp-json\/wp\/v2\/product_cat?post=23309"},{"taxonomy":"product_tag","embeddable":true,"href":"https:\/\/www.makitamarket.com.tr\/site\/wp-json\/wp\/v2\/product_tag?post=23309"}],"curies":[{"name":"wp","href":"https:\/\/api.w.org\/{rel}","templated":true}]}}