{"id":23335,"date":"2025-01-06T16:40:14","date_gmt":"2025-01-06T13:40:14","guid":{"rendered":"https:\/\/www.makitamarket.com.tr\/site\/urun\/prexiso-p30-lazer-metre\/"},"modified":"2025-11-16T06:58:43","modified_gmt":"2025-11-16T03:58:43","slug":"prexiso-p30-lazer-metre","status":"publish","type":"product","link":"https:\/\/www.makitamarket.com.tr\/site\/urun\/prexiso-p30-lazer-metre\/","title":{"rendered":"Prexiso P30 LAZER METRE"},"content":{"rendered":"<div>\n\t\u2022 Otomatik alan ve hacim hesaplama<\/div>\n<div>\n\t\u2022 S\u00fcrekli \u00f6l\u00e7\u00fcm mod\u00fcl\u00fc<\/div>\n<div>\n\t\u2022 Ekran zemin ayd\u0131nlatma<\/div>\n<table>\n<tr>\n<td>\u00d6l\u00e7\u00fcm Mesafesi<\/td>\n<td>30 m<\/td>\n<\/tr>\n<tr>\n<td>Hassasiyet<\/td>\n<td>\u00b13 mm<\/td>\n<\/tr>\n<tr>\n<td>\u00d6l\u00e7\u00fcm Birimleri<\/td>\n<td>Metrik ve \u0130mperyal<\/td>\n<\/tr>\n<tr>\n<td>Pil<\/td>\n<td>2xAAA alkalin pil<\/td>\n<\/tr>\n<\/table>\n","protected":false},"excerpt":{"rendered":"<div>\n\t\u2022 Otomatik alan ve hacim hesaplama<\/div>\n<div>\n\t\u2022 S\u00fcrekli \u00f6l\u00e7\u00fcm mod\u00fcl\u00fc<\/div>\n<div>\n\t\u2022 Ekran zemin ayd\u0131nlatma<\/div>\n","protected":false},"featured_media":12879,"comment_status":"open","ping_status":"closed","template":"","meta":{"_acf_changed":false},"product_brand":[1507],"product_cat":[754],"product_tag":[],"class_list":{"0":"post-23335","1":"product","2":"type-product","3":"status-publish","4":"has-post-thumbnail","6":"product_brand-prexiso","7":"product_cat-lazer-metreler","9":"first","10":"outofstock","11":"taxable","12":"shipping-taxable","13":"purchasable","14":"product-type-simple","15":"add-to-wishlist-after_add_to_cart"},"acf":[],"_links":{"self":[{"href":"https:\/\/www.makitamarket.com.tr\/site\/wp-json\/wp\/v2\/product\/23335","targetHints":{"allow":["GET"]}}],"collection":[{"href":"https:\/\/www.makitamarket.com.tr\/site\/wp-json\/wp\/v2\/product"}],"about":[{"href":"https:\/\/www.makitamarket.com.tr\/site\/wp-json\/wp\/v2\/types\/product"}],"replies":[{"embeddable":true,"href":"https:\/\/www.makitamarket.com.tr\/site\/wp-json\/wp\/v2\/comments?post=23335"}],"wp:featuredmedia":[{"embeddable":true,"href":"https:\/\/www.makitamarket.com.tr\/site\/wp-json\/wp\/v2\/media\/12879"}],"wp:attachment":[{"href":"https:\/\/www.makitamarket.com.tr\/site\/wp-json\/wp\/v2\/media?parent=23335"}],"wp:term":[{"taxonomy":"product_brand","embeddable":true,"href":"https:\/\/www.makitamarket.com.tr\/site\/wp-json\/wp\/v2\/product_brand?post=23335"},{"taxonomy":"product_cat","embeddable":true,"href":"https:\/\/www.makitamarket.com.tr\/site\/wp-json\/wp\/v2\/product_cat?post=23335"},{"taxonomy":"product_tag","embeddable":true,"href":"https:\/\/www.makitamarket.com.tr\/site\/wp-json\/wp\/v2\/product_tag?post=23335"}],"curies":[{"name":"wp","href":"https:\/\/api.w.org\/{rel}","templated":true}]}}