{"id":23351,"date":"2025-01-06T16:40:26","date_gmt":"2025-01-06T13:40:26","guid":{"rendered":"https:\/\/www.makitamarket.com.tr\/site\/urun\/knipex-7112200-mafsalli-keski-200-mm\/"},"modified":"2026-03-30T08:29:28","modified_gmt":"2026-03-30T05:29:28","slug":"knipex-7112200-mafsalli-keski-200-mm","status":"publish","type":"product","link":"https:\/\/www.makitamarket.com.tr\/site\/urun\/knipex-7112200-mafsalli-keski-200-mm\/","title":{"rendered":"Knipex 7112200 MAFSALLI KESK\u0130 200 mm"},"content":{"rendered":"<p><b>71 12 200 KNIPEX CoBolt\u00ae<\/b><br \/>Yumu\u015fak, sert tel ve piyano teli i\u00e7in hassas kesiciler. Civata, \u00e7ivi, per\u00e7in gibi malzemeleri 5,2 mm kadar kesebilir. Y\u00fcksek verimli aktar\u0131m oran\u0131yla d\u00fc\u015f\u00fck kuvvetle y\u00fcksek kesme performans\u0131. Kesicilere ek olarak ind\u00fcksiyon sertle\u015ftirme uygulamas\u0131 yap\u0131lm\u0131\u015ft\u0131r, kesici sertli\u011fi yakl. 64 HRC. Mikro yap\u0131l\u0131 kesici sayesinde b\u00fcy\u00fck kesitli malzemeler kolayca kesilir. \u00d8 1,0 mm&#8217;den ba\u015flayan \u00e7aptaki telleri kavramak ve \u00e7ekmek i\u00e7in mafsal alt\u0131nda di\u015fli kavrama y\u00fczeyi bulunur. Daha iyi tutma hakimiyeti ve daha kolay ta\u015f\u0131ma i\u00e7in ince, birden \u00e7ok bile\u015fenli sap k\u0131l\u0131flar\u0131. Kolay kullan\u0131m ve emniyetli kullan\u0131m i\u00e7in yay\u0131 ve emniyet kilidi kol i\u00e7ine yerle\u015ftirilmi\u015ftir. <\/p>\n<li><b>Yumu\u015fak tel kesme de\u011feri (\u00e7ap): <\/b>\u00d8 6 mm<\/li>\n<li><b>Orta sert tel kesme de\u011feri (\u00e7ap): <\/b>\u00d8 5,2 mm<\/li>\n<li><b>Schneidwerte harter Draht (Durchmesser): <\/b>\u00d8 4,0 mm<\/li>\n<li><b>Piyano tel kesme de\u011feri (\u00e7ap): <\/b>\u00d8 3,6 mm<\/li>\n<table>\n<tr>\n<td>Sap<\/td>\n<td>Kal\u0131n izole<\/td>\n<\/tr>\n<tr>\n<td>Form<\/td>\n<td>Orta kesici &#8211; Yayl\u0131<\/td>\n<\/tr>\n<tr>\n<td>Yumu\u015fak Tel<\/td>\n<td>6.0 \u00f8mm<\/td>\n<\/tr>\n<tr>\n<td>Orta Sert Tel<\/td>\n<td>5.2 \u00f8mm<\/td>\n<\/tr>\n<tr>\n<td>Sert Tel<\/td>\n<td>4.0 \u00f8mm<\/td>\n<\/tr>\n<tr>\n<td>Uzunluk<\/td>\n<td>200<\/td>\n<\/tr>\n<tr>\n<td>Piyano Tel<\/td>\n<td>3.6 \u00f8mm<\/td>\n<\/tr>\n<tr>\n<td>A\u011f\u0131rl\u0131k<\/td>\n<td>375 gr<\/td>\n<\/tr>\n<\/table>\n","protected":false},"excerpt":{"rendered":"<p><b>71 12 200 KNIPEX CoBolt\u00ae<\/b><br \/>Yumu\u015fak, sert tel ve piyano teli i\u00e7in hassas kesiciler. Civata, \u00e7ivi, per\u00e7in gibi malzemeleri 5,2 mm kadar kesebilir. Y\u00fcksek verimli aktar\u0131m oran\u0131yla d\u00fc\u015f\u00fck kuvvetle y\u00fcksek kesme performans\u0131. Kesicilere ek olarak ind\u00fcksiyon sertle\u015ftirme uygulamas\u0131 yap\u0131lm\u0131\u015ft\u0131r, kesici sertli\u011fi yakl. 64 HRC. Mikro yap\u0131l\u0131 kesici sayesinde b\u00fcy\u00fck kesitli malzemeler kolayca kesilir. \u00d8 1,0 mm&#8217;den ba\u015flayan \u00e7aptaki telleri kavramak ve \u00e7ekmek i\u00e7in mafsal alt\u0131nda di\u015fli kavrama y\u00fczeyi bulunur. Daha iyi tutma hakimiyeti ve daha kolay ta\u015f\u0131ma i\u00e7in ince, birden \u00e7ok bile\u015fenli sap k\u0131l\u0131flar\u0131. Kolay kullan\u0131m ve emniyetli kullan\u0131m i\u00e7in yay\u0131 ve emniyet kilidi kol i\u00e7ine yerle\u015ftirilmi\u015ftir. <\/p>\n<li><b>Yumu\u015fak tel kesme de\u011feri (\u00e7ap): <\/b>\u00d8 6 mm<\/li>\n<li><b>Orta sert tel kesme de\u011feri (\u00e7ap): <\/b>\u00d8 5,2 mm<\/li>\n<li><b>Schneidwerte harter Draht (Durchmesser): <\/b>\u00d8 4,0 mm<\/li>\n<li><b>Piyano tel kesme de\u011feri (\u00e7ap): <\/b>\u00d8 3,6 mm<\/li>\n","protected":false},"featured_media":13035,"comment_status":"open","ping_status":"closed","template":"","meta":{"_acf_changed":false},"product_brand":[1486],"product_cat":[1189],"product_tag":[],"class_list":{"0":"post-23351","1":"product","2":"type-product","3":"status-publish","4":"has-post-thumbnail","6":"product_brand-knipex","7":"product_cat-mafsalli-keskiler","9":"first","10":"instock","11":"taxable","12":"shipping-taxable","13":"purchasable","14":"product-type-simple","15":"add-to-wishlist-after_add_to_cart"},"acf":[],"_links":{"self":[{"href":"https:\/\/www.makitamarket.com.tr\/site\/wp-json\/wp\/v2\/product\/23351","targetHints":{"allow":["GET"]}}],"collection":[{"href":"https:\/\/www.makitamarket.com.tr\/site\/wp-json\/wp\/v2\/product"}],"about":[{"href":"https:\/\/www.makitamarket.com.tr\/site\/wp-json\/wp\/v2\/types\/product"}],"replies":[{"embeddable":true,"href":"https:\/\/www.makitamarket.com.tr\/site\/wp-json\/wp\/v2\/comments?post=23351"}],"wp:featuredmedia":[{"embeddable":true,"href":"https:\/\/www.makitamarket.com.tr\/site\/wp-json\/wp\/v2\/media\/13035"}],"wp:attachment":[{"href":"https:\/\/www.makitamarket.com.tr\/site\/wp-json\/wp\/v2\/media?parent=23351"}],"wp:term":[{"taxonomy":"product_brand","embeddable":true,"href":"https:\/\/www.makitamarket.com.tr\/site\/wp-json\/wp\/v2\/product_brand?post=23351"},{"taxonomy":"product_cat","embeddable":true,"href":"https:\/\/www.makitamarket.com.tr\/site\/wp-json\/wp\/v2\/product_cat?post=23351"},{"taxonomy":"product_tag","embeddable":true,"href":"https:\/\/www.makitamarket.com.tr\/site\/wp-json\/wp\/v2\/product_tag?post=23351"}],"curies":[{"name":"wp","href":"https:\/\/api.w.org\/{rel}","templated":true}]}}