{"id":23353,"date":"2025-01-06T16:40:28","date_gmt":"2025-01-06T13:40:28","guid":{"rendered":"https:\/\/www.makitamarket.com.tr\/site\/urun\/weller-9200uc-lehim-tabancasi\/"},"modified":"2025-11-16T07:05:15","modified_gmt":"2025-11-16T04:05:15","slug":"weller-9200uc-lehim-tabancasi","status":"publish","type":"product","link":"https:\/\/www.makitamarket.com.tr\/site\/urun\/weller-9200uc-lehim-tabancasi\/","title":{"rendered":"Weller 9200UC LEH\u0130M TABANCASI"},"content":{"rendered":"<div>\n\t\u2022\u00a0<span style=\"font-family: arial, helvetica, sans-serif;\">Standart Lehim tabancas\u0131,<\/span><\/div>\n<div>\n\t\u2022\u00a0<span style=\"font-family:arial,helvetica,sans-serif;\">Tetik hareketi ile \u00e7al\u0131\u015fma,<\/span><\/div>\n<div>\n\t\u2022\u00a0<span style=\"font-family:arial,helvetica,sans-serif;\">7 saniyede \u0131s\u0131nma<\/span><\/div>\n<div>\n\t\u2022\u00a0<span style=\"font-family:arial,helvetica,sans-serif;\">Hobby, model imalat\u0131 ve ev tamir i\u015flerinde ideal.<\/span><\/div>\n<table>\n<tr>\n<td>Volt<\/td>\n<td>230<\/td>\n<\/tr>\n<tr>\n<td>Watt<\/td>\n<td>100 w<\/td>\n<\/tr>\n<tr>\n<td>A\u011f\u0131rl\u0131k<\/td>\n<td>1236 gram<\/td>\n<\/tr>\n<tr>\n<td>Hz<\/td>\n<td>50Hz<\/td>\n<\/tr>\n<\/table>\n","protected":false},"excerpt":{"rendered":"<div>\n\t\u2022\u00a0<span style=\"font-family: arial, helvetica, sans-serif;\">Standart Lehim tabancas\u0131,<\/span><\/div>\n<div>\n\t\u2022\u00a0<span style=\"font-family:arial,helvetica,sans-serif;\">Tetik hareketi ile \u00e7al\u0131\u015fma,<\/span><\/div>\n<div>\n\t\u2022\u00a0<span style=\"font-family:arial,helvetica,sans-serif;\">7 saniyede \u0131s\u0131nma<\/span><\/div>\n<div>\n\t\u2022\u00a0<span style=\"font-family:arial,helvetica,sans-serif;\">Hobby, model imalat\u0131 ve ev tamir i\u015flerinde ideal.<\/span><\/div>\n","protected":false},"featured_media":13065,"comment_status":"open","ping_status":"closed","template":"","meta":{"_acf_changed":false},"product_brand":[1530],"product_cat":[1106],"product_tag":[],"class_list":{"0":"post-23353","1":"product","2":"type-product","3":"status-publish","4":"has-post-thumbnail","6":"product_brand-weller","7":"product_cat-tabanca-havyalar","9":"first","10":"outofstock","11":"taxable","12":"shipping-taxable","13":"purchasable","14":"product-type-simple","15":"add-to-wishlist-after_add_to_cart"},"acf":[],"_links":{"self":[{"href":"https:\/\/www.makitamarket.com.tr\/site\/wp-json\/wp\/v2\/product\/23353","targetHints":{"allow":["GET"]}}],"collection":[{"href":"https:\/\/www.makitamarket.com.tr\/site\/wp-json\/wp\/v2\/product"}],"about":[{"href":"https:\/\/www.makitamarket.com.tr\/site\/wp-json\/wp\/v2\/types\/product"}],"replies":[{"embeddable":true,"href":"https:\/\/www.makitamarket.com.tr\/site\/wp-json\/wp\/v2\/comments?post=23353"}],"wp:featuredmedia":[{"embeddable":true,"href":"https:\/\/www.makitamarket.com.tr\/site\/wp-json\/wp\/v2\/media\/13065"}],"wp:attachment":[{"href":"https:\/\/www.makitamarket.com.tr\/site\/wp-json\/wp\/v2\/media?parent=23353"}],"wp:term":[{"taxonomy":"product_brand","embeddable":true,"href":"https:\/\/www.makitamarket.com.tr\/site\/wp-json\/wp\/v2\/product_brand?post=23353"},{"taxonomy":"product_cat","embeddable":true,"href":"https:\/\/www.makitamarket.com.tr\/site\/wp-json\/wp\/v2\/product_cat?post=23353"},{"taxonomy":"product_tag","embeddable":true,"href":"https:\/\/www.makitamarket.com.tr\/site\/wp-json\/wp\/v2\/product_tag?post=23353"}],"curies":[{"name":"wp","href":"https:\/\/api.w.org\/{rel}","templated":true}]}}