{"id":23355,"date":"2025-01-06T16:40:28","date_gmt":"2025-01-06T13:40:28","guid":{"rendered":"https:\/\/www.makitamarket.com.tr\/site\/urun\/knipex-7306160-x-cut-yuksek-performansli-hafif-yan-keski-160-mm\/"},"modified":"2026-04-13T20:33:36","modified_gmt":"2026-04-13T17:33:36","slug":"knipex-7306160-x-cut-yuksek-performansli-hafif-yan-keski-160-mm","status":"publish","type":"product","link":"https:\/\/www.makitamarket.com.tr\/site\/urun\/knipex-7306160-x-cut-yuksek-performansli-hafif-yan-keski-160-mm\/","title":{"rendered":"Knipex 7306160 X &#8211; CUT Y\u00dcKSEK PERFORMANSLI HAF\u0130F YAN KESK\u0130 160 mm"},"content":{"rendered":"<p><b>73 06 160 KNIPEX X-Cut\u00ae<\/b><br \/>Hem \u00e7ok ince telleri hem de \u00e7ok katl\u0131 kablolar\u0131 ve sert piyano telini keser G\u00fc\u00e7l\u00fc, hafif ve \u00e7ok ama\u00e7l\u0131. Kesici a\u00e7\u0131s\u0131, aktar\u0131m oran\u0131 ve ergonomik sap \u015feklinin optimum uyumu sayesinde az kuvvet harcanmas\u0131na ra\u011fmen y\u00fcksek kesme performans\u0131. \u0130\u00e7 i\u00e7e ge\u00e7irilmi\u015f mafsal: D\u00fc\u015f\u00fck a\u011f\u0131rl\u0131k ile birlikte son derece y\u00fcksek sa\u011flaml\u0131k. Sert ve s\u00fcrekli kullan\u0131m i\u00e7in \u00e7ift yataklamal\u0131 mafsal aks\u0131. Kal\u0131n kablolar i\u00e7in geni\u015f a\u00e7\u0131l\u0131ml\u0131 a\u011f\u0131z. \u00c7ok ince bak\u0131r tellerde dahi tam do\u011fru kesim. A\u011f\u0131rl\u0131k tasarrufu sa\u011flayan kompakt yap\u0131. Montaj, bak\u0131m-onar\u0131m ve \u00fcretim alanlar\u0131nda \u00e7ok ama\u00e7l\u0131 olarak kullan\u0131labilir. Ayn\u0131 uzunluktaki standart yan keskilere k\u0131yasla % 40 kuvvet tasarrufu sa\u011flan\u0131r. <\/p>\n<li><b>Yumu\u015fak tel kesme de\u011feri (\u00e7ap): <\/b>\u00d8 4,8 mm<\/li>\n<li><b>Orta sert tel kesme de\u011feri (\u00e7ap): <\/b>\u00d8 3,8 mm<\/li>\n<li><b>Schneidwerte harter Draht (Durchmesser): <\/b>\u00d8 2,7 mm<\/li>\n<li><b>Piyano tel kesme de\u011feri (\u00e7ap): <\/b>\u00d8 2,2 mm<\/li>\n<li><b>Bak\u0131r kablo kesim de\u011feri, \u00e7ok telli: <\/b>\u00d8 12,0 mm<\/li>\n<li><b>VDE onayl\u0131: <\/b>evet \u00a0<\/li>\n<table>\n<tr>\n<td>Uzunluk<\/td>\n<td>160<\/td>\n<\/tr>\n<tr>\n<td>Form<\/td>\n<td>T\u0131rt\u0131kl\u0131 b\u0131\u00e7ak<\/td>\n<\/tr>\n<tr>\n<td>Sap<\/td>\n<td>Sos \u0130zole<\/td>\n<\/tr>\n<tr>\n<td>Yumu\u015fak Tel<\/td>\n<td>4.8 \u00f8mm<\/td>\n<\/tr>\n<tr>\n<td>Orta Sert Tel<\/td>\n<td>3.8 \u00f8mm<\/td>\n<\/tr>\n<tr>\n<td>Sert Tel<\/td>\n<td>2.7 \u00f8mm<\/td>\n<\/tr>\n<tr>\n<td>Piyano Tel<\/td>\n<td>2.2 mm\u00b2<\/td>\n<\/tr>\n<tr>\n<td>A\u011f\u0131rl\u0131k<\/td>\n<td>160 gr<\/td>\n<\/tr>\n<\/table>\n","protected":false},"excerpt":{"rendered":"<p><b>73 06 160 KNIPEX X-Cut\u00ae<\/b><br \/>Hem \u00e7ok ince telleri hem de \u00e7ok katl\u0131 kablolar\u0131 ve sert piyano telini keser G\u00fc\u00e7l\u00fc, hafif ve \u00e7ok ama\u00e7l\u0131. Kesici a\u00e7\u0131s\u0131, aktar\u0131m oran\u0131 ve ergonomik sap \u015feklinin optimum uyumu sayesinde az kuvvet harcanmas\u0131na ra\u011fmen y\u00fcksek kesme performans\u0131. \u0130\u00e7 i\u00e7e ge\u00e7irilmi\u015f mafsal: D\u00fc\u015f\u00fck a\u011f\u0131rl\u0131k ile birlikte son derece y\u00fcksek sa\u011flaml\u0131k. Sert ve s\u00fcrekli kullan\u0131m i\u00e7in \u00e7ift yataklamal\u0131 mafsal aks\u0131. Kal\u0131n kablolar i\u00e7in geni\u015f a\u00e7\u0131l\u0131ml\u0131 a\u011f\u0131z. \u00c7ok ince bak\u0131r tellerde dahi tam do\u011fru kesim. A\u011f\u0131rl\u0131k tasarrufu sa\u011flayan kompakt yap\u0131. Montaj, bak\u0131m-onar\u0131m ve \u00fcretim alanlar\u0131nda \u00e7ok ama\u00e7l\u0131 olarak kullan\u0131labilir. Ayn\u0131 uzunluktaki standart yan keskilere k\u0131yasla % 40 kuvvet tasarrufu sa\u011flan\u0131r. <\/p>\n<li><b>Yumu\u015fak tel kesme de\u011feri (\u00e7ap): <\/b>\u00d8 4,8 mm<\/li>\n<li><b>Orta sert tel kesme de\u011feri (\u00e7ap): <\/b>\u00d8 3,8 mm<\/li>\n<li><b>Schneidwerte harter Draht (Durchmesser): <\/b>\u00d8 2,7 mm<\/li>\n<li><b>Piyano tel kesme de\u011feri (\u00e7ap): <\/b>\u00d8 2,2 mm<\/li>\n<li><b>Bak\u0131r kablo kesim de\u011feri, \u00e7ok telli: <\/b>\u00d8 12,0 mm<\/li>\n<li><b>VDE onayl\u0131: <\/b>evet \u00a0<\/li>\n","protected":false},"featured_media":13074,"comment_status":"open","ping_status":"closed","template":"","meta":{"_acf_changed":false},"product_brand":[1486],"product_cat":[1161],"product_tag":[],"class_list":{"0":"post-23355","1":"product","2":"type-product","3":"status-publish","4":"has-post-thumbnail","6":"product_brand-knipex","7":"product_cat-yan-keskiler","9":"first","10":"instock","11":"taxable","12":"shipping-taxable","13":"purchasable","14":"product-type-simple","15":"add-to-wishlist-after_add_to_cart"},"acf":[],"_links":{"self":[{"href":"https:\/\/www.makitamarket.com.tr\/site\/wp-json\/wp\/v2\/product\/23355","targetHints":{"allow":["GET"]}}],"collection":[{"href":"https:\/\/www.makitamarket.com.tr\/site\/wp-json\/wp\/v2\/product"}],"about":[{"href":"https:\/\/www.makitamarket.com.tr\/site\/wp-json\/wp\/v2\/types\/product"}],"replies":[{"embeddable":true,"href":"https:\/\/www.makitamarket.com.tr\/site\/wp-json\/wp\/v2\/comments?post=23355"}],"wp:featuredmedia":[{"embeddable":true,"href":"https:\/\/www.makitamarket.com.tr\/site\/wp-json\/wp\/v2\/media\/13074"}],"wp:attachment":[{"href":"https:\/\/www.makitamarket.com.tr\/site\/wp-json\/wp\/v2\/media?parent=23355"}],"wp:term":[{"taxonomy":"product_brand","embeddable":true,"href":"https:\/\/www.makitamarket.com.tr\/site\/wp-json\/wp\/v2\/product_brand?post=23355"},{"taxonomy":"product_cat","embeddable":true,"href":"https:\/\/www.makitamarket.com.tr\/site\/wp-json\/wp\/v2\/product_cat?post=23355"},{"taxonomy":"product_tag","embeddable":true,"href":"https:\/\/www.makitamarket.com.tr\/site\/wp-json\/wp\/v2\/product_tag?post=23355"}],"curies":[{"name":"wp","href":"https:\/\/api.w.org\/{rel}","templated":true}]}}