{"id":23358,"date":"2025-01-06T16:40:31","date_gmt":"2025-01-06T13:40:31","guid":{"rendered":"https:\/\/www.makitamarket.com.tr\/site\/urun\/makita-d-44410-segmanli-tip-elmas-testere-230-mm\/"},"modified":"2025-11-16T07:05:18","modified_gmt":"2025-11-16T04:05:18","slug":"makita-d-44410-segmanli-tip-elmas-testere-230-mm","status":"publish","type":"product","link":"https:\/\/www.makitamarket.com.tr\/site\/urun\/makita-d-44410-segmanli-tip-elmas-testere-230-mm\/","title":{"rendered":"Makita D-44410 SEGMANLI T\u0130P ELMAS TESTERE 230 mm"},"content":{"rendered":"<p>\n\t<strong>Lazer Kaynakl\u0131 Segmanl\u0131 Tip : <\/strong>Elmas tabakalar\u0131 1000\u02daC lazer \u0131\u015f\u0131n\u0131 ile kaynak yap\u0131l\u0131r. Elmas ve plakan\u0131n ala\u015f\u0131m\u0131 ile g\u00fc\u00e7l\u00fc bir birle\u015fim olu\u015fur. Bu sayede g\u00fc\u00e7l\u00fc makinalar i\u00e7in idealdir.<\/p>\n<table border=\"1\" cellpadding=\"1\" cellspacing=\"1\" height=\"63\" width=\"278\">\n<tbody>\n<tr>\n<td colspan=\"7\" style=\"text-align: center;\">\n\t\t\t\t<strong>KULLANIM GRUPLARI<br \/>\n\t\t\t\t<\/strong><\/td>\n<\/tr>\n<tr>\n<td style=\"text-align: center; width: 25px;\">\n\t\t\t\t1<\/td>\n<td style=\"text-align: center; width: 25px;\">\n\t\t\t\t2<\/td>\n<td style=\"text-align: center; width: 25px;\">\n\t\t\t\t3<\/td>\n<td style=\"text-align: center; width: 25px;\">\n\t\t\t\t4<\/td>\n<td style=\"text-align: center; width: 25px;\">\n\t\t\t\t5<\/td>\n<td style=\"text-align: center; width: 25px;\">\n\t\t\t\t6<\/td>\n<td style=\"text-align: center; width: 25px;\">\n\t\t\t\t7<\/td>\n<\/tr>\n<tr>\n<td style=\"text-align: center; width: 25px;\">\n\t\t\t\tAA<\/td>\n<td style=\"text-align: center; width: 25px;\">\n\t\t\t\tAA<\/td>\n<td style=\"text-align: center; width: 25px;\">\n\t\t\t\tA<\/td>\n<td style=\"text-align: center; width: 25px;\">\n\t\t\t\tA<\/td>\n<td style=\"text-align: center; width: 25px;\">\n\t\t\t\tA<\/td>\n<td style=\"text-align: center; width: 25px;\">\n\t\t\t\t&#8211;<\/td>\n<td style=\"text-align: center; width: 25px;\">\n\t\t\t\t&#8211;<\/td>\n<\/tr>\n<\/tbody>\n<\/table>\n<table>\n<tr>\n<td>Testere \u00e7ap\u0131<\/td>\n<td>230 mm<\/td>\n<\/tr>\n<tr>\n<td>Elmas Kal\u0131nl\u0131\u011f\u0131<\/td>\n<td>2.4 mm<\/td>\n<\/tr>\n<tr>\n<td>Elmas Y\u00fcksekli\u011fi<\/td>\n<td>7.0 mm<\/td>\n<\/tr>\n<tr>\n<td>G\u00f6bek \u00e7ap\u0131<\/td>\n<td>22.23 mm<\/td>\n<\/tr>\n<tr>\n<td>\u00dcr\u00fcn Rengi<\/td>\n<td>Gold<\/td>\n<\/tr>\n<\/table>\n","protected":false},"excerpt":{"rendered":"<p>\n\t<strong>Lazer Kaynakl\u0131 Segmanl\u0131 Tip : <\/strong>Elmas tabakalar\u0131 1000\u02daC lazer \u0131\u015f\u0131n\u0131 ile kaynak yap\u0131l\u0131r. Elmas ve plakan\u0131n ala\u015f\u0131m\u0131 ile g\u00fc\u00e7l\u00fc bir birle\u015fim olu\u015fur. Bu sayede g\u00fc\u00e7l\u00fc makinalar i\u00e7in idealdir.<\/p>\n<table border=\"1\" cellpadding=\"1\" cellspacing=\"1\" height=\"63\" width=\"278\">\n<tbody>\n<tr>\n<td colspan=\"7\" style=\"text-align: center;\">\n\t\t\t\t<strong>KULLANIM GRUPLARI<br \/>\n\t\t\t\t<\/strong><\/td>\n<\/tr>\n<tr>\n<td style=\"text-align: center; width: 25px;\">\n\t\t\t\t1<\/td>\n<td style=\"text-align: center; width: 25px;\">\n\t\t\t\t2<\/td>\n<td style=\"text-align: center; width: 25px;\">\n\t\t\t\t3<\/td>\n<td style=\"text-align: center; width: 25px;\">\n\t\t\t\t4<\/td>\n<td style=\"text-align: center; width: 25px;\">\n\t\t\t\t5<\/td>\n<td style=\"text-align: center; width: 25px;\">\n\t\t\t\t6<\/td>\n<td style=\"text-align: center; width: 25px;\">\n\t\t\t\t7<\/td>\n<\/tr>\n<tr>\n<td style=\"text-align: center; width: 25px;\">\n\t\t\t\tAA<\/td>\n<td style=\"text-align: center; width: 25px;\">\n\t\t\t\tAA<\/td>\n<td style=\"text-align: center; width: 25px;\">\n\t\t\t\tA<\/td>\n<td style=\"text-align: center; width: 25px;\">\n\t\t\t\tA<\/td>\n<td style=\"text-align: center; width: 25px;\">\n\t\t\t\tA<\/td>\n<td style=\"text-align: center; width: 25px;\">\n\t\t\t\t&#8211;<\/td>\n<td style=\"text-align: center; width: 25px;\">\n\t\t\t\t&#8211;<\/td>\n<\/tr>\n<\/tbody>\n<\/table>\n","protected":false},"featured_media":13101,"comment_status":"open","ping_status":"closed","template":"","meta":{"_acf_changed":false},"product_brand":[1485],"product_cat":[1234],"product_tag":[],"class_list":{"0":"post-23358","1":"product","2":"type-product","3":"status-publish","4":"has-post-thumbnail","6":"product_brand-makita","7":"product_cat-115mm-testereler","9":"first","10":"outofstock","11":"taxable","12":"shipping-taxable","13":"purchasable","14":"product-type-simple","15":"add-to-wishlist-after_add_to_cart"},"acf":[],"_links":{"self":[{"href":"https:\/\/www.makitamarket.com.tr\/site\/wp-json\/wp\/v2\/product\/23358","targetHints":{"allow":["GET"]}}],"collection":[{"href":"https:\/\/www.makitamarket.com.tr\/site\/wp-json\/wp\/v2\/product"}],"about":[{"href":"https:\/\/www.makitamarket.com.tr\/site\/wp-json\/wp\/v2\/types\/product"}],"replies":[{"embeddable":true,"href":"https:\/\/www.makitamarket.com.tr\/site\/wp-json\/wp\/v2\/comments?post=23358"}],"wp:featuredmedia":[{"embeddable":true,"href":"https:\/\/www.makitamarket.com.tr\/site\/wp-json\/wp\/v2\/media\/13101"}],"wp:attachment":[{"href":"https:\/\/www.makitamarket.com.tr\/site\/wp-json\/wp\/v2\/media?parent=23358"}],"wp:term":[{"taxonomy":"product_brand","embeddable":true,"href":"https:\/\/www.makitamarket.com.tr\/site\/wp-json\/wp\/v2\/product_brand?post=23358"},{"taxonomy":"product_cat","embeddable":true,"href":"https:\/\/www.makitamarket.com.tr\/site\/wp-json\/wp\/v2\/product_cat?post=23358"},{"taxonomy":"product_tag","embeddable":true,"href":"https:\/\/www.makitamarket.com.tr\/site\/wp-json\/wp\/v2\/product_tag?post=23358"}],"curies":[{"name":"wp","href":"https:\/\/api.w.org\/{rel}","templated":true}]}}