{"id":23380,"date":"2025-01-06T16:40:46","date_gmt":"2025-01-06T13:40:46","guid":{"rendered":"https:\/\/www.makitamarket.com.tr\/site\/urun\/nikon-n38020-beton-flex-kesme-tasi-180x3-0x22-mm\/"},"modified":"2026-04-13T20:36:53","modified_gmt":"2026-04-13T17:36:53","slug":"nikon-n38020-beton-flex-kesme-tasi-180x3-0x22-mm","status":"publish","type":"product","link":"https:\/\/www.makitamarket.com.tr\/site\/urun\/nikon-n38020-beton-flex-kesme-tasi-180x3-0x22-mm\/","title":{"rendered":"Nikon N38020 BETON FLEX KESME TA\u015eI 180&#215;3.0x22 mm"},"content":{"rendered":"<table>\n<tr>\n<td>\u00d6l\u00e7\u00fc(mm)<\/td>\n<td>180 x 3.0 x 22<\/td>\n<\/tr>\n<tr>\n<td>G\u00f6bek<\/td>\n<td>D\u00fcz<\/td>\n<\/tr>\n<tr>\n<td>Kutu \u0130\u00e7i Adedi<\/td>\n<td>5<\/td>\n<\/tr>\n<\/table>\n","protected":false},"excerpt":{"rendered":"<p>\u00d6l\u00e7\u00fc(mm) 180 x 3.0 x 22 G\u00f6bek D\u00fcz Kutu \u0130\u00e7i Adedi 5<\/p>\n","protected":false},"featured_media":13288,"comment_status":"open","ping_status":"closed","template":"","meta":{"_acf_changed":false},"product_brand":[1518],"product_cat":[1155],"product_tag":[],"class_list":{"0":"post-23380","1":"product","2":"type-product","3":"status-publish","4":"has-post-thumbnail","6":"product_brand-nikon","7":"product_cat-180mm-kesme-taslari","9":"first","10":"instock","11":"taxable","12":"shipping-taxable","13":"purchasable","14":"product-type-simple","15":"add-to-wishlist-after_add_to_cart"},"acf":[],"_links":{"self":[{"href":"https:\/\/www.makitamarket.com.tr\/site\/wp-json\/wp\/v2\/product\/23380","targetHints":{"allow":["GET"]}}],"collection":[{"href":"https:\/\/www.makitamarket.com.tr\/site\/wp-json\/wp\/v2\/product"}],"about":[{"href":"https:\/\/www.makitamarket.com.tr\/site\/wp-json\/wp\/v2\/types\/product"}],"replies":[{"embeddable":true,"href":"https:\/\/www.makitamarket.com.tr\/site\/wp-json\/wp\/v2\/comments?post=23380"}],"wp:featuredmedia":[{"embeddable":true,"href":"https:\/\/www.makitamarket.com.tr\/site\/wp-json\/wp\/v2\/media\/13288"}],"wp:attachment":[{"href":"https:\/\/www.makitamarket.com.tr\/site\/wp-json\/wp\/v2\/media?parent=23380"}],"wp:term":[{"taxonomy":"product_brand","embeddable":true,"href":"https:\/\/www.makitamarket.com.tr\/site\/wp-json\/wp\/v2\/product_brand?post=23380"},{"taxonomy":"product_cat","embeddable":true,"href":"https:\/\/www.makitamarket.com.tr\/site\/wp-json\/wp\/v2\/product_cat?post=23380"},{"taxonomy":"product_tag","embeddable":true,"href":"https:\/\/www.makitamarket.com.tr\/site\/wp-json\/wp\/v2\/product_tag?post=23380"}],"curies":[{"name":"wp","href":"https:\/\/api.w.org\/{rel}","templated":true}]}}