{"id":23386,"date":"2025-01-06T16:40:50","date_gmt":"2025-01-06T13:40:50","guid":{"rendered":"https:\/\/www.makitamarket.com.tr\/site\/urun\/gison-gpgas330-havali-firca-seti\/"},"modified":"2026-04-06T14:27:34","modified_gmt":"2026-04-06T11:27:34","slug":"gison-gpgas330-havali-firca-seti","status":"publish","type":"product","link":"https:\/\/www.makitamarket.com.tr\/site\/urun\/gison-gpgas330-havali-firca-seti\/","title":{"rendered":"Gison GPGAS330 HAVALI FIR\u00c7A SET\u0130"},"content":{"rendered":"<table>\n<tr>\n<td>G\u00f6vde Uzunlu\u011fu<\/td>\n<td>145 mm.<\/td>\n<\/tr>\n<tr>\n<td>P\u00fcsk\u00fcrtme A\u011f\u0131z\u0131<\/td>\n<td>0.3 mm.<\/td>\n<\/tr>\n<tr>\n<td>Metal Boya Kab\u0131<\/td>\n<td>1 x 7 cc.<\/td>\n<\/tr>\n<tr>\n<td>Kontrol<\/td>\n<td>Basmal\u0131 Buton<\/td>\n<\/tr>\n<tr>\n<td>Hortum Adapt\u00f6r\u00fc<\/td>\n<td>1 x1\/8&#8243;<\/td>\n<\/tr>\n<tr>\n<td>S\u0131k\u0131\u015ft\u0131rma Anahtar\u0131<\/td>\n<td>1 ad.<\/td>\n<\/tr>\n<\/table>\n","protected":false},"excerpt":{"rendered":"<p>G\u00f6vde Uzunlu\u011fu 145 mm. P\u00fcsk\u00fcrtme A\u011f\u0131z\u0131 0.3 mm. Metal Boya Kab\u0131 1 x 7 cc. Kontrol Basmal\u0131 Buton Hortum Adapt\u00f6r\u00fc 1 x1\/8&#8243; S\u0131k\u0131\u015ft\u0131rma Anahtar\u0131 1 ad.<\/p>\n","protected":false},"featured_media":13357,"comment_status":"open","ping_status":"closed","template":"","meta":{"_acf_changed":false},"product_brand":[1512],"product_cat":[1007],"product_tag":[],"class_list":{"0":"post-23386","1":"product","2":"type-product","3":"status-publish","4":"has-post-thumbnail","6":"product_brand-gison","7":"product_cat-havali-firca-setleri-ve-firca-kompresorleri","9":"first","10":"instock","11":"taxable","12":"shipping-taxable","13":"purchasable","14":"product-type-simple","15":"add-to-wishlist-after_add_to_cart"},"acf":[],"_links":{"self":[{"href":"https:\/\/www.makitamarket.com.tr\/site\/wp-json\/wp\/v2\/product\/23386","targetHints":{"allow":["GET"]}}],"collection":[{"href":"https:\/\/www.makitamarket.com.tr\/site\/wp-json\/wp\/v2\/product"}],"about":[{"href":"https:\/\/www.makitamarket.com.tr\/site\/wp-json\/wp\/v2\/types\/product"}],"replies":[{"embeddable":true,"href":"https:\/\/www.makitamarket.com.tr\/site\/wp-json\/wp\/v2\/comments?post=23386"}],"wp:featuredmedia":[{"embeddable":true,"href":"https:\/\/www.makitamarket.com.tr\/site\/wp-json\/wp\/v2\/media\/13357"}],"wp:attachment":[{"href":"https:\/\/www.makitamarket.com.tr\/site\/wp-json\/wp\/v2\/media?parent=23386"}],"wp:term":[{"taxonomy":"product_brand","embeddable":true,"href":"https:\/\/www.makitamarket.com.tr\/site\/wp-json\/wp\/v2\/product_brand?post=23386"},{"taxonomy":"product_cat","embeddable":true,"href":"https:\/\/www.makitamarket.com.tr\/site\/wp-json\/wp\/v2\/product_cat?post=23386"},{"taxonomy":"product_tag","embeddable":true,"href":"https:\/\/www.makitamarket.com.tr\/site\/wp-json\/wp\/v2\/product_tag?post=23386"}],"curies":[{"name":"wp","href":"https:\/\/api.w.org\/{rel}","templated":true}]}}