{"id":23391,"date":"2025-01-06T16:40:53","date_gmt":"2025-01-06T13:40:53","guid":{"rendered":"https:\/\/www.makitamarket.com.tr\/site\/urun\/knipex-981506-alti-kose-izoleli-allen-anahtar-250-mm\/"},"modified":"2026-04-13T20:38:43","modified_gmt":"2026-04-13T17:38:43","slug":"knipex-981506-alti-kose-izoleli-allen-anahtar-250-mm","status":"publish","type":"product","link":"https:\/\/www.makitamarket.com.tr\/site\/urun\/knipex-981506-alti-kose-izoleli-allen-anahtar-250-mm\/","title":{"rendered":"Knipex 981506 ALTI K\u00d6\u015eE \u0130ZOLEL\u0130 ALLEN ANAHTAR 250 mm"},"content":{"rendered":"<p><b>98 15 06 Tornavida (alyen civatalar\u0131 i\u00e7in)<\/b><\/p>\n<li><b>T sap uzunlu\u011fu: <\/b>90,0 mm<\/li>\n<li><b>Anahtar \u00f6l\u00e7\u00fcs\u00fc S: <\/b>6,0 mm<\/li>\n<li><b>\u0130zolesiz kesici uzunlu\u011fu \u00b1 2: <\/b>10,0 mm<\/li>\n<table>\n<tr>\n<td>Uzunluk<\/td>\n<td>250<\/td>\n<\/tr>\n<tr>\n<td>Anahtar \u00d6l\u00e7\u00fcs\u00fc<\/td>\n<td>6 mm<\/td>\n<\/tr>\n<tr>\n<td>\u0130zolesiz U\u00e7 Uzunlu\u011fu<\/td>\n<td>10 mm<\/td>\n<\/tr>\n<tr>\n<td>T Sap Uzunlu\u011fu<\/td>\n<td>90 mm<\/td>\n<\/tr>\n<tr>\n<td>A\u011f\u0131rl\u0131k<\/td>\n<td>452 gr<\/td>\n<\/tr>\n<\/table>\n","protected":false},"excerpt":{"rendered":"<p><b>98 15 06 Tornavida (alyen civatalar\u0131 i\u00e7in)<\/b><\/p>\n<li><b>T sap uzunlu\u011fu: <\/b>90,0 mm<\/li>\n<li><b>Anahtar \u00f6l\u00e7\u00fcs\u00fc S: <\/b>6,0 mm<\/li>\n<li><b>\u0130zolesiz kesici uzunlu\u011fu \u00b1 2: <\/b>10,0 mm<\/li>\n","protected":false},"featured_media":13392,"comment_status":"open","ping_status":"closed","template":"","meta":{"_acf_changed":false},"product_brand":[1486],"product_cat":[1233],"product_tag":[],"class_list":{"0":"post-23391","1":"product","2":"type-product","3":"status-publish","4":"has-post-thumbnail","6":"product_brand-knipex","7":"product_cat-izoleli-anahtarlar","9":"first","10":"outofstock","11":"taxable","12":"shipping-taxable","13":"purchasable","14":"product-type-simple","15":"add-to-wishlist-after_add_to_cart"},"acf":[],"_links":{"self":[{"href":"https:\/\/www.makitamarket.com.tr\/site\/wp-json\/wp\/v2\/product\/23391","targetHints":{"allow":["GET"]}}],"collection":[{"href":"https:\/\/www.makitamarket.com.tr\/site\/wp-json\/wp\/v2\/product"}],"about":[{"href":"https:\/\/www.makitamarket.com.tr\/site\/wp-json\/wp\/v2\/types\/product"}],"replies":[{"embeddable":true,"href":"https:\/\/www.makitamarket.com.tr\/site\/wp-json\/wp\/v2\/comments?post=23391"}],"wp:featuredmedia":[{"embeddable":true,"href":"https:\/\/www.makitamarket.com.tr\/site\/wp-json\/wp\/v2\/media\/13392"}],"wp:attachment":[{"href":"https:\/\/www.makitamarket.com.tr\/site\/wp-json\/wp\/v2\/media?parent=23391"}],"wp:term":[{"taxonomy":"product_brand","embeddable":true,"href":"https:\/\/www.makitamarket.com.tr\/site\/wp-json\/wp\/v2\/product_brand?post=23391"},{"taxonomy":"product_cat","embeddable":true,"href":"https:\/\/www.makitamarket.com.tr\/site\/wp-json\/wp\/v2\/product_cat?post=23391"},{"taxonomy":"product_tag","embeddable":true,"href":"https:\/\/www.makitamarket.com.tr\/site\/wp-json\/wp\/v2\/product_tag?post=23391"}],"curies":[{"name":"wp","href":"https:\/\/api.w.org\/{rel}","templated":true}]}}