{"id":23395,"date":"2025-01-06T16:40:56","date_gmt":"2025-01-06T13:40:56","guid":{"rendered":"https:\/\/www.makitamarket.com.tr\/site\/urun\/nikon-n33209-fiber-disk-115-mm-50-kum\/"},"modified":"2026-03-30T08:36:22","modified_gmt":"2026-03-30T05:36:22","slug":"nikon-n33209-fiber-disk-115-mm-50-kum","status":"publish","type":"product","link":"https:\/\/www.makitamarket.com.tr\/site\/urun\/nikon-n33209-fiber-disk-115-mm-50-kum\/","title":{"rendered":"Nikon N33209 F\u0130BER D\u0130SK 115 mm 50 KUM"},"content":{"rendered":"<p>\n\t<strong>Silisyum Karb\u00fcr\u00a0<\/strong>a\u015f\u0131nd\u0131r\u0131c\u0131 uygulamas\u0131na tabidir. Mermer, Ta\u015f, Cam, Demir D\u0131\u015f\u0131 Metal ve Sert Ah\u015fap malzemelerinin z\u0131mparalanmas\u0131nda kullan\u0131l\u0131r<\/p>\n<table>\n<tr>\n<td>\u00c7ap (mm)<\/td>\n<td>115<\/td>\n<\/tr>\n<tr>\n<td>Kum<\/td>\n<td>50<\/td>\n<\/tr>\n<tr>\n<td>Kutu \u0130\u00e7i Adedi<\/td>\n<td>100<\/td>\n<\/tr>\n<\/table>\n","protected":false},"excerpt":{"rendered":"<p>\n\t<strong>Silisyum Karb\u00fcr\u00a0<\/strong>a\u015f\u0131nd\u0131r\u0131c\u0131 uygulamas\u0131na tabidir. Mermer, Ta\u015f, Cam, Demir D\u0131\u015f\u0131 Metal ve Sert Ah\u015fap malzemelerinin z\u0131mparalanmas\u0131nda kullan\u0131l\u0131r<\/p>\n","protected":false},"featured_media":13422,"comment_status":"open","ping_status":"closed","template":"","meta":{"_acf_changed":false},"product_brand":[1518],"product_cat":[1216],"product_tag":[],"class_list":{"0":"post-23395","1":"product","2":"type-product","3":"status-publish","4":"has-post-thumbnail","6":"product_brand-nikon","7":"product_cat-fiber-diskler","9":"first","10":"instock","11":"taxable","12":"shipping-taxable","13":"purchasable","14":"product-type-simple","15":"add-to-wishlist-after_add_to_cart"},"acf":[],"_links":{"self":[{"href":"https:\/\/www.makitamarket.com.tr\/site\/wp-json\/wp\/v2\/product\/23395","targetHints":{"allow":["GET"]}}],"collection":[{"href":"https:\/\/www.makitamarket.com.tr\/site\/wp-json\/wp\/v2\/product"}],"about":[{"href":"https:\/\/www.makitamarket.com.tr\/site\/wp-json\/wp\/v2\/types\/product"}],"replies":[{"embeddable":true,"href":"https:\/\/www.makitamarket.com.tr\/site\/wp-json\/wp\/v2\/comments?post=23395"}],"wp:featuredmedia":[{"embeddable":true,"href":"https:\/\/www.makitamarket.com.tr\/site\/wp-json\/wp\/v2\/media\/13422"}],"wp:attachment":[{"href":"https:\/\/www.makitamarket.com.tr\/site\/wp-json\/wp\/v2\/media?parent=23395"}],"wp:term":[{"taxonomy":"product_brand","embeddable":true,"href":"https:\/\/www.makitamarket.com.tr\/site\/wp-json\/wp\/v2\/product_brand?post=23395"},{"taxonomy":"product_cat","embeddable":true,"href":"https:\/\/www.makitamarket.com.tr\/site\/wp-json\/wp\/v2\/product_cat?post=23395"},{"taxonomy":"product_tag","embeddable":true,"href":"https:\/\/www.makitamarket.com.tr\/site\/wp-json\/wp\/v2\/product_tag?post=23395"}],"curies":[{"name":"wp","href":"https:\/\/api.w.org\/{rel}","templated":true}]}}