{"id":23397,"date":"2025-01-06T16:40:58","date_gmt":"2025-01-06T13:40:58","guid":{"rendered":"https:\/\/www.makitamarket.com.tr\/site\/urun\/uni-t-ut61c-dijital-multimetre\/"},"modified":"2025-07-11T20:38:11","modified_gmt":"2025-07-11T17:38:11","slug":"uni-t-ut61c-dijital-multimetre","status":"publish","type":"product","link":"https:\/\/www.makitamarket.com.tr\/site\/urun\/uni-t-ut61c-dijital-multimetre\/","title":{"rendered":"Uni-t UT61C D\u0130J\u0130TAL MULT\u0130METRE"},"content":{"rendered":"<table>\n<tr>\n<td>DC Voltaj (V)<\/td>\n<td>60mV\/600mV\/6V\/60V\/600V\/1000V \u00b1(0.5%+1)<\/td>\n<\/tr>\n<tr>\n<td>AC Voltaj (V)<\/td>\n<td>60mV\/600mV\/6V\/60V\/600V\/750V  \u00b1(1.0%+3)<\/td>\n<\/tr>\n<tr>\n<td>DC Ak\u0131m (A)<\/td>\n<td>600\u00b5A\/6000\u00b5A\/60mA\/600mA\/6A\/10A \u00b1(1.0%+3)<\/td>\n<\/tr>\n<tr>\n<td>AC Ak\u0131m (A)<\/td>\n<td>600\u00b5A\/6000\u00b5A\/60mA\/600mA\/6A\/10A \u00b1(1.2%+5)<\/td>\n<\/tr>\n<tr>\n<td>Diren\u00e7  (\u2126)<\/td>\n<td>600\u2126\/6K\u2126\/60K\u2126\/600K\u2126\/6M\u2126\/60M\u2126 \u00b1(1.0%+2)<\/td>\n<\/tr>\n<tr>\n<td>Kapasitans (F)<\/td>\n<td>40nF\/400nF\/4\u00b5F\/40\u00b5F\/400\u00b5F\/4000\u00b5F \u00b1(3.0%+5)<\/td>\n<\/tr>\n<tr>\n<td>Frekans (Hz)<\/td>\n<td>10Hz-10MHz     \u00b1(0.1%+4)<\/td>\n<\/tr>\n<tr>\n<td>S\u0131cakl\u0131k<\/td>\n<td>-40\u00b0C~1000\u00b0C \u00b1(1.2%+3)<\/td>\n<\/tr>\n<tr>\n<td>Otomatik Menzil<\/td>\n<td>\u221a<\/td>\n<\/tr>\n<tr>\n<td>Diyot<\/td>\n<td>\u221a<\/td>\n<\/tr>\n<tr>\n<td>Duty Cycle<\/td>\n<td>0.1%~99.9%<\/td>\n<\/tr>\n<tr>\n<td>S\u00fcreklilik uyar\u0131s\u0131<\/td>\n<td>\u221a<\/td>\n<\/tr>\n<tr>\n<td>Veri tutma<\/td>\n<td>\u221a<\/td>\n<\/tr>\n<tr>\n<td>Ba\u011f\u0131l mod<\/td>\n<td>\u221a<\/td>\n<\/tr>\n<tr>\n<td>Ambalaj \u0130\u00e7eri\u011fi<\/td>\n<td>Batarya, Test probu, \u00c7ok ama\u00e7l\u0131 Soket, RS-232 aray\u00fcz kablosu, PC yaz\u0131l\u0131m CD&#8217;si, S\u0131cakl\u0131k probu<\/td>\n<\/tr>\n<tr>\n<td>Maks. \/ Min<\/td>\n<td>\u221a<\/td>\n<\/tr>\n<tr>\n<td>Giri\u015f Korumas\u0131<\/td>\n<td>\u221a<\/td>\n<\/tr>\n<tr>\n<td>DCV i\u00e7in giri\u015f empedans\u0131<\/td>\n<td>Yakla\u015f\u0131k 10M\u2126<\/td>\n<\/tr>\n<tr>\n<td>Batarya<\/td>\n<td>9Vx1, 6F22<\/td>\n<\/tr>\n<tr>\n<td>A\u011f\u0131rl\u0131k<\/td>\n<td>370 g<\/td>\n<\/tr>\n<\/table>\n","protected":false},"excerpt":{"rendered":"<p>DC Voltaj (V) 60mV\/600mV\/6V\/60V\/600V\/1000V \u00b1(0.5%+1) AC Voltaj (V) 60mV\/600mV\/6V\/60V\/600V\/750V \u00b1(1.0%+3) DC Ak\u0131m (A) 600\u00b5A\/6000\u00b5A\/60mA\/600mA\/6A\/10A \u00b1(1.0%+3) AC Ak\u0131m (A) 600\u00b5A\/6000\u00b5A\/60mA\/600mA\/6A\/10A \u00b1(1.2%+5) Diren\u00e7 (\u2126) 600\u2126\/6K\u2126\/60K\u2126\/600K\u2126\/6M\u2126\/60M\u2126 \u00b1(1.0%+2) Kapasitans (F) 40nF\/400nF\/4\u00b5F\/40\u00b5F\/400\u00b5F\/4000\u00b5F \u00b1(3.0%+5) Frekans (Hz)<\/p>\n","protected":false},"featured_media":13445,"comment_status":"open","ping_status":"closed","template":"","meta":{"_acf_changed":false},"product_brand":[],"product_cat":[1080],"product_tag":[],"class_list":{"0":"post-23397","1":"product","2":"type-product","3":"status-publish","4":"has-post-thumbnail","6":"product_cat-dijital-multimetreler","8":"first","9":"outofstock","10":"taxable","11":"shipping-taxable","12":"purchasable","13":"product-type-simple","14":"add-to-wishlist-after_add_to_cart"},"acf":[],"_links":{"self":[{"href":"https:\/\/www.makitamarket.com.tr\/site\/wp-json\/wp\/v2\/product\/23397","targetHints":{"allow":["GET"]}}],"collection":[{"href":"https:\/\/www.makitamarket.com.tr\/site\/wp-json\/wp\/v2\/product"}],"about":[{"href":"https:\/\/www.makitamarket.com.tr\/site\/wp-json\/wp\/v2\/types\/product"}],"replies":[{"embeddable":true,"href":"https:\/\/www.makitamarket.com.tr\/site\/wp-json\/wp\/v2\/comments?post=23397"}],"wp:featuredmedia":[{"embeddable":true,"href":"https:\/\/www.makitamarket.com.tr\/site\/wp-json\/wp\/v2\/media\/13445"}],"wp:attachment":[{"href":"https:\/\/www.makitamarket.com.tr\/site\/wp-json\/wp\/v2\/media?parent=23397"}],"wp:term":[{"taxonomy":"product_brand","embeddable":true,"href":"https:\/\/www.makitamarket.com.tr\/site\/wp-json\/wp\/v2\/product_brand?post=23397"},{"taxonomy":"product_cat","embeddable":true,"href":"https:\/\/www.makitamarket.com.tr\/site\/wp-json\/wp\/v2\/product_cat?post=23397"},{"taxonomy":"product_tag","embeddable":true,"href":"https:\/\/www.makitamarket.com.tr\/site\/wp-json\/wp\/v2\/product_tag?post=23397"}],"curies":[{"name":"wp","href":"https:\/\/api.w.org\/{rel}","templated":true}]}}