{"id":23409,"date":"2025-01-06T16:41:05","date_gmt":"2025-01-06T13:41:05","guid":{"rendered":"https:\/\/www.makitamarket.com.tr\/site\/urun\/knipex-7502125-elektronikci-yan-keski-125-mm\/"},"modified":"2026-04-13T20:41:37","modified_gmt":"2026-04-13T17:41:37","slug":"knipex-7502125-elektronikci-yan-keski-125-mm","status":"publish","type":"product","link":"https:\/\/www.makitamarket.com.tr\/site\/urun\/knipex-7502125-elektronikci-yan-keski-125-mm\/","title":{"rendered":"Knipex 7502125 ELEKTRON\u0130K\u00c7\u0130 YAN KESK\u0130 125 mm"},"content":{"rendered":"<p><b>75 02 125 Elektronik\u00e7i yan keski<\/b><br \/>\u00c7ok ince montaj i\u015fleri i\u00e7in, \u00f6rne\u011fin elektronik ve ince mekanik i\u015fleri. Yumu\u015fak ve sert tel ve piano teli i\u00e7in keskin, kesim kenarlar\u0131. Kesicilere ek olarak ind\u00fcksiyon sertle\u015ftirme uygulanm\u0131\u015ft\u0131r, kesici sertli\u011fi yakl. 62 HRC. Kontroll\u00fc a\u00e7\u0131l\u0131p kapanma i\u00e7in yayl\u0131 model. Fasetli. <\/p>\n<li><b>Orta sert tel kesme de\u011feri (\u00e7ap): <\/b>\u00d8 1,0 mm<\/li>\n<li><b>Schneidwerte harter Draht (Durchmesser): <\/b>\u00d8 0,6 mm<\/li>\n<li><b>Piyano tel kesme de\u011feri (\u00e7ap): <\/b>\u00d8 0,4 mm<\/li>\n<li><b>Yumu\u015fak tel kesme de\u011feri (\u00e7ap): <\/b>\u00d8 0,2 \u2013 1,3 mm<\/li>\n<li><b>\u00c7ene uzunlu\u011fu (B): <\/b>14 mm<\/li>\n<li><b>\u00c7ene kal\u0131nl\u0131\u011f\u0131 (eklem) (D): <\/b>6,5 mm<\/li>\n<li><b>Kafa geni\u015fli\u011fi (A): <\/b>10,5 mm<\/li>\n<table>\n<tr>\n<td>Sap<\/td>\n<td>\u0130nce \u0130zole<\/td>\n<\/tr>\n<tr>\n<td>Uzunluk<\/td>\n<td>125<\/td>\n<\/tr>\n<tr>\n<td>Form<\/td>\n<td>Yayl\u0131 &#8211; T\u0131rt\u0131kl\u0131 b\u0131\u00e7ak<\/td>\n<\/tr>\n<tr>\n<td>Kafa<\/td>\n<td>Polisaj<\/td>\n<\/tr>\n<tr>\n<td>Yumu\u015fak Tel<\/td>\n<td>0.2-1.3 \u00f8mm<\/td>\n<\/tr>\n<tr>\n<td>Orta Sert Tel<\/td>\n<td>1.0 \u00f8mm<\/td>\n<\/tr>\n<tr>\n<td>Sert Tel<\/td>\n<td>0.6 \u00f8mm<\/td>\n<\/tr>\n<tr>\n<td>Piyano Tel<\/td>\n<td>0.4 mm\u00b2<\/td>\n<\/tr>\n<tr>\n<td>A\u011f\u0131rl\u0131k<\/td>\n<td>80 gr<\/td>\n<\/tr>\n<\/table>\n","protected":false},"excerpt":{"rendered":"<p><b>75 02 125 Elektronik\u00e7i yan keski<\/b><br \/>\u00c7ok ince montaj i\u015fleri i\u00e7in, \u00f6rne\u011fin elektronik ve ince mekanik i\u015fleri. Yumu\u015fak ve sert tel ve piano teli i\u00e7in keskin, kesim kenarlar\u0131. Kesicilere ek olarak ind\u00fcksiyon sertle\u015ftirme uygulanm\u0131\u015ft\u0131r, kesici sertli\u011fi yakl. 62 HRC. Kontroll\u00fc a\u00e7\u0131l\u0131p kapanma i\u00e7in yayl\u0131 model. Fasetli. <\/p>\n<li><b>Orta sert tel kesme de\u011feri (\u00e7ap): <\/b>\u00d8 1,0 mm<\/li>\n<li><b>Schneidwerte harter Draht (Durchmesser): <\/b>\u00d8 0,6 mm<\/li>\n<li><b>Piyano tel kesme de\u011feri (\u00e7ap): <\/b>\u00d8 0,4 mm<\/li>\n<li><b>Yumu\u015fak tel kesme de\u011feri (\u00e7ap): <\/b>\u00d8 0,2 \u2013 1,3 mm<\/li>\n<li><b>\u00c7ene uzunlu\u011fu (B): <\/b>14 mm<\/li>\n<li><b>\u00c7ene kal\u0131nl\u0131\u011f\u0131 (eklem) (D): <\/b>6,5 mm<\/li>\n<li><b>Kafa geni\u015fli\u011fi (A): <\/b>10,5 mm<\/li>\n","protected":false},"featured_media":13543,"comment_status":"open","ping_status":"closed","template":"","meta":{"_acf_changed":false},"product_brand":[1486],"product_cat":[1161],"product_tag":[],"class_list":{"0":"post-23409","1":"product","2":"type-product","3":"status-publish","4":"has-post-thumbnail","6":"product_brand-knipex","7":"product_cat-yan-keskiler","9":"first","10":"instock","11":"taxable","12":"shipping-taxable","13":"purchasable","14":"product-type-simple","15":"add-to-wishlist-after_add_to_cart"},"acf":[],"_links":{"self":[{"href":"https:\/\/www.makitamarket.com.tr\/site\/wp-json\/wp\/v2\/product\/23409","targetHints":{"allow":["GET"]}}],"collection":[{"href":"https:\/\/www.makitamarket.com.tr\/site\/wp-json\/wp\/v2\/product"}],"about":[{"href":"https:\/\/www.makitamarket.com.tr\/site\/wp-json\/wp\/v2\/types\/product"}],"replies":[{"embeddable":true,"href":"https:\/\/www.makitamarket.com.tr\/site\/wp-json\/wp\/v2\/comments?post=23409"}],"wp:featuredmedia":[{"embeddable":true,"href":"https:\/\/www.makitamarket.com.tr\/site\/wp-json\/wp\/v2\/media\/13543"}],"wp:attachment":[{"href":"https:\/\/www.makitamarket.com.tr\/site\/wp-json\/wp\/v2\/media?parent=23409"}],"wp:term":[{"taxonomy":"product_brand","embeddable":true,"href":"https:\/\/www.makitamarket.com.tr\/site\/wp-json\/wp\/v2\/product_brand?post=23409"},{"taxonomy":"product_cat","embeddable":true,"href":"https:\/\/www.makitamarket.com.tr\/site\/wp-json\/wp\/v2\/product_cat?post=23409"},{"taxonomy":"product_tag","embeddable":true,"href":"https:\/\/www.makitamarket.com.tr\/site\/wp-json\/wp\/v2\/product_tag?post=23409"}],"curies":[{"name":"wp","href":"https:\/\/api.w.org\/{rel}","templated":true}]}}