{"id":23428,"date":"2025-01-06T16:41:17","date_gmt":"2025-01-06T13:41:17","guid":{"rendered":"https:\/\/www.makitamarket.com.tr\/site\/urun\/knipex-9562160tc-celik-tel-kesme-160-mm\/"},"modified":"2026-04-06T14:40:51","modified_gmt":"2026-04-06T11:40:51","slug":"knipex-9562160tc-celik-tel-kesme-160-mm","status":"publish","type":"product","link":"https:\/\/www.makitamarket.com.tr\/site\/urun\/knipex-9562160tc-celik-tel-kesme-160-mm\/","title":{"rendered":"Knipex 9562160TC \u00c7EL\u0130K TEL KESME 160 mm"},"content":{"rendered":"<p><b>95 62 160 \u00c7elik tel makas\u0131<\/b><br \/>Lastik tellerinin, \u00d8 2 mm \u00e7apa kadar \u00e7elik halatlar\u0131n ve \u00d8 2 mm \u00e7apa kadar kablolar\u0131n hassas kesimi i\u00e7in \u00f6zel olarak optimize. Hafif tasar\u0131m ve pratik a\u00e7\u0131kl\u0131k k\u0131s\u0131tlamas\u0131 sayesinde ergonomik verim. Kompakt boy, d\u00fc\u015f\u00fck a\u011f\u0131rl\u0131k, y\u00fcksek performans. Yo\u011fun kullan\u0131m i\u00e7in: \u00f6zellikle dayan\u0131kl\u0131 ve 175 g ile son derece hafif. Ayn\u0131 uzunluktaki tel halat makaslar\u0131na k\u0131yasla azami % 30 daha az kuvvet harcan\u0131r. Y\u00fcksek sa\u011flaml\u0131k sa\u011flayan \u00e7ift yatakl\u0131, yekpare mafsal. Kesicilere ek olarak ind\u00fcksiyon sertle\u015ftirme uygulanm\u0131\u015ft\u0131r, kesici sertli\u011fi yakl. 62 HRC. A\u00e7ma yay\u0131 sayesinde konforlu \u00e7al\u0131\u015fma. B\u0131\u00e7ak kilidi ile ta\u015f\u0131ma esnas\u0131nda emniyet alt\u0131na al\u0131nm\u0131\u015ft\u0131r. \u00e7elik teller i\u00e7in \u00d8 4,00 \/ 1960 Nmm\u00b2. <\/p>\n<li><b>Bak\u0131r kablo kesim de\u011feri, \u00e7ok telli (\u00e7ap): <\/b>\u00d8 6,0 mm<\/li>\n<li><b>\u00c7elik tel kesme de\u011feri (\u00e7ap): <\/b>\u00d8 4,0 mm<\/li>\n<table>\n<tr>\n<td>Uzunluk<\/td>\n<td>160<\/td>\n<\/tr>\n<tr>\n<td>Kafa<\/td>\n<td>Polisaj<\/td>\n<\/tr>\n<tr>\n<td>Sap<\/td>\n<td>\u0130nce \u0130zole<\/td>\n<\/tr>\n<tr>\n<td>\u00c7ok \u0130letkenli Kablo<\/td>\n<td>2 mm<\/td>\n<\/tr>\n<tr>\n<td>\u00c7elik Tel<\/td>\n<td>2 \u00f8mm\u00b2<\/td>\n<\/tr>\n<tr>\n<td>A\u011f\u0131rl\u0131k<\/td>\n<td>170 gr<\/td>\n<\/tr>\n<\/table>\n","protected":false},"excerpt":{"rendered":"<p><b>95 62 160 \u00c7elik tel makas\u0131<\/b><br \/>Lastik tellerinin, \u00d8 2 mm \u00e7apa kadar \u00e7elik halatlar\u0131n ve \u00d8 2 mm \u00e7apa kadar kablolar\u0131n hassas kesimi i\u00e7in \u00f6zel olarak optimize. Hafif tasar\u0131m ve pratik a\u00e7\u0131kl\u0131k k\u0131s\u0131tlamas\u0131 sayesinde ergonomik verim. Kompakt boy, d\u00fc\u015f\u00fck a\u011f\u0131rl\u0131k, y\u00fcksek performans. Yo\u011fun kullan\u0131m i\u00e7in: \u00f6zellikle dayan\u0131kl\u0131 ve 175 g ile son derece hafif. Ayn\u0131 uzunluktaki tel halat makaslar\u0131na k\u0131yasla azami % 30 daha az kuvvet harcan\u0131r. Y\u00fcksek sa\u011flaml\u0131k sa\u011flayan \u00e7ift yatakl\u0131, yekpare mafsal. Kesicilere ek olarak ind\u00fcksiyon sertle\u015ftirme uygulanm\u0131\u015ft\u0131r, kesici sertli\u011fi yakl. 62 HRC. A\u00e7ma yay\u0131 sayesinde konforlu \u00e7al\u0131\u015fma. B\u0131\u00e7ak kilidi ile ta\u015f\u0131ma esnas\u0131nda emniyet alt\u0131na al\u0131nm\u0131\u015ft\u0131r. \u00e7elik teller i\u00e7in \u00d8 4,00 \/ 1960 Nmm\u00b2. <\/p>\n<li><b>Bak\u0131r kablo kesim de\u011feri, \u00e7ok telli (\u00e7ap): <\/b>\u00d8 6,0 mm<\/li>\n<li><b>\u00c7elik tel kesme de\u011feri (\u00e7ap): <\/b>\u00d8 4,0 mm<\/li>\n","protected":false},"featured_media":13675,"comment_status":"open","ping_status":"closed","template":"","meta":{"_acf_changed":false},"product_brand":[1486],"product_cat":[884],"product_tag":[],"class_list":{"0":"post-23428","1":"product","2":"type-product","3":"status-publish","4":"has-post-thumbnail","6":"product_brand-knipex","7":"product_cat-celik-tel-ve-halat-kesme-makaslari","9":"first","10":"instock","11":"taxable","12":"shipping-taxable","13":"purchasable","14":"product-type-simple","15":"add-to-wishlist-after_add_to_cart"},"acf":[],"_links":{"self":[{"href":"https:\/\/www.makitamarket.com.tr\/site\/wp-json\/wp\/v2\/product\/23428","targetHints":{"allow":["GET"]}}],"collection":[{"href":"https:\/\/www.makitamarket.com.tr\/site\/wp-json\/wp\/v2\/product"}],"about":[{"href":"https:\/\/www.makitamarket.com.tr\/site\/wp-json\/wp\/v2\/types\/product"}],"replies":[{"embeddable":true,"href":"https:\/\/www.makitamarket.com.tr\/site\/wp-json\/wp\/v2\/comments?post=23428"}],"wp:featuredmedia":[{"embeddable":true,"href":"https:\/\/www.makitamarket.com.tr\/site\/wp-json\/wp\/v2\/media\/13675"}],"wp:attachment":[{"href":"https:\/\/www.makitamarket.com.tr\/site\/wp-json\/wp\/v2\/media?parent=23428"}],"wp:term":[{"taxonomy":"product_brand","embeddable":true,"href":"https:\/\/www.makitamarket.com.tr\/site\/wp-json\/wp\/v2\/product_brand?post=23428"},{"taxonomy":"product_cat","embeddable":true,"href":"https:\/\/www.makitamarket.com.tr\/site\/wp-json\/wp\/v2\/product_cat?post=23428"},{"taxonomy":"product_tag","embeddable":true,"href":"https:\/\/www.makitamarket.com.tr\/site\/wp-json\/wp\/v2\/product_tag?post=23428"}],"curies":[{"name":"wp","href":"https:\/\/api.w.org\/{rel}","templated":true}]}}