{"id":23433,"date":"2025-01-06T16:41:20","date_gmt":"2025-01-06T13:41:20","guid":{"rendered":"https:\/\/www.makitamarket.com.tr\/site\/urun\/knipex-4214280-kaynakci-pensesi-280-mm\/"},"modified":"2026-03-30T08:41:25","modified_gmt":"2026-03-30T05:41:25","slug":"knipex-4214280-kaynakci-pensesi-280-mm","status":"publish","type":"product","link":"https:\/\/www.makitamarket.com.tr\/site\/urun\/knipex-4214280-kaynakci-pensesi-280-mm\/","title":{"rendered":"Knipex 4214280 KAYNAK\u00c7I PENSES\u0130 280 mm"},"content":{"rendered":"<p><b>42 14 280 Kaynak\u00e7\u0131 pense<\/b><br \/>Yuvarlak ve yass\u0131 malzemenin s\u0131k\u0131\u015ft\u0131r\u0131lmas\u0131, s\u0131k\u0131lmas\u0131 ve farkl\u0131 profillerin tutulmas\u0131 i\u00e7in. A\u011f\u0131r hizmet. Ayar vidas\u0131 ve gev\u015fetme kolu ile. Tek elle kullan\u0131m. Dirsek kollu aktar\u0131m sayesinde; y\u00fcksek kuvvet aktar\u0131m\u0131. Y\u00fcksekli\u011fi 15 mm\u2019ye kadar L k\u00f6\u015febent profiller i\u00e7in de uygundur. Kaynak i\u015fleminde yan yana duran profil veya yass\u0131 malzemeyi s\u0131kar. <\/p>\n<li><b>Germe aral\u0131\u011f\u0131 yuvarlak: <\/b>30 \u2013 65 mm<\/li>\n<li><b>Germe aral\u0131\u011f\u0131 4 k\u00f6\u015fe: <\/b>50 mm<\/li>\n<table>\n<tr>\n<td>Uzunluk<\/td>\n<td>280<\/td>\n<\/tr>\n<tr>\n<td>Kafa<\/td>\n<td>Nikel<\/td>\n<\/tr>\n<tr>\n<td>Sap<\/td>\n<td>Nikel<\/td>\n<\/tr>\n<tr>\n<td>S\u0131kma \u00d6l\u00e7\u00fcleri<\/td>\n<td>Yuvarlak : 30-65mm , Kare : 50mm<\/td>\n<\/tr>\n<tr>\n<td>A\u011f\u0131rl\u0131k<\/td>\n<td>917 gr<\/td>\n<\/tr>\n<\/table>\n","protected":false},"excerpt":{"rendered":"<p><b>42 14 280 Kaynak\u00e7\u0131 pense<\/b><br \/>Yuvarlak ve yass\u0131 malzemenin s\u0131k\u0131\u015ft\u0131r\u0131lmas\u0131, s\u0131k\u0131lmas\u0131 ve farkl\u0131 profillerin tutulmas\u0131 i\u00e7in. A\u011f\u0131r hizmet. Ayar vidas\u0131 ve gev\u015fetme kolu ile. Tek elle kullan\u0131m. Dirsek kollu aktar\u0131m sayesinde; y\u00fcksek kuvvet aktar\u0131m\u0131. Y\u00fcksekli\u011fi 15 mm\u2019ye kadar L k\u00f6\u015febent profiller i\u00e7in de uygundur. Kaynak i\u015fleminde yan yana duran profil veya yass\u0131 malzemeyi s\u0131kar. <\/p>\n<li><b>Germe aral\u0131\u011f\u0131 yuvarlak: <\/b>30 \u2013 65 mm<\/li>\n<li><b>Germe aral\u0131\u011f\u0131 4 k\u00f6\u015fe: <\/b>50 mm<\/li>\n","protected":false},"featured_media":13702,"comment_status":"open","ping_status":"closed","template":"","meta":{"_acf_changed":false},"product_brand":[1486],"product_cat":[956],"product_tag":[],"class_list":{"0":"post-23433","1":"product","2":"type-product","3":"status-publish","4":"has-post-thumbnail","6":"product_brand-knipex","7":"product_cat-ayarli-penseler","9":"first","10":"outofstock","11":"taxable","12":"shipping-taxable","13":"purchasable","14":"product-type-simple","15":"add-to-wishlist-after_add_to_cart"},"acf":[],"_links":{"self":[{"href":"https:\/\/www.makitamarket.com.tr\/site\/wp-json\/wp\/v2\/product\/23433","targetHints":{"allow":["GET"]}}],"collection":[{"href":"https:\/\/www.makitamarket.com.tr\/site\/wp-json\/wp\/v2\/product"}],"about":[{"href":"https:\/\/www.makitamarket.com.tr\/site\/wp-json\/wp\/v2\/types\/product"}],"replies":[{"embeddable":true,"href":"https:\/\/www.makitamarket.com.tr\/site\/wp-json\/wp\/v2\/comments?post=23433"}],"wp:featuredmedia":[{"embeddable":true,"href":"https:\/\/www.makitamarket.com.tr\/site\/wp-json\/wp\/v2\/media\/13702"}],"wp:attachment":[{"href":"https:\/\/www.makitamarket.com.tr\/site\/wp-json\/wp\/v2\/media?parent=23433"}],"wp:term":[{"taxonomy":"product_brand","embeddable":true,"href":"https:\/\/www.makitamarket.com.tr\/site\/wp-json\/wp\/v2\/product_brand?post=23433"},{"taxonomy":"product_cat","embeddable":true,"href":"https:\/\/www.makitamarket.com.tr\/site\/wp-json\/wp\/v2\/product_cat?post=23433"},{"taxonomy":"product_tag","embeddable":true,"href":"https:\/\/www.makitamarket.com.tr\/site\/wp-json\/wp\/v2\/product_tag?post=23433"}],"curies":[{"name":"wp","href":"https:\/\/api.w.org\/{rel}","templated":true}]}}