{"id":23437,"date":"2025-01-06T16:41:22","date_gmt":"2025-01-06T13:41:22","guid":{"rendered":"https:\/\/www.makitamarket.com.tr\/site\/urun\/bessey-besduo45-8-circir-mekanizmali-tek-el-iskence-450mm-2000n\/"},"modified":"2026-03-30T08:41:33","modified_gmt":"2026-03-30T05:41:33","slug":"bessey-besduo45-8-circir-mekanizmali-tek-el-iskence-450mm-2000n","status":"publish","type":"product","link":"https:\/\/www.makitamarket.com.tr\/site\/urun\/bessey-besduo45-8-circir-mekanizmali-tek-el-iskence-450mm-2000n\/","title":{"rendered":"Bessey BESDUO45-8 CIRCIR MEKAN\u0130ZMALI TEK EL \u0130\u015eKENCE 450mm 2000N"},"content":{"rendered":"<table>\n<tr>\n<td>Uzunluk<\/td>\n<td>450<\/td>\n<\/tr>\n<tr>\n<td>Derinlik<\/td>\n<td>85<\/td>\n<\/tr>\n<tr>\n<td>Ray Kal\u0131nl\u0131\u011f\u0131<\/td>\n<td>20&#215;5<\/td>\n<\/tr>\n<tr>\n<td>A\u011f\u0131rl\u0131k<\/td>\n<td>0.83<\/td>\n<\/tr>\n<tr>\n<td>A\u011f\u0131z Geni\u015fli\u011fi<\/td>\n<td>75-535 \/ 9-470<\/td>\n<\/tr>\n<tr>\n<td>Max. S\u0131kma Kuvveti<\/td>\n<td>2.000N<\/td>\n<\/tr>\n<\/table>\n","protected":false},"excerpt":{"rendered":"<p>Uzunluk 450 Derinlik 85 Ray Kal\u0131nl\u0131\u011f\u0131 20&#215;5 A\u011f\u0131rl\u0131k 0.83 A\u011f\u0131z Geni\u015fli\u011fi 75-535 \/ 9-470 Max. S\u0131kma Kuvveti 2.000N<\/p>\n","protected":false},"featured_media":13732,"comment_status":"open","ping_status":"closed","template":"","meta":{"_acf_changed":false},"product_brand":[1534],"product_cat":[1247],"product_tag":[],"class_list":{"0":"post-23437","1":"product","2":"type-product","3":"status-publish","4":"has-post-thumbnail","6":"product_brand-bessey","7":"product_cat-tek-el-iskenceler","9":"first","10":"instock","11":"taxable","12":"shipping-taxable","13":"purchasable","14":"product-type-simple","15":"add-to-wishlist-after_add_to_cart"},"acf":[],"_links":{"self":[{"href":"https:\/\/www.makitamarket.com.tr\/site\/wp-json\/wp\/v2\/product\/23437","targetHints":{"allow":["GET"]}}],"collection":[{"href":"https:\/\/www.makitamarket.com.tr\/site\/wp-json\/wp\/v2\/product"}],"about":[{"href":"https:\/\/www.makitamarket.com.tr\/site\/wp-json\/wp\/v2\/types\/product"}],"replies":[{"embeddable":true,"href":"https:\/\/www.makitamarket.com.tr\/site\/wp-json\/wp\/v2\/comments?post=23437"}],"wp:featuredmedia":[{"embeddable":true,"href":"https:\/\/www.makitamarket.com.tr\/site\/wp-json\/wp\/v2\/media\/13732"}],"wp:attachment":[{"href":"https:\/\/www.makitamarket.com.tr\/site\/wp-json\/wp\/v2\/media?parent=23437"}],"wp:term":[{"taxonomy":"product_brand","embeddable":true,"href":"https:\/\/www.makitamarket.com.tr\/site\/wp-json\/wp\/v2\/product_brand?post=23437"},{"taxonomy":"product_cat","embeddable":true,"href":"https:\/\/www.makitamarket.com.tr\/site\/wp-json\/wp\/v2\/product_cat?post=23437"},{"taxonomy":"product_tag","embeddable":true,"href":"https:\/\/www.makitamarket.com.tr\/site\/wp-json\/wp\/v2\/product_tag?post=23437"}],"curies":[{"name":"wp","href":"https:\/\/api.w.org\/{rel}","templated":true}]}}