{"id":23438,"date":"2025-01-06T16:41:22","date_gmt":"2025-01-06T13:41:22","guid":{"rendered":"https:\/\/www.makitamarket.com.tr\/site\/urun\/yale-311-45-emniyet-kilidi\/"},"modified":"2025-11-16T07:23:50","modified_gmt":"2025-11-16T04:23:50","slug":"yale-311-45-emniyet-kilidi","status":"publish","type":"product","link":"https:\/\/www.makitamarket.com.tr\/site\/urun\/yale-311-45-emniyet-kilidi\/","title":{"rendered":"Yale 311.45 EMN\u0130YET K\u0130L\u0130D\u0130"},"content":{"rendered":"<table>\n<tr>\n<td>\u00d6zellik<\/td>\n<td>45mm, \u0130ki Turlu<\/td>\n<\/tr>\n<\/table>\n","protected":false},"excerpt":{"rendered":"<p>\u00d6zellik 45mm, \u0130ki Turlu<\/p>\n","protected":false},"featured_media":13745,"comment_status":"open","ping_status":"closed","template":"","meta":{"_acf_changed":false},"product_brand":[1554],"product_cat":[1269],"product_tag":[],"class_list":{"0":"post-23438","1":"product","2":"type-product","3":"status-publish","4":"has-post-thumbnail","6":"product_brand-yale","7":"product_cat-kilitler","9":"first","10":"outofstock","11":"taxable","12":"shipping-taxable","13":"purchasable","14":"product-type-simple","15":"add-to-wishlist-after_add_to_cart"},"acf":[],"_links":{"self":[{"href":"https:\/\/www.makitamarket.com.tr\/site\/wp-json\/wp\/v2\/product\/23438","targetHints":{"allow":["GET"]}}],"collection":[{"href":"https:\/\/www.makitamarket.com.tr\/site\/wp-json\/wp\/v2\/product"}],"about":[{"href":"https:\/\/www.makitamarket.com.tr\/site\/wp-json\/wp\/v2\/types\/product"}],"replies":[{"embeddable":true,"href":"https:\/\/www.makitamarket.com.tr\/site\/wp-json\/wp\/v2\/comments?post=23438"}],"wp:featuredmedia":[{"embeddable":true,"href":"https:\/\/www.makitamarket.com.tr\/site\/wp-json\/wp\/v2\/media\/13745"}],"wp:attachment":[{"href":"https:\/\/www.makitamarket.com.tr\/site\/wp-json\/wp\/v2\/media?parent=23438"}],"wp:term":[{"taxonomy":"product_brand","embeddable":true,"href":"https:\/\/www.makitamarket.com.tr\/site\/wp-json\/wp\/v2\/product_brand?post=23438"},{"taxonomy":"product_cat","embeddable":true,"href":"https:\/\/www.makitamarket.com.tr\/site\/wp-json\/wp\/v2\/product_cat?post=23438"},{"taxonomy":"product_tag","embeddable":true,"href":"https:\/\/www.makitamarket.com.tr\/site\/wp-json\/wp\/v2\/product_tag?post=23438"}],"curies":[{"name":"wp","href":"https:\/\/api.w.org\/{rel}","templated":true}]}}