{"id":23446,"date":"2025-01-06T16:41:31","date_gmt":"2025-01-06T13:41:31","guid":{"rendered":"https:\/\/www.makitamarket.com.tr\/site\/urun\/knipex-2506160t-asma-halkali-pense-160-mm\/"},"modified":"2026-04-06T14:45:09","modified_gmt":"2026-04-06T11:45:09","slug":"knipex-2506160t-asma-halkali-pense-160-mm","status":"publish","type":"product","link":"https:\/\/www.makitamarket.com.tr\/site\/urun\/knipex-2506160t-asma-halkali-pense-160-mm\/","title":{"rendered":"Knipex 2506160T ASMA HALKALI PENSE 160 mm"},"content":{"rendered":"<p><b>25 06 160 Kargaburun<\/b><br \/>Yass\u0131 yuvarlak, uzun, ucu sivrile\u015fen \u00e7eneler. Hassas mekanik i\u015fleri i\u00e7in ideal. A\u011f\u0131z y\u00fczeyleri di\u015fli. Yumu\u015fak, sert ve orta sertlikte tel i\u00e7in kesiciler. Kesicilere ek olarak ind\u00fcksiyon sertle\u015ftirme uygulamas\u0131 yap\u0131lm\u0131\u015ft\u0131r, kesici sertli\u011fi yakl. 61 HRC. <\/p>\n<li><b>Orta sert tel kesme de\u011feri (\u00e7ap): <\/b>\u00d8 2,5 mm<\/li>\n<li><b>Schneidwerte harter Draht (Durchmesser): <\/b>\u00d8 1,6 mm<\/li>\n<li><b>\u00c7ene kal\u0131nl\u0131\u011f\u0131 (eklem) (T1): <\/b>9,0 mm<\/li>\n<li><b>U\u00e7lar geni\u015flik (W4): <\/b>3,0 mm<\/li>\n<li><b>Tip Thickness (T2): <\/b>2,5 mm<\/li>\n<li><b>\u00c7ene uzunlu\u011fu (L3): <\/b>50,0 mm<\/li>\n<li><b>Kafa geni\u015fli\u011fi (W3): <\/b>16,5 mm<\/li>\n<li><b>VDE onayl\u0131: <\/b>evet \u00a0<\/li>\n<table>\n<tr>\n<td>Uzunluk<\/td>\n<td>160<\/td>\n<\/tr>\n<tr>\n<td>Kafa<\/td>\n<td>Krom<\/td>\n<\/tr>\n<tr>\n<td>Sap<\/td>\n<td>Sos ve \u0130zole VDE<\/td>\n<\/tr>\n<tr>\n<td>Yumu\u015fak Tel<\/td>\n<td>&#8211;<\/td>\n<\/tr>\n<tr>\n<td>Orta Sert Tel<\/td>\n<td>2,50 \u00f8mm<\/td>\n<\/tr>\n<tr>\n<td>Sert Tel<\/td>\n<td>1,60 \u00f8mm<\/td>\n<\/tr>\n<tr>\n<td>A\u011f\u0131rl\u0131k<\/td>\n<td>271 gr<\/td>\n<\/tr>\n<\/table>\n","protected":false},"excerpt":{"rendered":"<p><b>25 06 160 Kargaburun<\/b><br \/>Yass\u0131 yuvarlak, uzun, ucu sivrile\u015fen \u00e7eneler. Hassas mekanik i\u015fleri i\u00e7in ideal. A\u011f\u0131z y\u00fczeyleri di\u015fli. Yumu\u015fak, sert ve orta sertlikte tel i\u00e7in kesiciler. Kesicilere ek olarak ind\u00fcksiyon sertle\u015ftirme uygulamas\u0131 yap\u0131lm\u0131\u015ft\u0131r, kesici sertli\u011fi yakl. 61 HRC. <\/p>\n<li><b>Orta sert tel kesme de\u011feri (\u00e7ap): <\/b>\u00d8 2,5 mm<\/li>\n<li><b>Schneidwerte harter Draht (Durchmesser): <\/b>\u00d8 1,6 mm<\/li>\n<li><b>\u00c7ene kal\u0131nl\u0131\u011f\u0131 (eklem) (T1): <\/b>9,0 mm<\/li>\n<li><b>U\u00e7lar geni\u015flik (W4): <\/b>3,0 mm<\/li>\n<li><b>Tip Thickness (T2): <\/b>2,5 mm<\/li>\n<li><b>\u00c7ene uzunlu\u011fu (L3): <\/b>50,0 mm<\/li>\n<li><b>Kafa geni\u015fli\u011fi (W3): <\/b>16,5 mm<\/li>\n<li><b>VDE onayl\u0131: <\/b>evet \u00a0<\/li>\n","protected":false},"featured_media":13872,"comment_status":"open","ping_status":"closed","template":"","meta":{"_acf_changed":false},"product_brand":[1486],"product_cat":[795],"product_tag":[],"class_list":{"0":"post-23446","1":"product","2":"type-product","3":"status-publish","4":"has-post-thumbnail","6":"product_brand-knipex","7":"product_cat-kargaburunlar","9":"first","10":"outofstock","11":"taxable","12":"shipping-taxable","13":"purchasable","14":"product-type-simple","15":"add-to-wishlist-after_add_to_cart"},"acf":[],"_links":{"self":[{"href":"https:\/\/www.makitamarket.com.tr\/site\/wp-json\/wp\/v2\/product\/23446","targetHints":{"allow":["GET"]}}],"collection":[{"href":"https:\/\/www.makitamarket.com.tr\/site\/wp-json\/wp\/v2\/product"}],"about":[{"href":"https:\/\/www.makitamarket.com.tr\/site\/wp-json\/wp\/v2\/types\/product"}],"replies":[{"embeddable":true,"href":"https:\/\/www.makitamarket.com.tr\/site\/wp-json\/wp\/v2\/comments?post=23446"}],"wp:featuredmedia":[{"embeddable":true,"href":"https:\/\/www.makitamarket.com.tr\/site\/wp-json\/wp\/v2\/media\/13872"}],"wp:attachment":[{"href":"https:\/\/www.makitamarket.com.tr\/site\/wp-json\/wp\/v2\/media?parent=23446"}],"wp:term":[{"taxonomy":"product_brand","embeddable":true,"href":"https:\/\/www.makitamarket.com.tr\/site\/wp-json\/wp\/v2\/product_brand?post=23446"},{"taxonomy":"product_cat","embeddable":true,"href":"https:\/\/www.makitamarket.com.tr\/site\/wp-json\/wp\/v2\/product_cat?post=23446"},{"taxonomy":"product_tag","embeddable":true,"href":"https:\/\/www.makitamarket.com.tr\/site\/wp-json\/wp\/v2\/product_tag?post=23446"}],"curies":[{"name":"wp","href":"https:\/\/api.w.org\/{rel}","templated":true}]}}