{"id":23450,"date":"2025-01-06T16:41:35","date_gmt":"2025-01-06T13:41:35","guid":{"rendered":"https:\/\/www.makitamarket.com.tr\/site\/urun\/knipex-7131160-mafsalli-keski-160-mm\/"},"modified":"2026-04-06T14:46:14","modified_gmt":"2026-04-06T11:46:14","slug":"knipex-7131160-mafsalli-keski-160-mm","status":"publish","type":"product","link":"https:\/\/www.makitamarket.com.tr\/site\/urun\/knipex-7131160-mafsalli-keski-160-mm\/","title":{"rendered":"Knipex 7131160 MAFSALLI KESK\u0130 160 mm"},"content":{"rendered":"<p><b>71 31 160 KNIPEX CoBolt\u00ae S<\/b><br \/>Pratik 160 mm uzunlu\u011funda \u00e7ok y\u00fcksek kesme performans\u0131. \u00c7ok iyi eri\u015fim i\u00e7in k\u00fc\u00e7\u00fck, zarif kafa. Kompakt ve y\u00fcksek performansl\u0131: Saplama, \u00e7ivi, per\u00e7in vb. malzemelerini keser, azami \u00d8 4,4 mm. \u0130nce, sert teller, civatalar ve yaylar i\u00e7in y\u00fcksek derecede y\u00fcklenilebilir, ind\u00fcktif sertle\u015ftirmeli kesici, kesici sertli\u011fi yakla\u015f\u0131k 64 HRC. Verimli aktar\u0131m oran\u0131 mekanizmas\u0131 sayesinde daha az kuvvet sarfiyat\u0131. Lazer uygulamal\u0131 kesiciler sayesinde kesilecek malzeme kaymaz. \u00d8 1,0 mm&#8217;den ba\u015flayan \u00e7aptaki telleri kavramak ve \u00e7ekmek i\u00e7in mafsal alt\u0131nda di\u015fli kavrama y\u00fczeyi bulunur. Tak\u0131m\u0131n merkez noktas\u0131 yak\u0131n\u0131nda daha iyi kol kald\u0131ra\u00e7 efekti sa\u011flanarak, b\u00fcy\u00fck kesitli i\u015f par\u00e7alar\u0131n\u0131 daha kolay kesmek m\u00fcmk\u00fcn olur. <\/p>\n<li><b>Yumu\u015fak tel kesme de\u011feri (\u00e7ap): <\/b>\u00d8 5,3 mm<\/li>\n<li><b>Orta sert tel kesme de\u011feri (\u00e7ap): <\/b>\u00d8 4,8 mm<\/li>\n<li><b>Schneidwerte harter Draht (Durchmesser): <\/b>\u00d8 3,6 mm<\/li>\n<li><b>Piyano tel kesme de\u011feri (\u00e7ap): <\/b>\u00d8 3,3 mm<\/li>\n<table>\n<tr>\n<td>Uzunluk<\/td>\n<td>160<\/td>\n<\/tr>\n<tr>\n<td>Form<\/td>\n<td>Orta kesici<\/td>\n<\/tr>\n<tr>\n<td>Sap<\/td>\n<td>\u0130nce \u0130zole<\/td>\n<\/tr>\n<tr>\n<td>Yumu\u015fak Tel<\/td>\n<td>5.3 \u00f8mm<\/td>\n<\/tr>\n<tr>\n<td>Orta Sert Tel<\/td>\n<td>4.8 \u00f8mm<\/td>\n<\/tr>\n<tr>\n<td>Sert Tel<\/td>\n<td>3.6 \u00f8mm<\/td>\n<\/tr>\n<tr>\n<td>Piyano Tel<\/td>\n<td>3.3 \u00f8mm<\/td>\n<\/tr>\n<tr>\n<td>A\u011f\u0131rl\u0131k<\/td>\n<td>215 gr<\/td>\n<\/tr>\n<\/table>\n","protected":false},"excerpt":{"rendered":"<p><b>71 31 160 KNIPEX CoBolt\u00ae S<\/b><br \/>Pratik 160 mm uzunlu\u011funda \u00e7ok y\u00fcksek kesme performans\u0131. \u00c7ok iyi eri\u015fim i\u00e7in k\u00fc\u00e7\u00fck, zarif kafa. Kompakt ve y\u00fcksek performansl\u0131: Saplama, \u00e7ivi, per\u00e7in vb. malzemelerini keser, azami \u00d8 4,4 mm. \u0130nce, sert teller, civatalar ve yaylar i\u00e7in y\u00fcksek derecede y\u00fcklenilebilir, ind\u00fcktif sertle\u015ftirmeli kesici, kesici sertli\u011fi yakla\u015f\u0131k 64 HRC. Verimli aktar\u0131m oran\u0131 mekanizmas\u0131 sayesinde daha az kuvvet sarfiyat\u0131. Lazer uygulamal\u0131 kesiciler sayesinde kesilecek malzeme kaymaz. \u00d8 1,0 mm&#8217;den ba\u015flayan \u00e7aptaki telleri kavramak ve \u00e7ekmek i\u00e7in mafsal alt\u0131nda di\u015fli kavrama y\u00fczeyi bulunur. Tak\u0131m\u0131n merkez noktas\u0131 yak\u0131n\u0131nda daha iyi kol kald\u0131ra\u00e7 efekti sa\u011flanarak, b\u00fcy\u00fck kesitli i\u015f par\u00e7alar\u0131n\u0131 daha kolay kesmek m\u00fcmk\u00fcn olur. <\/p>\n<li><b>Yumu\u015fak tel kesme de\u011feri (\u00e7ap): <\/b>\u00d8 5,3 mm<\/li>\n<li><b>Orta sert tel kesme de\u011feri (\u00e7ap): <\/b>\u00d8 4,8 mm<\/li>\n<li><b>Schneidwerte harter Draht (Durchmesser): <\/b>\u00d8 3,6 mm<\/li>\n<li><b>Piyano tel kesme de\u011feri (\u00e7ap): <\/b>\u00d8 3,3 mm<\/li>\n","protected":false},"featured_media":13916,"comment_status":"open","ping_status":"closed","template":"","meta":{"_acf_changed":false},"product_brand":[1486],"product_cat":[1189],"product_tag":[],"class_list":{"0":"post-23450","1":"product","2":"type-product","3":"status-publish","4":"has-post-thumbnail","6":"product_brand-knipex","7":"product_cat-mafsalli-keskiler","9":"first","10":"instock","11":"taxable","12":"shipping-taxable","13":"purchasable","14":"product-type-simple","15":"add-to-wishlist-after_add_to_cart"},"acf":[],"_links":{"self":[{"href":"https:\/\/www.makitamarket.com.tr\/site\/wp-json\/wp\/v2\/product\/23450","targetHints":{"allow":["GET"]}}],"collection":[{"href":"https:\/\/www.makitamarket.com.tr\/site\/wp-json\/wp\/v2\/product"}],"about":[{"href":"https:\/\/www.makitamarket.com.tr\/site\/wp-json\/wp\/v2\/types\/product"}],"replies":[{"embeddable":true,"href":"https:\/\/www.makitamarket.com.tr\/site\/wp-json\/wp\/v2\/comments?post=23450"}],"wp:featuredmedia":[{"embeddable":true,"href":"https:\/\/www.makitamarket.com.tr\/site\/wp-json\/wp\/v2\/media\/13916"}],"wp:attachment":[{"href":"https:\/\/www.makitamarket.com.tr\/site\/wp-json\/wp\/v2\/media?parent=23450"}],"wp:term":[{"taxonomy":"product_brand","embeddable":true,"href":"https:\/\/www.makitamarket.com.tr\/site\/wp-json\/wp\/v2\/product_brand?post=23450"},{"taxonomy":"product_cat","embeddable":true,"href":"https:\/\/www.makitamarket.com.tr\/site\/wp-json\/wp\/v2\/product_cat?post=23450"},{"taxonomy":"product_tag","embeddable":true,"href":"https:\/\/www.makitamarket.com.tr\/site\/wp-json\/wp\/v2\/product_tag?post=23450"}],"curies":[{"name":"wp","href":"https:\/\/api.w.org\/{rel}","templated":true}]}}