{"id":23475,"date":"2025-01-06T16:41:56","date_gmt":"2025-01-06T13:41:56","guid":{"rendered":"https:\/\/www.makitamarket.com.tr\/site\/urun\/knipex-3522115-elektronikci-kargaburun-115-mm\/"},"modified":"2026-03-30T08:49:29","modified_gmt":"2026-03-30T05:49:29","slug":"knipex-3522115-elektronikci-kargaburun-115-mm","status":"publish","type":"product","link":"https:\/\/www.makitamarket.com.tr\/site\/urun\/knipex-3522115-elektronikci-kargaburun-115-mm\/","title":{"rendered":"Knipex 3522115 ELEKTRON\u0130K\u00c7\u0130 KARGABURUN 115 mm"},"content":{"rendered":"<p><b>35 22 115 Elektronik\u00e7i kargaburun pensesi<\/b><br \/>Geri tepmesiz kutu mafsala sahip dayan\u0131kl\u0131, y\u00fck\u00fc optimize edilmi\u015f tasar\u0131m \u0130nce yap\u0131l\u0131 pense kafas\u0131na do\u011fru uzat\u0131lm\u0131\u015f k\u0131l\u0131flar\u00fcr\u00fcn\u00fcn parmaklar aras\u0131nda g\u00fcvenli ve konforlu olarak \u00e7al\u0131\u015fmas\u0131n\u0131 sa\u011flar Hasars\u0131z kavrama i\u00e7in p\u00fcr\u00fczs\u00fcz olacak \u015fekilde ta\u015flanm\u0131\u015f kavrama y\u00fczeyleri. Kontroll\u00fc a\u00e7\u0131l\u0131p kapanma i\u00e7in yayl\u0131 model. Ayna polisaj\u0131 ince ya\u011f tabakas\u0131 ile ba\u011flant\u0131l\u0131 olarak korozyona kar\u015f\u0131 iyi bir koruma sa\u011flar &#8211; d\u00f6k\u00fclen krom par\u00e7alar elektrik devresinde ar\u0131za ger\u00e7ekle\u015fmez Yass\u0131-yuvarlak \u00e7eneler. <\/p>\n<li><b>\u00c7ene uzunlu\u011fu (B): <\/b>22,5 mm<\/li>\n<li><b>\u00c7ene kal\u0131nl\u0131\u011f\u0131 (eklem) (D): <\/b>6,5 mm<\/li>\n<li><b>U\u00e7lar geni\u015flik (E): <\/b>2,0 mm<\/li>\n<li><b>Tip Thickness (F): <\/b>1,5 mm<\/li>\n<li><b>Kafa geni\u015fli\u011fi (A): <\/b>11,0 mm<\/li>\n<table>\n<tr>\n<td>Uzunluk<\/td>\n<td>115<\/td>\n<\/tr>\n<tr>\n<td>Form<\/td>\n<td>Yayl\u0131<\/td>\n<\/tr>\n<tr>\n<td>\u00d6l\u00e7\u00fcler<\/td>\n<td>B: 22.5mm, A: 9.5mm, D: 6.5mm, E: 2.0mm, F: 1.5 mm<\/td>\n<\/tr>\n<tr>\n<td>A\u011f\u0131rl\u0131k<\/td>\n<td>55 gr<\/td>\n<\/tr>\n<\/table>\n","protected":false},"excerpt":{"rendered":"<p><b>35 22 115 Elektronik\u00e7i kargaburun pensesi<\/b><br \/>Geri tepmesiz kutu mafsala sahip dayan\u0131kl\u0131, y\u00fck\u00fc optimize edilmi\u015f tasar\u0131m \u0130nce yap\u0131l\u0131 pense kafas\u0131na do\u011fru uzat\u0131lm\u0131\u015f k\u0131l\u0131flar\u00fcr\u00fcn\u00fcn parmaklar aras\u0131nda g\u00fcvenli ve konforlu olarak \u00e7al\u0131\u015fmas\u0131n\u0131 sa\u011flar Hasars\u0131z kavrama i\u00e7in p\u00fcr\u00fczs\u00fcz olacak \u015fekilde ta\u015flanm\u0131\u015f kavrama y\u00fczeyleri. Kontroll\u00fc a\u00e7\u0131l\u0131p kapanma i\u00e7in yayl\u0131 model. Ayna polisaj\u0131 ince ya\u011f tabakas\u0131 ile ba\u011flant\u0131l\u0131 olarak korozyona kar\u015f\u0131 iyi bir koruma sa\u011flar &#8211; d\u00f6k\u00fclen krom par\u00e7alar elektrik devresinde ar\u0131za ger\u00e7ekle\u015fmez Yass\u0131-yuvarlak \u00e7eneler. <\/p>\n<li><b>\u00c7ene uzunlu\u011fu (B): <\/b>22,5 mm<\/li>\n<li><b>\u00c7ene kal\u0131nl\u0131\u011f\u0131 (eklem) (D): <\/b>6,5 mm<\/li>\n<li><b>U\u00e7lar geni\u015flik (E): <\/b>2,0 mm<\/li>\n<li><b>Tip Thickness (F): <\/b>1,5 mm<\/li>\n<li><b>Kafa geni\u015fli\u011fi (A): <\/b>11,0 mm<\/li>\n","protected":false},"featured_media":0,"comment_status":"open","ping_status":"closed","template":"","meta":{"_acf_changed":false},"product_brand":[1486],"product_cat":[795],"product_tag":[],"class_list":{"0":"post-23475","1":"product","2":"type-product","3":"status-publish","5":"product_brand-knipex","6":"product_cat-kargaburunlar","8":"first","9":"outofstock","10":"taxable","11":"shipping-taxable","12":"purchasable","13":"product-type-simple","14":"add-to-wishlist-after_add_to_cart"},"acf":[],"_links":{"self":[{"href":"https:\/\/www.makitamarket.com.tr\/site\/wp-json\/wp\/v2\/product\/23475","targetHints":{"allow":["GET"]}}],"collection":[{"href":"https:\/\/www.makitamarket.com.tr\/site\/wp-json\/wp\/v2\/product"}],"about":[{"href":"https:\/\/www.makitamarket.com.tr\/site\/wp-json\/wp\/v2\/types\/product"}],"replies":[{"embeddable":true,"href":"https:\/\/www.makitamarket.com.tr\/site\/wp-json\/wp\/v2\/comments?post=23475"}],"wp:attachment":[{"href":"https:\/\/www.makitamarket.com.tr\/site\/wp-json\/wp\/v2\/media?parent=23475"}],"wp:term":[{"taxonomy":"product_brand","embeddable":true,"href":"https:\/\/www.makitamarket.com.tr\/site\/wp-json\/wp\/v2\/product_brand?post=23475"},{"taxonomy":"product_cat","embeddable":true,"href":"https:\/\/www.makitamarket.com.tr\/site\/wp-json\/wp\/v2\/product_cat?post=23475"},{"taxonomy":"product_tag","embeddable":true,"href":"https:\/\/www.makitamarket.com.tr\/site\/wp-json\/wp\/v2\/product_tag?post=23475"}],"curies":[{"name":"wp","href":"https:\/\/api.w.org\/{rel}","templated":true}]}}