{"id":23483,"date":"2025-01-06T16:42:00","date_gmt":"2025-01-06T13:42:00","guid":{"rendered":"https:\/\/www.makitamarket.com.tr\/site\/urun\/knipex-206180-agir-tip-kombine-pense-180-mm\/"},"modified":"2025-07-11T20:54:10","modified_gmt":"2025-07-11T17:54:10","slug":"knipex-206180-agir-tip-kombine-pense-180-mm","status":"publish","type":"product","link":"https:\/\/www.makitamarket.com.tr\/site\/urun\/knipex-206180-agir-tip-kombine-pense-180-mm\/","title":{"rendered":"Knipex 206180 A\u011eIR T\u0130P KOMB\u0130NE PENSE 180 mm"},"content":{"rendered":"<p><b>02 06 180 A\u011f\u0131r Tip Kombine Penseler<\/b><br \/>S\u0131radan kombine penselere kar\u015f\u0131 %35 kuvvet tasarrufu. A\u011f\u0131r \u00e7al\u0131\u015fmalar i\u00e7in sert kesiciler ile (sertlik yakla\u015f\u0131k 63 HRC). \u0130yile\u015ftirilmi\u015f manivela d\u00fczeni sayesinde daha kolay \u00e7al\u0131\u015fma. Kolay kesme, g\u00fc\u00e7l\u00fc kavrama, b\u00fckme ve \u00e7ekme. Kal\u0131n kablolar i\u00e7in uzun kesici \u00e7ene. \u00c7ok ama\u00e7l\u0131 kullan\u0131m i\u00e7in, yass\u0131 ve yuvarlak malzeme kavrama b\u00f6lgeleri Kesicilere ek olarak ind\u00fcksiyon sertle\u015ftirme uygulamas\u0131 yap\u0131lm\u0131\u015ft\u0131r. <\/p>\n<li><b>Yumu\u015fak tel kesme de\u011feri (\u00e7ap): <\/b>\u00d8 2,5 mm<\/li>\n<li><b>Piyano tel kesme de\u011feri (\u00e7ap): <\/b>\u00d8 2,0 mm<\/li>\n<li><b>Bak\u0131r kablo kesim de\u011feri, \u00e7ok telli: <\/b>\u00d8 11,5 mm<\/li>\n<li><b>Bak\u0131r kablo kesim de\u011feri, \u00e7ok telli: <\/b>16,0 mm\u00b2<\/li>\n<li><b>VDE onayl\u0131: <\/b>evet \u00a0<\/li>\n<table>\n<tr>\n<td>Uzunluk<\/td>\n<td>180<\/td>\n<\/tr>\n<tr>\n<td>Kafa<\/td>\n<td>Krom<\/td>\n<\/tr>\n<tr>\n<td>Sap<\/td>\n<td>Sos \u0130zole Sar\u0131-K\u0131rm\u0131z\u0131 \u00c7ift Bile\u015fimli<\/td>\n<\/tr>\n<tr>\n<td>Sert Tel<\/td>\n<td>2.5 \u00f8mm<\/td>\n<\/tr>\n<tr>\n<td>Piyano Tel<\/td>\n<td>2.0 \u00f8mm<\/td>\n<\/tr>\n<tr>\n<td>\u00c7ok \u0130letkenli Kablo<\/td>\n<td>11,5\u00f8mm, 16mm\u00b2<\/td>\n<\/tr>\n<tr>\n<td>A\u011f\u0131rl\u0131k<\/td>\n<td>247 gr<\/td>\n<\/tr>\n<\/table>\n","protected":false},"excerpt":{"rendered":"<p><b>02 06 180 A\u011f\u0131r Tip Kombine Penseler<\/b><br \/>S\u0131radan kombine penselere kar\u015f\u0131 %35 kuvvet tasarrufu. A\u011f\u0131r \u00e7al\u0131\u015fmalar i\u00e7in sert kesiciler ile (sertlik yakla\u015f\u0131k 63 HRC). \u0130yile\u015ftirilmi\u015f manivela d\u00fczeni sayesinde daha kolay \u00e7al\u0131\u015fma. Kolay kesme, g\u00fc\u00e7l\u00fc kavrama, b\u00fckme ve \u00e7ekme. Kal\u0131n kablolar i\u00e7in uzun kesici \u00e7ene. \u00c7ok ama\u00e7l\u0131 kullan\u0131m i\u00e7in, yass\u0131 ve yuvarlak malzeme kavrama b\u00f6lgeleri Kesicilere ek olarak ind\u00fcksiyon sertle\u015ftirme uygulamas\u0131 yap\u0131lm\u0131\u015ft\u0131r. <\/p>\n<li><b>Yumu\u015fak tel kesme de\u011feri (\u00e7ap): <\/b>\u00d8 2,5 mm<\/li>\n<li><b>Piyano tel kesme de\u011feri (\u00e7ap): <\/b>\u00d8 2,0 mm<\/li>\n<li><b>Bak\u0131r kablo kesim de\u011feri, \u00e7ok telli: <\/b>\u00d8 11,5 mm<\/li>\n<li><b>Bak\u0131r kablo kesim de\u011feri, \u00e7ok telli: <\/b>16,0 mm\u00b2<\/li>\n<li><b>VDE onayl\u0131: <\/b>evet \u00a0<\/li>\n","protected":false},"featured_media":14248,"comment_status":"open","ping_status":"closed","template":"","meta":{"_acf_changed":false},"product_brand":[],"product_cat":[1231],"product_tag":[],"class_list":{"0":"post-23483","1":"product","2":"type-product","3":"status-publish","4":"has-post-thumbnail","6":"product_cat-kombine-penseler","8":"first","9":"outofstock","10":"taxable","11":"shipping-taxable","12":"purchasable","13":"product-type-simple","14":"add-to-wishlist-after_add_to_cart"},"acf":[],"_links":{"self":[{"href":"https:\/\/www.makitamarket.com.tr\/site\/wp-json\/wp\/v2\/product\/23483","targetHints":{"allow":["GET"]}}],"collection":[{"href":"https:\/\/www.makitamarket.com.tr\/site\/wp-json\/wp\/v2\/product"}],"about":[{"href":"https:\/\/www.makitamarket.com.tr\/site\/wp-json\/wp\/v2\/types\/product"}],"replies":[{"embeddable":true,"href":"https:\/\/www.makitamarket.com.tr\/site\/wp-json\/wp\/v2\/comments?post=23483"}],"wp:featuredmedia":[{"embeddable":true,"href":"https:\/\/www.makitamarket.com.tr\/site\/wp-json\/wp\/v2\/media\/14248"}],"wp:attachment":[{"href":"https:\/\/www.makitamarket.com.tr\/site\/wp-json\/wp\/v2\/media?parent=23483"}],"wp:term":[{"taxonomy":"product_brand","embeddable":true,"href":"https:\/\/www.makitamarket.com.tr\/site\/wp-json\/wp\/v2\/product_brand?post=23483"},{"taxonomy":"product_cat","embeddable":true,"href":"https:\/\/www.makitamarket.com.tr\/site\/wp-json\/wp\/v2\/product_cat?post=23483"},{"taxonomy":"product_tag","embeddable":true,"href":"https:\/\/www.makitamarket.com.tr\/site\/wp-json\/wp\/v2\/product_tag?post=23483"}],"curies":[{"name":"wp","href":"https:\/\/api.w.org\/{rel}","templated":true}]}}