{"id":23489,"date":"2025-01-06T16:42:04","date_gmt":"2025-01-06T13:42:04","guid":{"rendered":"https:\/\/www.makitamarket.com.tr\/site\/urun\/makita-763196-5-anahtarsiz-mandren-1-5-13-mm\/"},"modified":"2026-04-13T20:54:47","modified_gmt":"2026-04-13T17:54:47","slug":"makita-763196-5-anahtarsiz-mandren-1-5-13-mm","status":"publish","type":"product","link":"https:\/\/www.makitamarket.com.tr\/site\/urun\/makita-763196-5-anahtarsiz-mandren-1-5-13-mm\/","title":{"rendered":"Makita 763196-5 ANAHTARSIZ MANDREN 1.5 &#8211; 13 mm"},"content":{"rendered":"<p>\n\tBDF441-451-BHP441-451- BDF444-454-BHP444-454 modelleri i\u00e7in mandren.<\/p>\n<p>\n\tPlastik aksam ve tek par\u00e7adan olu\u015fmaktad\u0131r.<\/p>\n<table>\n<tr>\n<td>Mil \u00c7ap\u0131<\/td>\n<td>1\/2&#8243; &#8211; 20 Di\u015f<\/td>\n<\/tr>\n<tr>\n<td>Kapasite<\/td>\n<td>1.5 &#8211; 13<\/td>\n<\/tr>\n<tr>\n<td>Kilitleme<\/td>\n<td>Var<\/td>\n<\/tr>\n<tr>\n<td>Tip<\/td>\n<td>Anahtars\u0131z<\/td>\n<\/tr>\n<tr>\n<td>Kaplama<\/td>\n<td>Plastik tek par\u00e7a<\/td>\n<\/tr>\n<tr>\n<td>Kutu \u015fekli<\/td>\n<td>Kutusuz<\/td>\n<\/tr>\n<\/table>\n","protected":false},"excerpt":{"rendered":"<p>\n\tBDF441-451-BHP441-451- BDF444-454-BHP444-454 modelleri i\u00e7in mandren.<\/p>\n<p>\n\tPlastik aksam ve tek par\u00e7adan olu\u015fmaktad\u0131r.<\/p>\n","protected":false},"featured_media":14323,"comment_status":"open","ping_status":"closed","template":"","meta":{"_acf_changed":false},"product_brand":[1485],"product_cat":[1200],"product_tag":[],"class_list":{"0":"post-23489","1":"product","2":"type-product","3":"status-publish","4":"has-post-thumbnail","6":"product_brand-makita","7":"product_cat-anahtarsiz-mandrenler","9":"first","10":"outofstock","11":"taxable","12":"shipping-taxable","13":"purchasable","14":"product-type-simple","15":"add-to-wishlist-after_add_to_cart"},"acf":[],"_links":{"self":[{"href":"https:\/\/www.makitamarket.com.tr\/site\/wp-json\/wp\/v2\/product\/23489","targetHints":{"allow":["GET"]}}],"collection":[{"href":"https:\/\/www.makitamarket.com.tr\/site\/wp-json\/wp\/v2\/product"}],"about":[{"href":"https:\/\/www.makitamarket.com.tr\/site\/wp-json\/wp\/v2\/types\/product"}],"replies":[{"embeddable":true,"href":"https:\/\/www.makitamarket.com.tr\/site\/wp-json\/wp\/v2\/comments?post=23489"}],"wp:featuredmedia":[{"embeddable":true,"href":"https:\/\/www.makitamarket.com.tr\/site\/wp-json\/wp\/v2\/media\/14323"}],"wp:attachment":[{"href":"https:\/\/www.makitamarket.com.tr\/site\/wp-json\/wp\/v2\/media?parent=23489"}],"wp:term":[{"taxonomy":"product_brand","embeddable":true,"href":"https:\/\/www.makitamarket.com.tr\/site\/wp-json\/wp\/v2\/product_brand?post=23489"},{"taxonomy":"product_cat","embeddable":true,"href":"https:\/\/www.makitamarket.com.tr\/site\/wp-json\/wp\/v2\/product_cat?post=23489"},{"taxonomy":"product_tag","embeddable":true,"href":"https:\/\/www.makitamarket.com.tr\/site\/wp-json\/wp\/v2\/product_tag?post=23489"}],"curies":[{"name":"wp","href":"https:\/\/api.w.org\/{rel}","templated":true}]}}