{"id":23493,"date":"2025-01-06T16:42:08","date_gmt":"2025-01-06T13:42:08","guid":{"rendered":"https:\/\/www.makitamarket.com.tr\/site\/urun\/bohle-320-0-cam-keser\/"},"modified":"2026-01-23T14:33:00","modified_gmt":"2026-01-23T11:33:00","slug":"bohle-320-0-cam-keser","status":"publish","type":"product","link":"https:\/\/www.makitamarket.com.tr\/site\/urun\/bohle-320-0-cam-keser\/","title":{"rendered":"Bohle 320.0 CAM KESER"},"content":{"rendered":"<p>\n\t6 adet Sertle\u015ftirilmi\u015f \u00c7elikten Elmas U\u00e7<\/p>\n<table>\n<tr>\n<td>Elmas A\u00e7\u0131s\u0131<\/td>\n<td>130\u00b0<\/td>\n<\/tr>\n<tr>\n<td>Kesme Kapasitesi<\/td>\n<td>3-10mm<\/td>\n<\/tr>\n<tr>\n<td>Paket \u0130\u00e7i Adedi<\/td>\n<td>12<\/td>\n<\/tr>\n<\/table>\n","protected":false},"excerpt":{"rendered":"<p>\n\t6 adet Sertle\u015ftirilmi\u015f \u00c7elikten Elmas U\u00e7<\/p>\n","protected":false},"featured_media":14367,"comment_status":"open","ping_status":"closed","template":"","meta":{"_acf_changed":false},"product_brand":[1547],"product_cat":[1098,1099],"product_tag":[],"class_list":{"0":"post-23493","1":"product","2":"type-product","3":"status-publish","4":"has-post-thumbnail","6":"product_brand-bohle","7":"product_cat-cam-kirma-pensi","8":"product_cat-kesme-vantuz-ve-kaziyicilar","10":"first","11":"outofstock","12":"taxable","13":"shipping-taxable","14":"purchasable","15":"product-type-simple","16":"add-to-wishlist-after_add_to_cart"},"acf":[],"_links":{"self":[{"href":"https:\/\/www.makitamarket.com.tr\/site\/wp-json\/wp\/v2\/product\/23493","targetHints":{"allow":["GET"]}}],"collection":[{"href":"https:\/\/www.makitamarket.com.tr\/site\/wp-json\/wp\/v2\/product"}],"about":[{"href":"https:\/\/www.makitamarket.com.tr\/site\/wp-json\/wp\/v2\/types\/product"}],"replies":[{"embeddable":true,"href":"https:\/\/www.makitamarket.com.tr\/site\/wp-json\/wp\/v2\/comments?post=23493"}],"wp:featuredmedia":[{"embeddable":true,"href":"https:\/\/www.makitamarket.com.tr\/site\/wp-json\/wp\/v2\/media\/14367"}],"wp:attachment":[{"href":"https:\/\/www.makitamarket.com.tr\/site\/wp-json\/wp\/v2\/media?parent=23493"}],"wp:term":[{"taxonomy":"product_brand","embeddable":true,"href":"https:\/\/www.makitamarket.com.tr\/site\/wp-json\/wp\/v2\/product_brand?post=23493"},{"taxonomy":"product_cat","embeddable":true,"href":"https:\/\/www.makitamarket.com.tr\/site\/wp-json\/wp\/v2\/product_cat?post=23493"},{"taxonomy":"product_tag","embeddable":true,"href":"https:\/\/www.makitamarket.com.tr\/site\/wp-json\/wp\/v2\/product_tag?post=23493"}],"curies":[{"name":"wp","href":"https:\/\/api.w.org\/{rel}","templated":true}]}}