{"id":23494,"date":"2025-01-06T16:42:08","date_gmt":"2025-01-06T13:42:08","guid":{"rendered":"https:\/\/www.makitamarket.com.tr\/site\/urun\/makita-b-30536-sds-plus-keski-seti\/"},"modified":"2025-11-16T07:41:39","modified_gmt":"2025-11-16T04:41:39","slug":"makita-b-30536-sds-plus-keski-seti","status":"publish","type":"product","link":"https:\/\/www.makitamarket.com.tr\/site\/urun\/makita-b-30536-sds-plus-keski-seti\/","title":{"rendered":"Makita B-30536 SDS PLUS KESK\u0130 SET\u0130"},"content":{"rendered":"<table border=\"1\" cellpadding=\"1\" cellspacing=\"1\" height=\"103\" width=\"361\">\n<tbody>\n<tr>\n<td colspan=\"2\" style=\"text-align: center;\">\n\t\t\t\t<strong>SDS Plus Keski Seti<br \/>\n\t\t\t\t<\/strong><\/td>\n<\/tr>\n<tr>\n<td style=\"text-align: center; width: 30px;\">\n\t\t\t\t<strong>Tip<br \/>\n\t\t\t\t<\/strong><\/td>\n<td style=\"text-align: center; width: 30px;\">\n\t\t\t\t<strong>\u00d6l\u00e7\u00fcler (mm)<br \/>\n\t\t\t\t<\/strong><\/td>\n<\/tr>\n<tr>\n<td style=\"text-align: center;\">\n\t\t\t\tSivri<\/td>\n<td style=\"text-align: center;\">\n\t\t\t\t250<\/td>\n<\/tr>\n<tr>\n<td style=\"text-align: center;\">\n\t\t\t\tYass\u0131<\/td>\n<td style=\"text-align: center;\">\n\t\t\t\t20&#215;250<\/td>\n<\/tr>\n<tr>\n<td style=\"text-align: center;\">\n\t\t\t\tGeni\u015f<\/td>\n<td style=\"text-align: center;\">\n\t\t\t\t40&#215;250<\/td>\n<\/tr>\n<\/tbody>\n<\/table>\n<p>\n\t<strong>Sivri- Yass\u0131 keskiler<\/strong> sert kesme kenar\u0131na sahiptir. Bu sayede sertle\u015ftirilmi\u015f b\u00f6lgelerde daha uzun \u00f6m\u00fcrl\u00fc \u00e7al\u0131\u015fma imkan\u0131 sa\u011flar.<\/p>\n<p>\n\t<strong>Yass\u0131 keskiler<\/strong> k\u00f6\u015felerinde bulunan a\u015f\u0131nd\u0131rma \u00e7izgileri \u00e7e\u015fitli y\u00f6nlerde \u00e7atlaklar olu\u015fturarak kolay k\u0131rma imkan\u0131 sa\u011flar.<\/p>\n<p>\n\t<strong>Geni\u015f keski<\/strong> kendinden bilenme \u00f6zelli\u011fine sahiptir, \u00f6zel kenar tasar\u0131m\u0131 sayesinde d\u00fcz k\u0131rma yap\u0131labilir.<\/p>\n<table>\n<tr>\n<td>Tip<\/td>\n<td>Sivri<\/td>\n<\/tr>\n<tr>\n<td>Tip<\/td>\n<td>Yass\u0131<\/td>\n<\/tr>\n<tr>\n<td>Tip<\/td>\n<td>Geni\u015f<\/td>\n<\/tr>\n<\/table>\n","protected":false},"excerpt":{"rendered":"<table border=\"1\" cellpadding=\"1\" cellspacing=\"1\" height=\"103\" width=\"361\">\n<tbody>\n<tr>\n<td colspan=\"2\" style=\"text-align: center;\">\n\t\t\t\t<strong>SDS Plus Keski Seti<br \/>\n\t\t\t\t<\/strong><\/td>\n<\/tr>\n<tr>\n<td style=\"text-align: center; width: 30px;\">\n\t\t\t\t<strong>Tip<br \/>\n\t\t\t\t<\/strong><\/td>\n<td style=\"text-align: center; width: 30px;\">\n\t\t\t\t<strong>\u00d6l\u00e7\u00fcler (mm)<br \/>\n\t\t\t\t<\/strong><\/td>\n<\/tr>\n<tr>\n<td style=\"text-align: center;\">\n\t\t\t\tSivri<\/td>\n<td style=\"text-align: center;\">\n\t\t\t\t250<\/td>\n<\/tr>\n<tr>\n<td style=\"text-align: center;\">\n\t\t\t\tYass\u0131<\/td>\n<td style=\"text-align: center;\">\n\t\t\t\t20&#215;250<\/td>\n<\/tr>\n<tr>\n<td style=\"text-align: center;\">\n\t\t\t\tGeni\u015f<\/td>\n<td style=\"text-align: center;\">\n\t\t\t\t40&#215;250<\/td>\n<\/tr>\n<\/tbody>\n<\/table>\n<p>\n\t<strong>Sivri- Yass\u0131 keskiler<\/strong> sert kesme kenar\u0131na sahiptir. Bu sayede sertle\u015ftirilmi\u015f b\u00f6lgelerde daha uzun \u00f6m\u00fcrl\u00fc \u00e7al\u0131\u015fma imkan\u0131 sa\u011flar.<\/p>\n<p>\n\t<strong>Yass\u0131 keskiler<\/strong> k\u00f6\u015felerinde bulunan a\u015f\u0131nd\u0131rma \u00e7izgileri \u00e7e\u015fitli y\u00f6nlerde \u00e7atlaklar olu\u015fturarak kolay k\u0131rma imkan\u0131 sa\u011flar.<\/p>\n<p>\n\t<strong>Geni\u015f keski<\/strong> kendinden bilenme \u00f6zelli\u011fine sahiptir, \u00f6zel kenar tasar\u0131m\u0131 sayesinde d\u00fcz k\u0131rma yap\u0131labilir.<\/p>\n","protected":false},"featured_media":14379,"comment_status":"open","ping_status":"closed","template":"","meta":{"_acf_changed":false},"product_brand":[1485],"product_cat":[1299],"product_tag":[],"class_list":{"0":"post-23494","1":"product","2":"type-product","3":"status-publish","4":"has-post-thumbnail","6":"product_brand-makita","7":"product_cat-keski-setleri","9":"first","10":"outofstock","11":"taxable","12":"shipping-taxable","13":"purchasable","14":"product-type-simple","15":"add-to-wishlist-after_add_to_cart"},"acf":[],"_links":{"self":[{"href":"https:\/\/www.makitamarket.com.tr\/site\/wp-json\/wp\/v2\/product\/23494","targetHints":{"allow":["GET"]}}],"collection":[{"href":"https:\/\/www.makitamarket.com.tr\/site\/wp-json\/wp\/v2\/product"}],"about":[{"href":"https:\/\/www.makitamarket.com.tr\/site\/wp-json\/wp\/v2\/types\/product"}],"replies":[{"embeddable":true,"href":"https:\/\/www.makitamarket.com.tr\/site\/wp-json\/wp\/v2\/comments?post=23494"}],"wp:featuredmedia":[{"embeddable":true,"href":"https:\/\/www.makitamarket.com.tr\/site\/wp-json\/wp\/v2\/media\/14379"}],"wp:attachment":[{"href":"https:\/\/www.makitamarket.com.tr\/site\/wp-json\/wp\/v2\/media?parent=23494"}],"wp:term":[{"taxonomy":"product_brand","embeddable":true,"href":"https:\/\/www.makitamarket.com.tr\/site\/wp-json\/wp\/v2\/product_brand?post=23494"},{"taxonomy":"product_cat","embeddable":true,"href":"https:\/\/www.makitamarket.com.tr\/site\/wp-json\/wp\/v2\/product_cat?post=23494"},{"taxonomy":"product_tag","embeddable":true,"href":"https:\/\/www.makitamarket.com.tr\/site\/wp-json\/wp\/v2\/product_tag?post=23494"}],"curies":[{"name":"wp","href":"https:\/\/api.w.org\/{rel}","templated":true}]}}