{"id":23495,"date":"2025-01-06T16:42:08","date_gmt":"2025-01-06T13:42:08","guid":{"rendered":"https:\/\/www.makitamarket.com.tr\/site\/urun\/weller-43112-kalem-havya-ucu\/"},"modified":"2026-04-06T14:57:28","modified_gmt":"2026-04-06T11:57:28","slug":"weller-43112-kalem-havya-ucu","status":"publish","type":"product","link":"https:\/\/www.makitamarket.com.tr\/site\/urun\/weller-43112-kalem-havya-ucu\/","title":{"rendered":"Weller 43112 KALEM HAVYA UCU"},"content":{"rendered":"<table>\n<tr>\n<td>\u00c7ap<\/td>\n<td>20,00 mm<\/td>\n<\/tr>\n<tr>\n<td>U\u00e7<\/td>\n<td>20,00 mm<\/td>\n<\/tr>\n<tr>\n<td>Uyumlu Havya<\/td>\n<td>SL251<\/td>\n<\/tr>\n<tr>\n<td>Kaplama<\/td>\n<td>Nikel<\/td>\n<\/tr>\n<tr>\n<td>\u015eekil<\/td>\n<td>E\u011fik<\/td>\n<\/tr>\n<tr>\n<td>Paket \u0130\u00e7i Adet<\/td>\n<td>1 adet<\/td>\n<\/tr>\n<\/table>\n","protected":false},"excerpt":{"rendered":"<p>\u00c7ap 20,00 mm U\u00e7 20,00 mm Uyumlu Havya SL251 Kaplama Nikel \u015eekil E\u011fik Paket \u0130\u00e7i Adet 1 adet<\/p>\n","protected":false},"featured_media":14383,"comment_status":"open","ping_status":"closed","template":"","meta":{"_acf_changed":false},"product_brand":[1530],"product_cat":[1171],"product_tag":[],"class_list":{"0":"post-23495","1":"product","2":"type-product","3":"status-publish","4":"has-post-thumbnail","6":"product_brand-weller","7":"product_cat-yedek-lehim-uclari","9":"first","10":"outofstock","11":"taxable","12":"shipping-taxable","13":"purchasable","14":"product-type-simple","15":"add-to-wishlist-after_add_to_cart"},"acf":[],"_links":{"self":[{"href":"https:\/\/www.makitamarket.com.tr\/site\/wp-json\/wp\/v2\/product\/23495","targetHints":{"allow":["GET"]}}],"collection":[{"href":"https:\/\/www.makitamarket.com.tr\/site\/wp-json\/wp\/v2\/product"}],"about":[{"href":"https:\/\/www.makitamarket.com.tr\/site\/wp-json\/wp\/v2\/types\/product"}],"replies":[{"embeddable":true,"href":"https:\/\/www.makitamarket.com.tr\/site\/wp-json\/wp\/v2\/comments?post=23495"}],"wp:featuredmedia":[{"embeddable":true,"href":"https:\/\/www.makitamarket.com.tr\/site\/wp-json\/wp\/v2\/media\/14383"}],"wp:attachment":[{"href":"https:\/\/www.makitamarket.com.tr\/site\/wp-json\/wp\/v2\/media?parent=23495"}],"wp:term":[{"taxonomy":"product_brand","embeddable":true,"href":"https:\/\/www.makitamarket.com.tr\/site\/wp-json\/wp\/v2\/product_brand?post=23495"},{"taxonomy":"product_cat","embeddable":true,"href":"https:\/\/www.makitamarket.com.tr\/site\/wp-json\/wp\/v2\/product_cat?post=23495"},{"taxonomy":"product_tag","embeddable":true,"href":"https:\/\/www.makitamarket.com.tr\/site\/wp-json\/wp\/v2\/product_tag?post=23495"}],"curies":[{"name":"wp","href":"https:\/\/api.w.org\/{rel}","templated":true}]}}