{"id":23498,"date":"2025-01-06T16:42:12","date_gmt":"2025-01-06T13:42:12","guid":{"rendered":"https:\/\/www.makitamarket.com.tr\/site\/urun\/knipex-8751250-ayarli-fort-pense-250-mm\/"},"modified":"2026-04-06T14:58:30","modified_gmt":"2026-04-06T11:58:30","slug":"knipex-8751250-ayarli-fort-pense-250-mm","status":"publish","type":"product","link":"https:\/\/www.makitamarket.com.tr\/site\/urun\/knipex-8751250-ayarli-fort-pense-250-mm\/","title":{"rendered":"Knipex 8751250 AYARLI FORT PENSE 250 mm"},"content":{"rendered":"<p><b>87 51 250 KNIPEX Cobra\u00ae ES<\/b><br \/>Servis ve onar\u0131m \u00e7al\u0131\u015fmalar\u0131, cihaz onar\u0131mlar\u0131, otomobil alan\u0131 ve end\u00fcstriyel kullan\u0131mlar i\u00e7in idealdir. Uzun, sivri \u00e7eneler. \u0130nce kafa ve mafsal tasar\u0131m\u0131yla dar alanlarda rahat \u00e7al\u0131\u015fma. \u00dc\u00e7 noktal\u0131 dayana\u011f\u0131 ile yass\u0131 par\u00e7alar da g\u00fcvenli \u015fekilde kavran\u0131r. A\u011f\u0131z a\u00e7\u0131kl\u0131\u011f\u0131 i\u015f par\u00e7as\u0131 \u00fczerinde d\u00fc\u011fme ile kolayca ayarlanabilir. Kademe ayar\u0131 sayesinde i\u015f par\u00e7alar\u0131n\u0131 s\u0131k\u0131ca kavrar. Boru ve somun \u00fczerinde kendinden kilitleme, i\u015f par\u00e7as\u0131 \u00fczerindekayma yapmaz, \u00e7al\u0131\u015f\u0131rken kuvvet tasarrufu sa\u011flar. \u0130\u00e7 i\u00e7e ge\u00e7irilmi\u015f mafsal: \u00c7ift k\u0131lavuzlama sayesinde y\u00fcksek dayan\u0131kl\u0131k. Mafsal pimi g\u00fcvenli bir \u015fekilde yerine oturur: Ayar istem d\u0131\u015f\u0131 bozulmaz. Uygun manivela etkisi: Optimum kuvvet aktar\u0131m\u0131. Parmaklar\u0131n s\u0131k\u0131\u015fmas\u0131n\u0131 \u00f6nleyen tasar\u0131ma sahiptir. \u00d6zel sertle\u015ftirilmi\u015f di\u015fli a\u011f\u0131z y\u00fczeyleri, di\u015flerin sertli\u011fi yakl. 61 HRC: A\u015f\u0131nmaya kar\u015f\u0131 y\u00fcksek dayan\u0131kl\u0131l\u0131k sayesinde daima g\u00fcvenli kavrama. <\/p>\n<li><b>Ayar pozisyonu: <\/b>19<\/li>\n<li><b>Somun ve anahtar \u00f6l\u00e7\u00fcs\u00fc kapasitesi: <\/b>\u00d8 1 1\/4 in<\/li>\n<li><b>Somun ve anahtar \u00f6l\u00e7\u00fcs\u00fc kapasitesi: <\/b>34 mm<\/li>\n<li><b>Boru \u00e7ap\u0131 kapasitesi (\u00e7ap): <\/b>\u00d8 32 mm<\/li>\n<li><b>max. paralel a\u00e7\u0131kl\u0131k mm: <\/b>37 mm<\/li>\n<li><b>max. kavrama derinli\u011fi: <\/b>42 mm<\/li>\n<table>\n<tr>\n<td>Boru \u00d6l\u00e7\u00fcs\u00fc<\/td>\n<td>1 1 \/4&#8243;<\/td>\n<\/tr>\n<tr>\n<td>Sap<\/td>\n<td>\u0130nce \u0130zole<\/td>\n<\/tr>\n<tr>\n<td>Kafa<\/td>\n<td>Polisaj<\/td>\n<\/tr>\n<tr>\n<td>Uzunluk<\/td>\n<td>250<\/td>\n<\/tr>\n<tr>\n<td>Somun \u00d6l\u00e7\u00fcs\u00fc<\/td>\n<td>42mm<\/td>\n<\/tr>\n<tr>\n<td>A\u011f\u0131rl\u0131k<\/td>\n<td>328 gr<\/td>\n<\/tr>\n<\/table>\n","protected":false},"excerpt":{"rendered":"<p><b>87 51 250 KNIPEX Cobra\u00ae ES<\/b><br \/>Servis ve onar\u0131m \u00e7al\u0131\u015fmalar\u0131, cihaz onar\u0131mlar\u0131, otomobil alan\u0131 ve end\u00fcstriyel kullan\u0131mlar i\u00e7in idealdir. Uzun, sivri \u00e7eneler. \u0130nce kafa ve mafsal tasar\u0131m\u0131yla dar alanlarda rahat \u00e7al\u0131\u015fma. \u00dc\u00e7 noktal\u0131 dayana\u011f\u0131 ile yass\u0131 par\u00e7alar da g\u00fcvenli \u015fekilde kavran\u0131r. A\u011f\u0131z a\u00e7\u0131kl\u0131\u011f\u0131 i\u015f par\u00e7as\u0131 \u00fczerinde d\u00fc\u011fme ile kolayca ayarlanabilir. Kademe ayar\u0131 sayesinde i\u015f par\u00e7alar\u0131n\u0131 s\u0131k\u0131ca kavrar. Boru ve somun \u00fczerinde kendinden kilitleme, i\u015f par\u00e7as\u0131 \u00fczerindekayma yapmaz, \u00e7al\u0131\u015f\u0131rken kuvvet tasarrufu sa\u011flar. \u0130\u00e7 i\u00e7e ge\u00e7irilmi\u015f mafsal: \u00c7ift k\u0131lavuzlama sayesinde y\u00fcksek dayan\u0131kl\u0131k. Mafsal pimi g\u00fcvenli bir \u015fekilde yerine oturur: Ayar istem d\u0131\u015f\u0131 bozulmaz. Uygun manivela etkisi: Optimum kuvvet aktar\u0131m\u0131. Parmaklar\u0131n s\u0131k\u0131\u015fmas\u0131n\u0131 \u00f6nleyen tasar\u0131ma sahiptir. \u00d6zel sertle\u015ftirilmi\u015f di\u015fli a\u011f\u0131z y\u00fczeyleri, di\u015flerin sertli\u011fi yakl. 61 HRC: A\u015f\u0131nmaya kar\u015f\u0131 y\u00fcksek dayan\u0131kl\u0131l\u0131k sayesinde daima g\u00fcvenli kavrama. <\/p>\n<li><b>Ayar pozisyonu: <\/b>19<\/li>\n<li><b>Somun ve anahtar \u00f6l\u00e7\u00fcs\u00fc kapasitesi: <\/b>\u00d8 1 1\/4 in<\/li>\n<li><b>Somun ve anahtar \u00f6l\u00e7\u00fcs\u00fc kapasitesi: <\/b>34 mm<\/li>\n<li><b>Boru \u00e7ap\u0131 kapasitesi (\u00e7ap): <\/b>\u00d8 32 mm<\/li>\n<li><b>max. paralel a\u00e7\u0131kl\u0131k mm: <\/b>37 mm<\/li>\n<li><b>max. kavrama derinli\u011fi: <\/b>42 mm<\/li>\n","protected":false},"featured_media":14436,"comment_status":"open","ping_status":"closed","template":"","meta":{"_acf_changed":false},"product_brand":[1486],"product_cat":[956],"product_tag":[],"class_list":{"0":"post-23498","1":"product","2":"type-product","3":"status-publish","4":"has-post-thumbnail","6":"product_brand-knipex","7":"product_cat-ayarli-penseler","9":"first","10":"outofstock","11":"taxable","12":"shipping-taxable","13":"purchasable","14":"product-type-simple","15":"add-to-wishlist-after_add_to_cart"},"acf":[],"_links":{"self":[{"href":"https:\/\/www.makitamarket.com.tr\/site\/wp-json\/wp\/v2\/product\/23498","targetHints":{"allow":["GET"]}}],"collection":[{"href":"https:\/\/www.makitamarket.com.tr\/site\/wp-json\/wp\/v2\/product"}],"about":[{"href":"https:\/\/www.makitamarket.com.tr\/site\/wp-json\/wp\/v2\/types\/product"}],"replies":[{"embeddable":true,"href":"https:\/\/www.makitamarket.com.tr\/site\/wp-json\/wp\/v2\/comments?post=23498"}],"wp:featuredmedia":[{"embeddable":true,"href":"https:\/\/www.makitamarket.com.tr\/site\/wp-json\/wp\/v2\/media\/14436"}],"wp:attachment":[{"href":"https:\/\/www.makitamarket.com.tr\/site\/wp-json\/wp\/v2\/media?parent=23498"}],"wp:term":[{"taxonomy":"product_brand","embeddable":true,"href":"https:\/\/www.makitamarket.com.tr\/site\/wp-json\/wp\/v2\/product_brand?post=23498"},{"taxonomy":"product_cat","embeddable":true,"href":"https:\/\/www.makitamarket.com.tr\/site\/wp-json\/wp\/v2\/product_cat?post=23498"},{"taxonomy":"product_tag","embeddable":true,"href":"https:\/\/www.makitamarket.com.tr\/site\/wp-json\/wp\/v2\/product_tag?post=23498"}],"curies":[{"name":"wp","href":"https:\/\/api.w.org\/{rel}","templated":true}]}}