{"id":23500,"date":"2025-01-06T16:42:15","date_gmt":"2025-01-06T13:42:15","guid":{"rendered":"https:\/\/www.makitamarket.com.tr\/site\/urun\/optimum-3352069-frezeler-icin-mandren-adaptoru\/"},"modified":"2025-11-16T07:42:32","modified_gmt":"2025-11-16T04:42:32","slug":"optimum-3352069-frezeler-icin-mandren-adaptoru","status":"publish","type":"product","link":"https:\/\/www.makitamarket.com.tr\/site\/urun\/optimum-3352069-frezeler-icin-mandren-adaptoru\/","title":{"rendered":"Optimum 3352069 FREZELER \u0130\u00c7\u0130N MANDREN ADAPT\u00d6R\u00dc"},"content":{"rendered":"<p>\n\tFrezeler i\u00e7in mandren adapt\u00f6r\u00fc<\/p>\n<table>\n<tr>\n<td>Tan\u0131m\u0131<\/td>\n<td>ISO30 &#8211; M12 &#8211; B16  adapt\u00f6r<\/td>\n<\/tr>\n<\/table>\n","protected":false},"excerpt":{"rendered":"<p>\n\tFrezeler i\u00e7in mandren adapt\u00f6r\u00fc<\/p>\n","protected":false},"featured_media":0,"comment_status":"open","ping_status":"closed","template":"","meta":{"_acf_changed":false},"product_brand":[1511],"product_cat":[824],"product_tag":[],"class_list":{"0":"post-23500","1":"product","2":"type-product","3":"status-publish","5":"product_brand-optimum","6":"product_cat-aksesuarlar-metal-isleme-makinalari-2","8":"first","9":"outofstock","10":"taxable","11":"shipping-taxable","12":"purchasable","13":"product-type-simple","14":"add-to-wishlist-after_add_to_cart"},"acf":[],"_links":{"self":[{"href":"https:\/\/www.makitamarket.com.tr\/site\/wp-json\/wp\/v2\/product\/23500","targetHints":{"allow":["GET"]}}],"collection":[{"href":"https:\/\/www.makitamarket.com.tr\/site\/wp-json\/wp\/v2\/product"}],"about":[{"href":"https:\/\/www.makitamarket.com.tr\/site\/wp-json\/wp\/v2\/types\/product"}],"replies":[{"embeddable":true,"href":"https:\/\/www.makitamarket.com.tr\/site\/wp-json\/wp\/v2\/comments?post=23500"}],"wp:attachment":[{"href":"https:\/\/www.makitamarket.com.tr\/site\/wp-json\/wp\/v2\/media?parent=23500"}],"wp:term":[{"taxonomy":"product_brand","embeddable":true,"href":"https:\/\/www.makitamarket.com.tr\/site\/wp-json\/wp\/v2\/product_brand?post=23500"},{"taxonomy":"product_cat","embeddable":true,"href":"https:\/\/www.makitamarket.com.tr\/site\/wp-json\/wp\/v2\/product_cat?post=23500"},{"taxonomy":"product_tag","embeddable":true,"href":"https:\/\/www.makitamarket.com.tr\/site\/wp-json\/wp\/v2\/product_tag?post=23500"}],"curies":[{"name":"wp","href":"https:\/\/api.w.org\/{rel}","templated":true}]}}