{"id":23508,"date":"2025-01-06T16:42:22","date_gmt":"2025-01-06T13:42:22","guid":{"rendered":"https:\/\/www.makitamarket.com.tr\/site\/urun\/knipex-9511165-kablo-makasi-165-mm\/"},"modified":"2026-04-06T15:02:28","modified_gmt":"2026-04-06T12:02:28","slug":"knipex-9511165-kablo-makasi-165-mm","status":"publish","type":"product","link":"https:\/\/www.makitamarket.com.tr\/site\/urun\/knipex-9511165-kablo-makasi-165-mm\/","title":{"rendered":"Knipex 9511165 KABLO MAKASI 165 mm"},"content":{"rendered":"<p><b>95 11 165 Kablo Makas\u0131<\/b><br \/>Ezmeden d\u00fcz ve temiz bir \u015fekilde keser. Tek elle kullan\u0131mda kolay kesim. Ayarlanabilir vidal\u0131 mafsal, kendili\u011finden emniyetlemeli. \u00d8 15 mm (50 mm\u00b2) kesite kadar \u00e7ok \u00e7ekirdekli bak\u0131r ve al\u00fcminyum kablolar\u0131 keser. \u00c7elik tel ve sert \u00e7ekilmi\u015f bak\u0131r iletkenler i\u00e7in uygun de\u011fildir. Hassas ta\u015flanm\u0131\u015f, sertle\u015ftirilmi\u015f kesiciler. S\u0131k\u0131\u015fmaya kar\u015f\u0131 korumal\u0131. <\/p>\n<li><b>Bak\u0131r kablo kesim de\u011feri, \u00e7ok telli: <\/b>50 mm\u00b2<\/li>\n<li><b>Bak\u0131r kablo kesim de\u011feri, \u00e7ok telli: <\/b>\u00d8 15 mm<\/li>\n<li><b>AWG: <\/b>1 \/ 0 <\/li>\n<table>\n<tr>\n<td>Kafa<\/td>\n<td>Polisaj<\/td>\n<\/tr>\n<tr>\n<td>Sap<\/td>\n<td>\u0130nce \u0130zole<\/td>\n<\/tr>\n<tr>\n<td>Uzunluk<\/td>\n<td>165<\/td>\n<\/tr>\n<tr>\n<td>\u00c7ok \u0130letkenli Kablo<\/td>\n<td>15\u00f8mm, 50mm\u00b2<\/td>\n<\/tr>\n<tr>\n<td>A\u011f\u0131rl\u0131k<\/td>\n<td>215 gr<\/td>\n<\/tr>\n<\/table>\n","protected":false},"excerpt":{"rendered":"<p><b>95 11 165 Kablo Makas\u0131<\/b><br \/>Ezmeden d\u00fcz ve temiz bir \u015fekilde keser. Tek elle kullan\u0131mda kolay kesim. Ayarlanabilir vidal\u0131 mafsal, kendili\u011finden emniyetlemeli. \u00d8 15 mm (50 mm\u00b2) kesite kadar \u00e7ok \u00e7ekirdekli bak\u0131r ve al\u00fcminyum kablolar\u0131 keser. \u00c7elik tel ve sert \u00e7ekilmi\u015f bak\u0131r iletkenler i\u00e7in uygun de\u011fildir. Hassas ta\u015flanm\u0131\u015f, sertle\u015ftirilmi\u015f kesiciler. S\u0131k\u0131\u015fmaya kar\u015f\u0131 korumal\u0131. <\/p>\n<li><b>Bak\u0131r kablo kesim de\u011feri, \u00e7ok telli: <\/b>50 mm\u00b2<\/li>\n<li><b>Bak\u0131r kablo kesim de\u011feri, \u00e7ok telli: <\/b>\u00d8 15 mm<\/li>\n<li><b>AWG: <\/b>1 \/ 0 <\/li>\n","protected":false},"featured_media":14549,"comment_status":"open","ping_status":"closed","template":"","meta":{"_acf_changed":false},"product_brand":[1486],"product_cat":[833],"product_tag":[],"class_list":{"0":"post-23508","1":"product","2":"type-product","3":"status-publish","4":"has-post-thumbnail","6":"product_brand-knipex","7":"product_cat-makaslar","9":"first","10":"instock","11":"taxable","12":"shipping-taxable","13":"purchasable","14":"product-type-simple","15":"add-to-wishlist-after_add_to_cart"},"acf":[],"_links":{"self":[{"href":"https:\/\/www.makitamarket.com.tr\/site\/wp-json\/wp\/v2\/product\/23508","targetHints":{"allow":["GET"]}}],"collection":[{"href":"https:\/\/www.makitamarket.com.tr\/site\/wp-json\/wp\/v2\/product"}],"about":[{"href":"https:\/\/www.makitamarket.com.tr\/site\/wp-json\/wp\/v2\/types\/product"}],"replies":[{"embeddable":true,"href":"https:\/\/www.makitamarket.com.tr\/site\/wp-json\/wp\/v2\/comments?post=23508"}],"wp:featuredmedia":[{"embeddable":true,"href":"https:\/\/www.makitamarket.com.tr\/site\/wp-json\/wp\/v2\/media\/14549"}],"wp:attachment":[{"href":"https:\/\/www.makitamarket.com.tr\/site\/wp-json\/wp\/v2\/media?parent=23508"}],"wp:term":[{"taxonomy":"product_brand","embeddable":true,"href":"https:\/\/www.makitamarket.com.tr\/site\/wp-json\/wp\/v2\/product_brand?post=23508"},{"taxonomy":"product_cat","embeddable":true,"href":"https:\/\/www.makitamarket.com.tr\/site\/wp-json\/wp\/v2\/product_cat?post=23508"},{"taxonomy":"product_tag","embeddable":true,"href":"https:\/\/www.makitamarket.com.tr\/site\/wp-json\/wp\/v2\/product_tag?post=23508"}],"curies":[{"name":"wp","href":"https:\/\/api.w.org\/{rel}","templated":true}]}}