{"id":23512,"date":"2025-01-06T16:42:26","date_gmt":"2025-01-06T13:42:26","guid":{"rendered":"https:\/\/www.makitamarket.com.tr\/site\/urun\/knipex-7622125-elektronikci-yan-keski-125-mm\/"},"modified":"2026-04-06T15:03:22","modified_gmt":"2026-04-06T12:03:22","slug":"knipex-7622125-elektronikci-yan-keski-125-mm","status":"publish","type":"product","link":"https:\/\/www.makitamarket.com.tr\/site\/urun\/knipex-7622125-elektronikci-yan-keski-125-mm\/","title":{"rendered":"Knipex 7622125 ELEKTRON\u0130K\u00c7\u0130 YAN KESK\u0130 125 mm"},"content":{"rendered":"<p><b>76 22 125 Yan keski<\/b><br \/>Keskin, hassas hizalanm\u0131\u015f kesici kenarlar ile. Kesicilere ek olarak ind\u00fcksiyon sertle\u015ftirme uygulamas\u0131 yap\u0131lm\u0131\u015ft\u0131r. Yerle\u015ftirilmi\u015f mafsal. Yumu\u015fak tellerin e\u015fit y\u00fczeyli \u015fekilde kesilmesi i\u00e7in fasetsiz. <\/p>\n<li><b>Yumu\u015fak tel kesme de\u011feri (\u00e7ap): <\/b>\u00d8 0,4 \u2013 2,5 mm<\/li>\n<li><b>\u00c7ene uzunlu\u011fu (B): <\/b>16 mm<\/li>\n<li><b>\u00c7ene kal\u0131nl\u0131\u011f\u0131 (eklem) (D): <\/b>9 mm<\/li>\n<li><b>Kafa geni\u015fli\u011fi (A): <\/b>14,5 mm<\/li>\n<table>\n<tr>\n<td>Uzunluk<\/td>\n<td>125<\/td>\n<\/tr>\n<tr>\n<td>Form<\/td>\n<td>T\u0131rt\u0131ks\u0131z b\u0131\u00e7ak, Yayl\u0131<\/td>\n<\/tr>\n<tr>\n<td>Sap<\/td>\n<td>\u0130nce \u0130zole<\/td>\n<\/tr>\n<tr>\n<td>Yumu\u015fak Tel<\/td>\n<td>0.4-2.5 \u00f8mm<\/td>\n<\/tr>\n<tr>\n<td>A\u011f\u0131rl\u0131k<\/td>\n<td>107 gr<\/td>\n<\/tr>\n<\/table>\n","protected":false},"excerpt":{"rendered":"<p><b>76 22 125 Yan keski<\/b><br \/>Keskin, hassas hizalanm\u0131\u015f kesici kenarlar ile. Kesicilere ek olarak ind\u00fcksiyon sertle\u015ftirme uygulamas\u0131 yap\u0131lm\u0131\u015ft\u0131r. Yerle\u015ftirilmi\u015f mafsal. Yumu\u015fak tellerin e\u015fit y\u00fczeyli \u015fekilde kesilmesi i\u00e7in fasetsiz. <\/p>\n<li><b>Yumu\u015fak tel kesme de\u011feri (\u00e7ap): <\/b>\u00d8 0,4 \u2013 2,5 mm<\/li>\n<li><b>\u00c7ene uzunlu\u011fu (B): <\/b>16 mm<\/li>\n<li><b>\u00c7ene kal\u0131nl\u0131\u011f\u0131 (eklem) (D): <\/b>9 mm<\/li>\n<li><b>Kafa geni\u015fli\u011fi (A): <\/b>14,5 mm<\/li>\n","protected":false},"featured_media":14598,"comment_status":"open","ping_status":"closed","template":"","meta":{"_acf_changed":false},"product_brand":[1486],"product_cat":[1161],"product_tag":[],"class_list":{"0":"post-23512","1":"product","2":"type-product","3":"status-publish","4":"has-post-thumbnail","6":"product_brand-knipex","7":"product_cat-yan-keskiler","9":"first","10":"instock","11":"taxable","12":"shipping-taxable","13":"purchasable","14":"product-type-simple","15":"add-to-wishlist-after_add_to_cart"},"acf":[],"_links":{"self":[{"href":"https:\/\/www.makitamarket.com.tr\/site\/wp-json\/wp\/v2\/product\/23512","targetHints":{"allow":["GET"]}}],"collection":[{"href":"https:\/\/www.makitamarket.com.tr\/site\/wp-json\/wp\/v2\/product"}],"about":[{"href":"https:\/\/www.makitamarket.com.tr\/site\/wp-json\/wp\/v2\/types\/product"}],"replies":[{"embeddable":true,"href":"https:\/\/www.makitamarket.com.tr\/site\/wp-json\/wp\/v2\/comments?post=23512"}],"wp:featuredmedia":[{"embeddable":true,"href":"https:\/\/www.makitamarket.com.tr\/site\/wp-json\/wp\/v2\/media\/14598"}],"wp:attachment":[{"href":"https:\/\/www.makitamarket.com.tr\/site\/wp-json\/wp\/v2\/media?parent=23512"}],"wp:term":[{"taxonomy":"product_brand","embeddable":true,"href":"https:\/\/www.makitamarket.com.tr\/site\/wp-json\/wp\/v2\/product_brand?post=23512"},{"taxonomy":"product_cat","embeddable":true,"href":"https:\/\/www.makitamarket.com.tr\/site\/wp-json\/wp\/v2\/product_cat?post=23512"},{"taxonomy":"product_tag","embeddable":true,"href":"https:\/\/www.makitamarket.com.tr\/site\/wp-json\/wp\/v2\/product_tag?post=23512"}],"curies":[{"name":"wp","href":"https:\/\/api.w.org\/{rel}","templated":true}]}}