{"id":23525,"date":"2025-01-06T16:42:34","date_gmt":"2025-01-06T13:42:34","guid":{"rendered":"https:\/\/www.makitamarket.com.tr\/site\/urun\/uni-t-ut151a-dijital-multimetre\/"},"modified":"2026-03-30T08:58:30","modified_gmt":"2026-03-30T05:58:30","slug":"uni-t-ut151a-dijital-multimetre","status":"publish","type":"product","link":"https:\/\/www.makitamarket.com.tr\/site\/urun\/uni-t-ut151a-dijital-multimetre\/","title":{"rendered":"Uni-t UT151A D\u0130J\u0130TAL MULT\u0130METRE"},"content":{"rendered":"<table>\n<tr>\n<td>DCV<\/td>\n<td>200m\/2\/20\/200\/1000V, \u00b10,5%<\/td>\n<\/tr>\n<tr>\n<td>ACV<\/td>\n<td>2\/20\/200\/750V, \u00b10,8% (40\u02dc400Hz)<\/td>\n<\/tr>\n<tr>\n<td>DCA<\/td>\n<td>200\u00b5\/2m\/200m\/20A, \u00b10,8%<\/td>\n<\/tr>\n<tr>\n<td>ACA<\/td>\n<td>200\u00b5\/2m\/200m\/20A, \u00b10,8%<\/td>\n<\/tr>\n<tr>\n<td>OHM<\/td>\n<td>200\/2k\/20k\/200k\/2M\/20M\/200 M\u2126,\u00b11,0%<\/td>\n<\/tr>\n<tr>\n<td>KAP<\/td>\n<td>200uF, \u00b15,0%<\/td>\n<\/tr>\n<tr>\n<td>Batarya Testi<\/td>\n<td>1,5V\/9V\/12V, \u00b12,5% Sesli ikaz &#038; Diyot testi &#038; Transist\u00f6r Testi<\/td>\n<\/tr>\n<tr>\n<td>Batarya<\/td>\n<td>9Vx1, 6F22<\/td>\n<\/tr>\n<tr>\n<td>Boyutlar<\/td>\n<td>186 x 91 x 39 mm<\/td>\n<\/tr>\n<tr>\n<td>A\u011f\u0131rl\u0131k<\/td>\n<td>300 g<\/td>\n<\/tr>\n<\/table>\n","protected":false},"excerpt":{"rendered":"<p>DCV 200m\/2\/20\/200\/1000V, \u00b10,5% ACV 2\/20\/200\/750V, \u00b10,8% (40\u02dc400Hz) DCA 200\u00b5\/2m\/200m\/20A, \u00b10,8% ACA 200\u00b5\/2m\/200m\/20A, \u00b10,8% OHM 200\/2k\/20k\/200k\/2M\/20M\/200 M\u2126,\u00b11,0% KAP 200uF, \u00b15,0% Batarya Testi 1,5V\/9V\/12V, \u00b12,5% Sesli ikaz &#038; Diyot testi &#038; Transist\u00f6r<\/p>\n","protected":false},"featured_media":14703,"comment_status":"open","ping_status":"closed","template":"","meta":{"_acf_changed":false},"product_brand":[1531],"product_cat":[1080],"product_tag":[],"class_list":{"0":"post-23525","1":"product","2":"type-product","3":"status-publish","4":"has-post-thumbnail","6":"product_brand-uni-t","7":"product_cat-dijital-multimetreler","9":"first","10":"instock","11":"taxable","12":"shipping-taxable","13":"purchasable","14":"product-type-simple","15":"add-to-wishlist-after_add_to_cart"},"acf":[],"_links":{"self":[{"href":"https:\/\/www.makitamarket.com.tr\/site\/wp-json\/wp\/v2\/product\/23525","targetHints":{"allow":["GET"]}}],"collection":[{"href":"https:\/\/www.makitamarket.com.tr\/site\/wp-json\/wp\/v2\/product"}],"about":[{"href":"https:\/\/www.makitamarket.com.tr\/site\/wp-json\/wp\/v2\/types\/product"}],"replies":[{"embeddable":true,"href":"https:\/\/www.makitamarket.com.tr\/site\/wp-json\/wp\/v2\/comments?post=23525"}],"wp:featuredmedia":[{"embeddable":true,"href":"https:\/\/www.makitamarket.com.tr\/site\/wp-json\/wp\/v2\/media\/14703"}],"wp:attachment":[{"href":"https:\/\/www.makitamarket.com.tr\/site\/wp-json\/wp\/v2\/media?parent=23525"}],"wp:term":[{"taxonomy":"product_brand","embeddable":true,"href":"https:\/\/www.makitamarket.com.tr\/site\/wp-json\/wp\/v2\/product_brand?post=23525"},{"taxonomy":"product_cat","embeddable":true,"href":"https:\/\/www.makitamarket.com.tr\/site\/wp-json\/wp\/v2\/product_cat?post=23525"},{"taxonomy":"product_tag","embeddable":true,"href":"https:\/\/www.makitamarket.com.tr\/site\/wp-json\/wp\/v2\/product_tag?post=23525"}],"curies":[{"name":"wp","href":"https:\/\/api.w.org\/{rel}","templated":true}]}}