{"id":23526,"date":"2025-01-06T16:42:35","date_gmt":"2025-01-06T13:42:35","guid":{"rendered":"https:\/\/www.makitamarket.com.tr\/site\/urun\/nikon-n33483-aluminyum-oksit-cirtli-6-delikli-disk-zimpara-150-mm-360-kum\/"},"modified":"2026-03-30T08:59:22","modified_gmt":"2026-03-30T05:59:22","slug":"nikon-n33483-aluminyum-oksit-cirtli-6-delikli-disk-zimpara-150-mm-360-kum","status":"publish","type":"product","link":"https:\/\/www.makitamarket.com.tr\/site\/urun\/nikon-n33483-aluminyum-oksit-cirtli-6-delikli-disk-zimpara-150-mm-360-kum\/","title":{"rendered":"Nikon N33483 AL\u00dcM\u0130NYUM OKS\u0130T CIRTLI 6 DEL\u0130KL\u0130 D\u0130SK ZIMPARA 150 mm 360 KUM"},"content":{"rendered":"<p>\n\t<span style=\"color: rgb(255, 0, 0);\"><strong>Kullan\u0131m Alan\u0131:<\/strong><\/span>\u00a0\u00d6zellikle Otomotiv sekt\u00f6r\u00fcnde z\u0131mparan\u0131n t\u0131kanmamas\u0131 sebebiyle ve Ah\u015fap y\u00fczeylerin z\u0131mparalanmas\u0131nda kullan\u0131l\u0131r.<\/p>\n<table>\n<tr>\n<td>Tipi<\/td>\n<td>Beyaz Al\u00fcminyum Oksit<\/td>\n<\/tr>\n<tr>\n<td>Kum<\/td>\n<td>360<\/td>\n<\/tr>\n<tr>\n<td>\u00d6l\u00e7\u00fcs\u00fc<\/td>\n<td>150mm &#8211; 6 Delikli<\/td>\n<\/tr>\n<tr>\n<td>Kutu \u0130\u00e7i Adedi<\/td>\n<td>100<\/td>\n<\/tr>\n<\/table>\n","protected":false},"excerpt":{"rendered":"<p>\n\t<span style=\"color: rgb(255, 0, 0);\"><strong>Kullan\u0131m Alan\u0131:<\/strong><\/span>\u00a0\u00d6zellikle Otomotiv sekt\u00f6r\u00fcnde z\u0131mparan\u0131n t\u0131kanmamas\u0131 sebebiyle ve Ah\u015fap y\u00fczeylerin z\u0131mparalanmas\u0131nda kullan\u0131l\u0131r.<\/p>\n","protected":false},"featured_media":0,"comment_status":"open","ping_status":"closed","template":"","meta":{"_acf_changed":false},"product_brand":[1518],"product_cat":[1272],"product_tag":[],"class_list":{"0":"post-23526","1":"product","2":"type-product","3":"status-publish","5":"product_brand-nikon","6":"product_cat-cirtli-disk-zimparalar","8":"first","9":"instock","10":"taxable","11":"shipping-taxable","12":"purchasable","13":"product-type-simple","14":"add-to-wishlist-after_add_to_cart"},"acf":[],"_links":{"self":[{"href":"https:\/\/www.makitamarket.com.tr\/site\/wp-json\/wp\/v2\/product\/23526","targetHints":{"allow":["GET"]}}],"collection":[{"href":"https:\/\/www.makitamarket.com.tr\/site\/wp-json\/wp\/v2\/product"}],"about":[{"href":"https:\/\/www.makitamarket.com.tr\/site\/wp-json\/wp\/v2\/types\/product"}],"replies":[{"embeddable":true,"href":"https:\/\/www.makitamarket.com.tr\/site\/wp-json\/wp\/v2\/comments?post=23526"}],"wp:attachment":[{"href":"https:\/\/www.makitamarket.com.tr\/site\/wp-json\/wp\/v2\/media?parent=23526"}],"wp:term":[{"taxonomy":"product_brand","embeddable":true,"href":"https:\/\/www.makitamarket.com.tr\/site\/wp-json\/wp\/v2\/product_brand?post=23526"},{"taxonomy":"product_cat","embeddable":true,"href":"https:\/\/www.makitamarket.com.tr\/site\/wp-json\/wp\/v2\/product_cat?post=23526"},{"taxonomy":"product_tag","embeddable":true,"href":"https:\/\/www.makitamarket.com.tr\/site\/wp-json\/wp\/v2\/product_tag?post=23526"}],"curies":[{"name":"wp","href":"https:\/\/api.w.org\/{rel}","templated":true}]}}