{"id":23529,"date":"2025-01-06T16:42:37","date_gmt":"2025-01-06T13:42:37","guid":{"rendered":"https:\/\/www.makitamarket.com.tr\/site\/urun\/junkaung-jk01012-gerdirme-1-ton-2-kanca\/"},"modified":"2026-04-06T15:06:54","modified_gmt":"2026-04-06T12:06:54","slug":"junkaung-jk01012-gerdirme-1-ton-2-kanca","status":"publish","type":"product","link":"https:\/\/www.makitamarket.com.tr\/site\/urun\/junkaung-jk01012-gerdirme-1-ton-2-kanca\/","title":{"rendered":"Junkaung JK01012 GERD\u0130RME (1 TON, 2 KANCA)"},"content":{"rendered":"<p>\n\t\u2022\u00c7antal\u0131<\/p>\n<table>\n<tr>\n<td>Kapasitesi<\/td>\n<td>1 Ton (1000 kg)<\/td>\n<\/tr>\n<tr>\n<td>Kanca Say\u0131s\u0131<\/td>\n<td>2 Ad.<\/td>\n<\/tr>\n<tr>\n<td>Kablo<\/td>\n<td>5 mm x 3 mt.<\/td>\n<\/tr>\n<tr>\n<td>Sap Kal\u0131nl\u0131\u011f\u0131<\/td>\n<td>3.5 mm<\/td>\n<\/tr>\n<tr>\n<td>G\u00f6vde Kal\u0131nl\u0131\u011f\u0131<\/td>\n<td>3,0 mm<\/td>\n<\/tr>\n<tr>\n<td>A\u011f\u0131rl\u0131k<\/td>\n<td>20,00 Kg<\/td>\n<\/tr>\n<tr>\n<td>Standart\u0131<\/td>\n<td>CE<\/td>\n<\/tr>\n<\/table>\n","protected":false},"excerpt":{"rendered":"<p>\n\t\u2022\u00c7antal\u0131<\/p>\n","protected":false},"featured_media":14739,"comment_status":"open","ping_status":"closed","template":"","meta":{"_acf_changed":false},"product_brand":[1549],"product_cat":[1069],"product_tag":[],"class_list":{"0":"post-23529","1":"product","2":"type-product","3":"status-publish","4":"has-post-thumbnail","6":"product_brand-junkaung","7":"product_cat-spanzetler-irgatlar-gerdirmeler","9":"first","10":"instock","11":"taxable","12":"shipping-taxable","13":"purchasable","14":"product-type-simple","15":"add-to-wishlist-after_add_to_cart"},"acf":[],"_links":{"self":[{"href":"https:\/\/www.makitamarket.com.tr\/site\/wp-json\/wp\/v2\/product\/23529","targetHints":{"allow":["GET"]}}],"collection":[{"href":"https:\/\/www.makitamarket.com.tr\/site\/wp-json\/wp\/v2\/product"}],"about":[{"href":"https:\/\/www.makitamarket.com.tr\/site\/wp-json\/wp\/v2\/types\/product"}],"replies":[{"embeddable":true,"href":"https:\/\/www.makitamarket.com.tr\/site\/wp-json\/wp\/v2\/comments?post=23529"}],"wp:featuredmedia":[{"embeddable":true,"href":"https:\/\/www.makitamarket.com.tr\/site\/wp-json\/wp\/v2\/media\/14739"}],"wp:attachment":[{"href":"https:\/\/www.makitamarket.com.tr\/site\/wp-json\/wp\/v2\/media?parent=23529"}],"wp:term":[{"taxonomy":"product_brand","embeddable":true,"href":"https:\/\/www.makitamarket.com.tr\/site\/wp-json\/wp\/v2\/product_brand?post=23529"},{"taxonomy":"product_cat","embeddable":true,"href":"https:\/\/www.makitamarket.com.tr\/site\/wp-json\/wp\/v2\/product_cat?post=23529"},{"taxonomy":"product_tag","embeddable":true,"href":"https:\/\/www.makitamarket.com.tr\/site\/wp-json\/wp\/v2\/product_tag?post=23529"}],"curies":[{"name":"wp","href":"https:\/\/api.w.org\/{rel}","templated":true}]}}