{"id":23537,"date":"2025-01-06T16:42:44","date_gmt":"2025-01-06T13:42:44","guid":{"rendered":"https:\/\/www.makitamarket.com.tr\/site\/urun\/knipex-922762-izoleli-cimbiz-150-mm\/"},"modified":"2026-04-06T15:08:14","modified_gmt":"2026-04-06T12:08:14","slug":"knipex-922762-izoleli-cimbiz-150-mm","status":"publish","type":"product","link":"https:\/\/www.makitamarket.com.tr\/site\/urun\/knipex-922762-izoleli-cimbiz-150-mm\/","title":{"rendered":"Knipex 922762 \u0130ZOLEL\u0130 CIMBIZ 150 mm"},"content":{"rendered":"<p><b>92 27 62 \u00dcniversal C\u0131mb\u0131z<\/b><br \/>Elektrik tesisatlar\u0131nda \u00e7al\u0131\u015fmak i\u00e7in izolasyonlu tutamaklar ile: 1000 V&#8217;a kadar g\u00fcvenlik sa\u011flar. Elektronik end\u00fcstrisindeki \u00e7ok \u00e7e\u015fitli gereksinimler ve uygulamalar i\u00e7indir. Elektromanyetik hasar\u0131 \u00f6nlemek i\u00e7in antimanyetik yap\u0131. Y\u00fcksek kaliteli paslanmaz \u00e7elik: \u00e7e\u015fitli atmosferik ortamlara ve bir\u00e7ok a\u015f\u0131nd\u0131r\u0131c\u0131 malzemeye kar\u015f\u0131 y\u00fcksek dayan\u0131m ve \u00e7ok iyi korozyon direnci. Set olarak da temin edilebilir (92 00 04). <\/p>\n<li><b>U\u00e7lar geni\u015flik (A): <\/b>1 mm<\/li>\n<li><b>U\u00e7lar geni\u015flik (B): <\/b>1,3 mm<\/li>\n<li><b>Korozyona dayan\u0131kl\u0131: <\/b>evet \u00a0<\/li>\n<li><b>Asit direnci: <\/b>\u00e7ok iyi<\/li>\n<li><b>ESD onayl\u0131: <\/b>yok \u00a0<\/li>\n<li><b>VDE onayl\u0131: <\/b>yok \u00a0<\/li>\n<li><b>Bran\u015flar: <\/b>End\u00fcstri Elektronik<\/li>\n<li><b>Manyetik: <\/b>manyetize edilemez (%80)<\/li>\n<li><b>Davran\u0131\u015f: <\/b>\u0130zoleli<\/li>\n<table>\n<tr>\n<td>Uzunluk<\/td>\n<td>150<\/td>\n<\/tr>\n<tr>\n<td>Form<\/td>\n<td>1000V, Elekronik, A\u011f\u0131z y\u00fczeyleri di\u015fli<\/td>\n<\/tr>\n<tr>\n<td>A\u011f\u0131rl\u0131k<\/td>\n<td>35 gr<\/td>\n<\/tr>\n<\/table>\n","protected":false},"excerpt":{"rendered":"<p><b>92 27 62 \u00dcniversal C\u0131mb\u0131z<\/b><br \/>Elektrik tesisatlar\u0131nda \u00e7al\u0131\u015fmak i\u00e7in izolasyonlu tutamaklar ile: 1000 V&#8217;a kadar g\u00fcvenlik sa\u011flar. Elektronik end\u00fcstrisindeki \u00e7ok \u00e7e\u015fitli gereksinimler ve uygulamalar i\u00e7indir. Elektromanyetik hasar\u0131 \u00f6nlemek i\u00e7in antimanyetik yap\u0131. Y\u00fcksek kaliteli paslanmaz \u00e7elik: \u00e7e\u015fitli atmosferik ortamlara ve bir\u00e7ok a\u015f\u0131nd\u0131r\u0131c\u0131 malzemeye kar\u015f\u0131 y\u00fcksek dayan\u0131m ve \u00e7ok iyi korozyon direnci. Set olarak da temin edilebilir (92 00 04). <\/p>\n<li><b>U\u00e7lar geni\u015flik (A): <\/b>1 mm<\/li>\n<li><b>U\u00e7lar geni\u015flik (B): <\/b>1,3 mm<\/li>\n<li><b>Korozyona dayan\u0131kl\u0131: <\/b>evet \u00a0<\/li>\n<li><b>Asit direnci: <\/b>\u00e7ok iyi<\/li>\n<li><b>ESD onayl\u0131: <\/b>yok \u00a0<\/li>\n<li><b>VDE onayl\u0131: <\/b>yok \u00a0<\/li>\n<li><b>Bran\u015flar: <\/b>End\u00fcstri Elektronik<\/li>\n<li><b>Manyetik: <\/b>manyetize edilemez (%80)<\/li>\n<li><b>Davran\u0131\u015f: <\/b>\u0130zoleli<\/li>\n","protected":false},"featured_media":14821,"comment_status":"open","ping_status":"closed","template":"","meta":{"_acf_changed":false},"product_brand":[1486],"product_cat":[1313],"product_tag":[],"class_list":{"0":"post-23537","1":"product","2":"type-product","3":"status-publish","4":"has-post-thumbnail","6":"product_brand-knipex","7":"product_cat-cimbizlar","9":"first","10":"instock","11":"taxable","12":"shipping-taxable","13":"purchasable","14":"product-type-simple","15":"add-to-wishlist-after_add_to_cart"},"acf":[],"_links":{"self":[{"href":"https:\/\/www.makitamarket.com.tr\/site\/wp-json\/wp\/v2\/product\/23537","targetHints":{"allow":["GET"]}}],"collection":[{"href":"https:\/\/www.makitamarket.com.tr\/site\/wp-json\/wp\/v2\/product"}],"about":[{"href":"https:\/\/www.makitamarket.com.tr\/site\/wp-json\/wp\/v2\/types\/product"}],"replies":[{"embeddable":true,"href":"https:\/\/www.makitamarket.com.tr\/site\/wp-json\/wp\/v2\/comments?post=23537"}],"wp:featuredmedia":[{"embeddable":true,"href":"https:\/\/www.makitamarket.com.tr\/site\/wp-json\/wp\/v2\/media\/14821"}],"wp:attachment":[{"href":"https:\/\/www.makitamarket.com.tr\/site\/wp-json\/wp\/v2\/media?parent=23537"}],"wp:term":[{"taxonomy":"product_brand","embeddable":true,"href":"https:\/\/www.makitamarket.com.tr\/site\/wp-json\/wp\/v2\/product_brand?post=23537"},{"taxonomy":"product_cat","embeddable":true,"href":"https:\/\/www.makitamarket.com.tr\/site\/wp-json\/wp\/v2\/product_cat?post=23537"},{"taxonomy":"product_tag","embeddable":true,"href":"https:\/\/www.makitamarket.com.tr\/site\/wp-json\/wp\/v2\/product_tag?post=23537"}],"curies":[{"name":"wp","href":"https:\/\/api.w.org\/{rel}","templated":true}]}}