{"id":23545,"date":"2025-01-06T16:42:47","date_gmt":"2025-01-06T13:42:47","guid":{"rendered":"https:\/\/www.makitamarket.com.tr\/site\/urun\/knipex-9721215b-papuc-sikma-ve-kablo-siyirma-pensi-215-mm\/"},"modified":"2026-04-06T15:09:14","modified_gmt":"2026-04-06T12:09:14","slug":"knipex-9721215b-papuc-sikma-ve-kablo-siyirma-pensi-215-mm","status":"publish","type":"product","link":"https:\/\/www.makitamarket.com.tr\/site\/urun\/knipex-9721215b-papuc-sikma-ve-kablo-siyirma-pensi-215-mm\/","title":{"rendered":"Knipex 9721215B PAPU\u00c7 SIKMA VE KABLO SIYIRMA PENS\u0130 215 mm"},"content":{"rendered":"<p><b>97 21 215 S\u0131kma Pense<\/b><br \/>Kablo kesmek, tellerin izolasyonunu s\u0131y\u0131rmak, izoleli ve izolesiz kablo pabu\u00e7lar\u0131n\u0131n ve ge\u00e7me terminallerin ve a\u00e7\u0131k terminallerin s\u0131k\u0131lmas\u0131 (krimplenmesi) i\u00e7in. M 2,6; M 3; M 3,5; M 4 ve M 5 bak\u0131r veya pirin\u00e7 vida di\u015fli pimlerin kesilmesi i\u00e7ividaya uygun delikler. Y\u00fcksek stabilizasyon ve d\u00fczenli \u00e7al\u0131\u015fma hareketini sa\u011flayan vidal\u0131 mafsal. <\/p>\n<li><b>Uygulama: <\/b>izoleli kablo pabucu + kablo soketi<\/li>\n<li><b>Kapasite milimetrekare: <\/b>0,5 \u2014 6,0 mm\u00b2<\/li>\n<li><b>Yuva say\u0131s\u0131: <\/b>3<\/li>\n<li><b>AWG: <\/b>20 \u2014 10 <\/li>\n<table>\n<tr>\n<td>Uzunluk<\/td>\n<td>215<\/td>\n<\/tr>\n<tr>\n<td>Sap<\/td>\n<td>\u0130zole<\/td>\n<\/tr>\n<tr>\n<td>Uygulama<\/td>\n<td>\u0130zole kablo aya\u011f\u0131<\/td>\n<\/tr>\n<tr>\n<td>Kapasite<\/td>\n<td>0.5-2.5mm\u00b2 AWG 20-13<\/td>\n<\/tr>\n<tr>\n<td>A\u011f\u0131rl\u0131k<\/td>\n<td>300 gr<\/td>\n<\/tr>\n<\/table>\n","protected":false},"excerpt":{"rendered":"<p><b>97 21 215 S\u0131kma Pense<\/b><br \/>Kablo kesmek, tellerin izolasyonunu s\u0131y\u0131rmak, izoleli ve izolesiz kablo pabu\u00e7lar\u0131n\u0131n ve ge\u00e7me terminallerin ve a\u00e7\u0131k terminallerin s\u0131k\u0131lmas\u0131 (krimplenmesi) i\u00e7in. M 2,6; M 3; M 3,5; M 4 ve M 5 bak\u0131r veya pirin\u00e7 vida di\u015fli pimlerin kesilmesi i\u00e7ividaya uygun delikler. Y\u00fcksek stabilizasyon ve d\u00fczenli \u00e7al\u0131\u015fma hareketini sa\u011flayan vidal\u0131 mafsal. <\/p>\n<li><b>Uygulama: <\/b>izoleli kablo pabucu + kablo soketi<\/li>\n<li><b>Kapasite milimetrekare: <\/b>0,5 \u2014 6,0 mm\u00b2<\/li>\n<li><b>Yuva say\u0131s\u0131: <\/b>3<\/li>\n<li><b>AWG: <\/b>20 \u2014 10 <\/li>\n","protected":false},"featured_media":14853,"comment_status":"open","ping_status":"closed","template":"","meta":{"_acf_changed":false},"product_brand":[1486],"product_cat":[852],"product_tag":[],"class_list":{"0":"post-23545","1":"product","2":"type-product","3":"status-publish","4":"has-post-thumbnail","6":"product_brand-knipex","7":"product_cat-kablo-yuksuk-ve-pabuc-sikmalar","9":"first","10":"outofstock","11":"taxable","12":"shipping-taxable","13":"purchasable","14":"product-type-simple","15":"add-to-wishlist-after_add_to_cart"},"acf":[],"_links":{"self":[{"href":"https:\/\/www.makitamarket.com.tr\/site\/wp-json\/wp\/v2\/product\/23545","targetHints":{"allow":["GET"]}}],"collection":[{"href":"https:\/\/www.makitamarket.com.tr\/site\/wp-json\/wp\/v2\/product"}],"about":[{"href":"https:\/\/www.makitamarket.com.tr\/site\/wp-json\/wp\/v2\/types\/product"}],"replies":[{"embeddable":true,"href":"https:\/\/www.makitamarket.com.tr\/site\/wp-json\/wp\/v2\/comments?post=23545"}],"wp:featuredmedia":[{"embeddable":true,"href":"https:\/\/www.makitamarket.com.tr\/site\/wp-json\/wp\/v2\/media\/14853"}],"wp:attachment":[{"href":"https:\/\/www.makitamarket.com.tr\/site\/wp-json\/wp\/v2\/media?parent=23545"}],"wp:term":[{"taxonomy":"product_brand","embeddable":true,"href":"https:\/\/www.makitamarket.com.tr\/site\/wp-json\/wp\/v2\/product_brand?post=23545"},{"taxonomy":"product_cat","embeddable":true,"href":"https:\/\/www.makitamarket.com.tr\/site\/wp-json\/wp\/v2\/product_cat?post=23545"},{"taxonomy":"product_tag","embeddable":true,"href":"https:\/\/www.makitamarket.com.tr\/site\/wp-json\/wp\/v2\/product_tag?post=23545"}],"curies":[{"name":"wp","href":"https:\/\/api.w.org\/{rel}","templated":true}]}}