{"id":23558,"date":"2025-01-06T16:43:00","date_gmt":"2025-01-06T13:43:00","guid":{"rendered":"https:\/\/www.makitamarket.com.tr\/site\/urun\/knipex-7841125-super-knips-keski-125-mm\/"},"modified":"2026-04-06T15:14:17","modified_gmt":"2026-04-06T12:14:17","slug":"knipex-7841125-super-knips-keski-125-mm","status":"publish","type":"product","link":"https:\/\/www.makitamarket.com.tr\/site\/urun\/knipex-7841125-super-knips-keski-125-mm\/","title":{"rendered":"Knipex 7841125 S\u00dcPER KNIPS KESK\u0130 125 mm"},"content":{"rendered":"<p><b>78 41 125 Electronic Super Knips\u00ae<\/b><br \/>Elektronik ve hassas mekanik kesimleri i\u00e7in ideal. \u00c7apaks\u0131z, ta\u015flanm\u0131\u015f, \u00e7ok keskin b\u0131\u00e7aklar. Hassas \u015fekillendirilmi\u015f u\u00e7lar \u00e7ap\u0131 0,2 mm\u2019den b\u00fcy\u00fck olan biti\u015fik telleri de keser. Kontroll\u00fc mikro kesici eleman\u0131 ile yap\u0131lan kesim i\u015flemi \u00e7ok ince tellerin hassas kesilmesini sa\u011flar ve uzun kullan\u0131m \u00f6mr\u00fcne sahiptir. Paslanmaz \u00e7elik per\u00e7inli mafsal. Hafif tasar\u0131m\u0131yla konforlu \u00e7al\u0131\u015fma. A\u00e7ma yay\u0131 ve kesim \u00e7ap\u0131 sabitleme. Tel k\u0131ska\u00e7l\u0131 &#8211; kesilen teller kontrols\u00fcz bir \u015fekilde s\u0131\u00e7ramaz. Dar kafal\u0131. Kesicilere ek olarak ind\u00fcksiyon sertle\u015ftirme uygulanm\u0131\u015ft\u0131r, kesici sertli\u011fi yakl. 60 HRC. \u00d6zel \u00e7eli\u011fi, perdahlanm\u0131\u015f. <\/p>\n<li><b>Yumu\u015fak tel kesme de\u011feri (\u00e7ap): <\/b>\u00d8 0,2 \u2013 1 mm<\/li>\n<li><b>\u00c7ene uzunlu\u011fu (B): <\/b>9 mm<\/li>\n<li><b>\u00c7ene kal\u0131nl\u0131\u011f\u0131 (eklem) (D): <\/b>7,5 mm<\/li>\n<li><b>Kafa geni\u015fli\u011fi (A): <\/b>12,5 mm<\/li>\n<table>\n<tr>\n<td>Yumu\u015fak Tel<\/td>\n<td>0.2-1.0 \u00f8mm<\/td>\n<\/tr>\n<tr>\n<td>A\u011f\u0131rl\u0131k<\/td>\n<td>50 gr<\/td>\n<\/tr>\n<tr>\n<td>Uzunluk<\/td>\n<td>125<\/td>\n<\/tr>\n<tr>\n<td>b<\/td>\n<td>9 mm<\/td>\n<\/tr>\n<tr>\n<td>a<\/td>\n<td>12.5 mm<\/td>\n<\/tr>\n<tr>\n<td>D<\/td>\n<td>7.5 mm<\/td>\n<\/tr>\n<tr>\n<td>Form<\/td>\n<td>T\u0131rt\u0131ks\u0131z b\u0131\u00e7ak &#8211; Tel mandal ile<\/td>\n<\/tr>\n<\/table>\n","protected":false},"excerpt":{"rendered":"<p><b>78 41 125 Electronic Super Knips\u00ae<\/b><br \/>Elektronik ve hassas mekanik kesimleri i\u00e7in ideal. \u00c7apaks\u0131z, ta\u015flanm\u0131\u015f, \u00e7ok keskin b\u0131\u00e7aklar. Hassas \u015fekillendirilmi\u015f u\u00e7lar \u00e7ap\u0131 0,2 mm\u2019den b\u00fcy\u00fck olan biti\u015fik telleri de keser. Kontroll\u00fc mikro kesici eleman\u0131 ile yap\u0131lan kesim i\u015flemi \u00e7ok ince tellerin hassas kesilmesini sa\u011flar ve uzun kullan\u0131m \u00f6mr\u00fcne sahiptir. Paslanmaz \u00e7elik per\u00e7inli mafsal. Hafif tasar\u0131m\u0131yla konforlu \u00e7al\u0131\u015fma. A\u00e7ma yay\u0131 ve kesim \u00e7ap\u0131 sabitleme. Tel k\u0131ska\u00e7l\u0131 &#8211; kesilen teller kontrols\u00fcz bir \u015fekilde s\u0131\u00e7ramaz. Dar kafal\u0131. Kesicilere ek olarak ind\u00fcksiyon sertle\u015ftirme uygulanm\u0131\u015ft\u0131r, kesici sertli\u011fi yakl. 60 HRC. \u00d6zel \u00e7eli\u011fi, perdahlanm\u0131\u015f. <\/p>\n<li><b>Yumu\u015fak tel kesme de\u011feri (\u00e7ap): <\/b>\u00d8 0,2 \u2013 1 mm<\/li>\n<li><b>\u00c7ene uzunlu\u011fu (B): <\/b>9 mm<\/li>\n<li><b>\u00c7ene kal\u0131nl\u0131\u011f\u0131 (eklem) (D): <\/b>7,5 mm<\/li>\n<li><b>Kafa geni\u015fli\u011fi (A): <\/b>12,5 mm<\/li>\n","protected":false},"featured_media":15031,"comment_status":"open","ping_status":"closed","template":"","meta":{"_acf_changed":false},"product_brand":[1486],"product_cat":[1161],"product_tag":[],"class_list":{"0":"post-23558","1":"product","2":"type-product","3":"status-publish","4":"has-post-thumbnail","6":"product_brand-knipex","7":"product_cat-yan-keskiler","9":"first","10":"instock","11":"taxable","12":"shipping-taxable","13":"purchasable","14":"product-type-simple","15":"add-to-wishlist-after_add_to_cart"},"acf":[],"_links":{"self":[{"href":"https:\/\/www.makitamarket.com.tr\/site\/wp-json\/wp\/v2\/product\/23558","targetHints":{"allow":["GET"]}}],"collection":[{"href":"https:\/\/www.makitamarket.com.tr\/site\/wp-json\/wp\/v2\/product"}],"about":[{"href":"https:\/\/www.makitamarket.com.tr\/site\/wp-json\/wp\/v2\/types\/product"}],"replies":[{"embeddable":true,"href":"https:\/\/www.makitamarket.com.tr\/site\/wp-json\/wp\/v2\/comments?post=23558"}],"wp:featuredmedia":[{"embeddable":true,"href":"https:\/\/www.makitamarket.com.tr\/site\/wp-json\/wp\/v2\/media\/15031"}],"wp:attachment":[{"href":"https:\/\/www.makitamarket.com.tr\/site\/wp-json\/wp\/v2\/media?parent=23558"}],"wp:term":[{"taxonomy":"product_brand","embeddable":true,"href":"https:\/\/www.makitamarket.com.tr\/site\/wp-json\/wp\/v2\/product_brand?post=23558"},{"taxonomy":"product_cat","embeddable":true,"href":"https:\/\/www.makitamarket.com.tr\/site\/wp-json\/wp\/v2\/product_cat?post=23558"},{"taxonomy":"product_tag","embeddable":true,"href":"https:\/\/www.makitamarket.com.tr\/site\/wp-json\/wp\/v2\/product_tag?post=23558"}],"curies":[{"name":"wp","href":"https:\/\/api.w.org\/{rel}","templated":true}]}}