{"id":23593,"date":"2025-01-06T16:43:25","date_gmt":"2025-01-06T13:43:25","guid":{"rendered":"https:\/\/www.makitamarket.com.tr\/site\/urun\/knipex-929590-icten-gecmeli-cimbiz-160-mm\/"},"modified":"2026-04-06T15:20:52","modified_gmt":"2026-04-06T12:20:52","slug":"knipex-929590-icten-gecmeli-cimbiz-160-mm","status":"publish","type":"product","link":"https:\/\/www.makitamarket.com.tr\/site\/urun\/knipex-929590-icten-gecmeli-cimbiz-160-mm\/","title":{"rendered":"Knipex 929590 \u0130\u00c7TEN GE\u00c7MEL\u0130 CIMBIZ 160 mm"},"content":{"rendered":"<p><b>92 95 90 \u00dcniversal burgulu c\u0131mb\u0131z<\/b><br \/>Kolay tutu\u015f: Yay kuvveti sayesinde bu tutma c\u0131mb\u0131zlar\u0131, di\u011fer kullan\u0131mlar\u0131n yan\u0131 s\u0131ra \u00e7ok k\u00fc\u00e7\u00fck bile\u015fenlerin lehimlenmesi i\u00e7in idealdir. Mikroskopi veya hassas montaj veya lehimleme g\u00f6revleri gibi y\u00fcksek hassasiyetli kendi kendine kapama i\u015flevi gerektiren uygulamalar i\u00e7in. Transist\u00f6rler, alt\u0131n tel diyotlar vb. \u00dczerinde lehimleme \u00e7al\u0131\u015fmalar\u0131 i\u00e7in. M\u00fckemmel simetrik u\u00e7lar\u0131 ve m\u00fckemmel dengesi sayesinde elektronik end\u00fcstrisindeki \u00e7ok \u00e7e\u015fitli uygulamalar i\u00e7in uygundur. Y\u00fcksek kaliteli paslanmaz \u00e7elik: \u00e7e\u015fitli atmosferik ortamlara ve bir\u00e7ok a\u015f\u0131nd\u0131r\u0131c\u0131 malzemeye kar\u015f\u0131 y\u00fcksek dayan\u0131m ve \u00e7ok iyi korozyon direnci. <\/p>\n<li><b>Y\u00fczey: <\/b>mat<\/li>\n<li><b>U\u00e7lar geni\u015flik (A): <\/b>0,8 mm<\/li>\n<li><b>U\u00e7lar geni\u015flik (B): <\/b>1 mm<\/li>\n<li><b>C\u0131mb\u0131z ucu versiyonu: <\/b>K\u00fct \u015fekil<\/li>\n<li><b>Korozyona dayan\u0131kl\u0131: <\/b>evet \u00a0<\/li>\n<li><b>Asit direnci: <\/b>\u00e7ok iyi<\/li>\n<li><b>ESD onayl\u0131: <\/b>yok \u00a0<\/li>\n<li><b>VDE onayl\u0131: <\/b>yok \u00a0<\/li>\n<li><b>Bran\u015flar: <\/b>End\u00fcstri Elektronik<\/li>\n<li><b>Manyetik: <\/b>manyetize edilemez (%80)<\/li>\n<table>\n<tr>\n<td>Uzunluk<\/td>\n<td>160<\/td>\n<\/tr>\n<tr>\n<td>Form<\/td>\n<td>Elektronik, 45\u00b0 A\u00e7\u0131, A\u011f\u0131z y\u00fczeyleri di\u015fli<\/td>\n<\/tr>\n<tr>\n<td>\u00d6zellik<\/td>\n<td>Nikelajl\u0131<\/td>\n<\/tr>\n<tr>\n<td>A\u011f\u0131rl\u0131k<\/td>\n<td>32 gr<\/td>\n<\/tr>\n<\/table>\n","protected":false},"excerpt":{"rendered":"<p><b>92 95 90 \u00dcniversal burgulu c\u0131mb\u0131z<\/b><br \/>Kolay tutu\u015f: Yay kuvveti sayesinde bu tutma c\u0131mb\u0131zlar\u0131, di\u011fer kullan\u0131mlar\u0131n yan\u0131 s\u0131ra \u00e7ok k\u00fc\u00e7\u00fck bile\u015fenlerin lehimlenmesi i\u00e7in idealdir. Mikroskopi veya hassas montaj veya lehimleme g\u00f6revleri gibi y\u00fcksek hassasiyetli kendi kendine kapama i\u015flevi gerektiren uygulamalar i\u00e7in. Transist\u00f6rler, alt\u0131n tel diyotlar vb. \u00dczerinde lehimleme \u00e7al\u0131\u015fmalar\u0131 i\u00e7in. M\u00fckemmel simetrik u\u00e7lar\u0131 ve m\u00fckemmel dengesi sayesinde elektronik end\u00fcstrisindeki \u00e7ok \u00e7e\u015fitli uygulamalar i\u00e7in uygundur. Y\u00fcksek kaliteli paslanmaz \u00e7elik: \u00e7e\u015fitli atmosferik ortamlara ve bir\u00e7ok a\u015f\u0131nd\u0131r\u0131c\u0131 malzemeye kar\u015f\u0131 y\u00fcksek dayan\u0131m ve \u00e7ok iyi korozyon direnci. <\/p>\n<li><b>Y\u00fczey: <\/b>mat<\/li>\n<li><b>U\u00e7lar geni\u015flik (A): <\/b>0,8 mm<\/li>\n<li><b>U\u00e7lar geni\u015flik (B): <\/b>1 mm<\/li>\n<li><b>C\u0131mb\u0131z ucu versiyonu: <\/b>K\u00fct \u015fekil<\/li>\n<li><b>Korozyona dayan\u0131kl\u0131: <\/b>evet \u00a0<\/li>\n<li><b>Asit direnci: <\/b>\u00e7ok iyi<\/li>\n<li><b>ESD onayl\u0131: <\/b>yok \u00a0<\/li>\n<li><b>VDE onayl\u0131: <\/b>yok \u00a0<\/li>\n<li><b>Bran\u015flar: <\/b>End\u00fcstri Elektronik<\/li>\n<li><b>Manyetik: <\/b>manyetize edilemez (%80)<\/li>\n","protected":false},"featured_media":15333,"comment_status":"open","ping_status":"closed","template":"","meta":{"_acf_changed":false},"product_brand":[1486],"product_cat":[1313],"product_tag":[],"class_list":{"0":"post-23593","1":"product","2":"type-product","3":"status-publish","4":"has-post-thumbnail","6":"product_brand-knipex","7":"product_cat-cimbizlar","9":"first","10":"instock","11":"taxable","12":"shipping-taxable","13":"purchasable","14":"product-type-simple","15":"add-to-wishlist-after_add_to_cart"},"acf":[],"_links":{"self":[{"href":"https:\/\/www.makitamarket.com.tr\/site\/wp-json\/wp\/v2\/product\/23593","targetHints":{"allow":["GET"]}}],"collection":[{"href":"https:\/\/www.makitamarket.com.tr\/site\/wp-json\/wp\/v2\/product"}],"about":[{"href":"https:\/\/www.makitamarket.com.tr\/site\/wp-json\/wp\/v2\/types\/product"}],"replies":[{"embeddable":true,"href":"https:\/\/www.makitamarket.com.tr\/site\/wp-json\/wp\/v2\/comments?post=23593"}],"wp:featuredmedia":[{"embeddable":true,"href":"https:\/\/www.makitamarket.com.tr\/site\/wp-json\/wp\/v2\/media\/15333"}],"wp:attachment":[{"href":"https:\/\/www.makitamarket.com.tr\/site\/wp-json\/wp\/v2\/media?parent=23593"}],"wp:term":[{"taxonomy":"product_brand","embeddable":true,"href":"https:\/\/www.makitamarket.com.tr\/site\/wp-json\/wp\/v2\/product_brand?post=23593"},{"taxonomy":"product_cat","embeddable":true,"href":"https:\/\/www.makitamarket.com.tr\/site\/wp-json\/wp\/v2\/product_cat?post=23593"},{"taxonomy":"product_tag","embeddable":true,"href":"https:\/\/www.makitamarket.com.tr\/site\/wp-json\/wp\/v2\/product_tag?post=23593"}],"curies":[{"name":"wp","href":"https:\/\/api.w.org\/{rel}","templated":true}]}}