{"id":23594,"date":"2025-01-06T16:43:27","date_gmt":"2025-01-06T13:43:27","guid":{"rendered":"https:\/\/www.makitamarket.com.tr\/site\/urun\/todrill-td50306-sds-max-yassi-keski\/"},"modified":"2026-03-30T09:10:27","modified_gmt":"2026-03-30T06:10:27","slug":"todrill-td50306-sds-max-yassi-keski","status":"publish","type":"product","link":"https:\/\/www.makitamarket.com.tr\/site\/urun\/todrill-td50306-sds-max-yassi-keski\/","title":{"rendered":"Todrill TD50306 SDS &#8211; MAX YASSI KESK\u0130"},"content":{"rendered":"<table>\n<tr>\n<td>\u00d6l\u00e7\u00fc<\/td>\n<td>18 X 25 X 600 mm<\/td>\n<\/tr>\n<tr>\n<td>Kutu\/Koli \u0130\u00e7i Adedi<\/td>\n<td>5\/25<\/td>\n<\/tr>\n<\/table>\n","protected":false},"excerpt":{"rendered":"<p>\u00d6l\u00e7\u00fc 18 X 25 X 600 mm Kutu\/Koli \u0130\u00e7i Adedi 5\/25<\/p>\n","protected":false},"featured_media":15365,"comment_status":"open","ping_status":"closed","template":"","meta":{"_acf_changed":false},"product_brand":[1544],"product_cat":[1321],"product_tag":[],"class_list":{"0":"post-23594","1":"product","2":"type-product","3":"status-publish","4":"has-post-thumbnail","6":"product_brand-todrill","7":"product_cat-yassi-keskiler","9":"first","10":"instock","11":"taxable","12":"shipping-taxable","13":"purchasable","14":"product-type-simple","15":"add-to-wishlist-after_add_to_cart"},"acf":[],"_links":{"self":[{"href":"https:\/\/www.makitamarket.com.tr\/site\/wp-json\/wp\/v2\/product\/23594","targetHints":{"allow":["GET"]}}],"collection":[{"href":"https:\/\/www.makitamarket.com.tr\/site\/wp-json\/wp\/v2\/product"}],"about":[{"href":"https:\/\/www.makitamarket.com.tr\/site\/wp-json\/wp\/v2\/types\/product"}],"replies":[{"embeddable":true,"href":"https:\/\/www.makitamarket.com.tr\/site\/wp-json\/wp\/v2\/comments?post=23594"}],"wp:featuredmedia":[{"embeddable":true,"href":"https:\/\/www.makitamarket.com.tr\/site\/wp-json\/wp\/v2\/media\/15365"}],"wp:attachment":[{"href":"https:\/\/www.makitamarket.com.tr\/site\/wp-json\/wp\/v2\/media?parent=23594"}],"wp:term":[{"taxonomy":"product_brand","embeddable":true,"href":"https:\/\/www.makitamarket.com.tr\/site\/wp-json\/wp\/v2\/product_brand?post=23594"},{"taxonomy":"product_cat","embeddable":true,"href":"https:\/\/www.makitamarket.com.tr\/site\/wp-json\/wp\/v2\/product_cat?post=23594"},{"taxonomy":"product_tag","embeddable":true,"href":"https:\/\/www.makitamarket.com.tr\/site\/wp-json\/wp\/v2\/product_tag?post=23594"}],"curies":[{"name":"wp","href":"https:\/\/api.w.org\/{rel}","templated":true}]}}