{"id":23598,"date":"2025-01-06T16:43:31","date_gmt":"2025-01-06T13:43:31","guid":{"rendered":"https:\/\/www.makitamarket.com.tr\/site\/urun\/weller-sg40-pro-serisi-havya-uclari\/"},"modified":"2026-03-30T09:11:22","modified_gmt":"2026-03-30T06:11:22","slug":"weller-sg40-pro-serisi-havya-uclari","status":"publish","type":"product","link":"https:\/\/www.makitamarket.com.tr\/site\/urun\/weller-sg40-pro-serisi-havya-uclari\/","title":{"rendered":"Weller SG40 PRO SER\u0130S\u0130 HAVYA U\u00c7LARI"},"content":{"rendered":"<table>\n<tr>\n<td>U\u00e7 \u00d6l\u00e7\u00fcs\u00fc<\/td>\n<td>7,00 mm<\/td>\n<\/tr>\n<tr>\n<td>Uyumlu Havya<\/td>\n<td>PRO100<\/td>\n<\/tr>\n<tr>\n<td>A\u00e7\u0131klama<\/td>\n<td>Demir Kapl\u0131 D\u00fcz U\u00e7 1 adet, u\u00e7ta e\u011fim<\/td>\n<\/tr>\n<\/table>\n","protected":false},"excerpt":{"rendered":"<p>U\u00e7 \u00d6l\u00e7\u00fcs\u00fc 7,00 mm Uyumlu Havya PRO100 A\u00e7\u0131klama Demir Kapl\u0131 D\u00fcz U\u00e7 1 adet, u\u00e7ta e\u011fim<\/p>\n","protected":false},"featured_media":15407,"comment_status":"open","ping_status":"closed","template":"","meta":{"_acf_changed":false},"product_brand":[1530],"product_cat":[1171],"product_tag":[],"class_list":{"0":"post-23598","1":"product","2":"type-product","3":"status-publish","4":"has-post-thumbnail","6":"product_brand-weller","7":"product_cat-yedek-lehim-uclari","9":"first","10":"instock","11":"taxable","12":"shipping-taxable","13":"purchasable","14":"product-type-simple","15":"add-to-wishlist-after_add_to_cart"},"acf":[],"_links":{"self":[{"href":"https:\/\/www.makitamarket.com.tr\/site\/wp-json\/wp\/v2\/product\/23598","targetHints":{"allow":["GET"]}}],"collection":[{"href":"https:\/\/www.makitamarket.com.tr\/site\/wp-json\/wp\/v2\/product"}],"about":[{"href":"https:\/\/www.makitamarket.com.tr\/site\/wp-json\/wp\/v2\/types\/product"}],"replies":[{"embeddable":true,"href":"https:\/\/www.makitamarket.com.tr\/site\/wp-json\/wp\/v2\/comments?post=23598"}],"wp:featuredmedia":[{"embeddable":true,"href":"https:\/\/www.makitamarket.com.tr\/site\/wp-json\/wp\/v2\/media\/15407"}],"wp:attachment":[{"href":"https:\/\/www.makitamarket.com.tr\/site\/wp-json\/wp\/v2\/media?parent=23598"}],"wp:term":[{"taxonomy":"product_brand","embeddable":true,"href":"https:\/\/www.makitamarket.com.tr\/site\/wp-json\/wp\/v2\/product_brand?post=23598"},{"taxonomy":"product_cat","embeddable":true,"href":"https:\/\/www.makitamarket.com.tr\/site\/wp-json\/wp\/v2\/product_cat?post=23598"},{"taxonomy":"product_tag","embeddable":true,"href":"https:\/\/www.makitamarket.com.tr\/site\/wp-json\/wp\/v2\/product_tag?post=23598"}],"curies":[{"name":"wp","href":"https:\/\/api.w.org\/{rel}","templated":true}]}}