{"id":23602,"date":"2025-01-06T16:43:34","date_gmt":"2025-01-06T13:43:34","guid":{"rendered":"https:\/\/www.makitamarket.com.tr\/site\/urun\/knipex-3023140-yassi-agiz-uzun-kargaburun-140-mm\/"},"modified":"2026-04-06T15:23:44","modified_gmt":"2026-04-06T12:23:44","slug":"knipex-3023140-yassi-agiz-uzun-kargaburun-140-mm","status":"publish","type":"product","link":"https:\/\/www.makitamarket.com.tr\/site\/urun\/knipex-3023140-yassi-agiz-uzun-kargaburun-140-mm\/","title":{"rendered":"Knipex 3023140 YASSI A\u011eIZ UZUN KARGABURUN 140 mm"},"content":{"rendered":"<p><b>30 23 140 D\u00fcz Kargaburun<\/b><br \/>Mekanik zorlamaya kar\u015f\u0131 dayan\u0131kl\u0131 ve az a\u015f\u0131n\u0131r Uzun, yass\u0131-yuvarlak \u00e7eneler. <\/p>\n<li><b>\u00c7ene kal\u0131nl\u0131\u011f\u0131 (eklem) (T1): <\/b>8,0 mm<\/li>\n<li><b>U\u00e7lar geni\u015flik (W4): <\/b>2,5 mm<\/li>\n<li><b>Tip Thickness (T2): <\/b>2,0 mm<\/li>\n<li><b>\u00c7ene uzunlu\u011fu (L3): <\/b>42,0 mm<\/li>\n<li><b>Kafa geni\u015fli\u011fi (W3): <\/b>15,0 mm<\/li>\n<table>\n<tr>\n<td>Uzunluk<\/td>\n<td>140<\/td>\n<\/tr>\n<tr>\n<td>Form<\/td>\n<td>Yass\u0131 geni\u015f a\u011f\u0131z &#8211; A\u011f\u0131z y\u00fczeyleri di\u015fli<\/td>\n<\/tr>\n<tr>\n<td>Kafa<\/td>\n<td>Krom<\/td>\n<\/tr>\n<tr>\n<td>Sap<\/td>\n<td>\u0130nce \u0130zole<\/td>\n<\/tr>\n<tr>\n<td>\u00d6l\u00e7\u00fcler<\/td>\n<td>L3:42mm, W3:15.0mm, T1:8.0mm, W4:2.5mm, T2:2.0mm<\/td>\n<\/tr>\n<tr>\n<td>A\u011f\u0131rl\u0131k<\/td>\n<td>95 gr<\/td>\n<\/tr>\n<\/table>\n","protected":false},"excerpt":{"rendered":"<p><b>30 23 140 D\u00fcz Kargaburun<\/b><br \/>Mekanik zorlamaya kar\u015f\u0131 dayan\u0131kl\u0131 ve az a\u015f\u0131n\u0131r Uzun, yass\u0131-yuvarlak \u00e7eneler. <\/p>\n<li><b>\u00c7ene kal\u0131nl\u0131\u011f\u0131 (eklem) (T1): <\/b>8,0 mm<\/li>\n<li><b>U\u00e7lar geni\u015flik (W4): <\/b>2,5 mm<\/li>\n<li><b>Tip Thickness (T2): <\/b>2,0 mm<\/li>\n<li><b>\u00c7ene uzunlu\u011fu (L3): <\/b>42,0 mm<\/li>\n<li><b>Kafa geni\u015fli\u011fi (W3): <\/b>15,0 mm<\/li>\n","protected":false},"featured_media":15454,"comment_status":"open","ping_status":"closed","template":"","meta":{"_acf_changed":false},"product_brand":[1486],"product_cat":[795],"product_tag":[],"class_list":{"0":"post-23602","1":"product","2":"type-product","3":"status-publish","4":"has-post-thumbnail","6":"product_brand-knipex","7":"product_cat-kargaburunlar","9":"first","10":"instock","11":"taxable","12":"shipping-taxable","13":"purchasable","14":"product-type-simple","15":"add-to-wishlist-after_add_to_cart"},"acf":[],"_links":{"self":[{"href":"https:\/\/www.makitamarket.com.tr\/site\/wp-json\/wp\/v2\/product\/23602","targetHints":{"allow":["GET"]}}],"collection":[{"href":"https:\/\/www.makitamarket.com.tr\/site\/wp-json\/wp\/v2\/product"}],"about":[{"href":"https:\/\/www.makitamarket.com.tr\/site\/wp-json\/wp\/v2\/types\/product"}],"replies":[{"embeddable":true,"href":"https:\/\/www.makitamarket.com.tr\/site\/wp-json\/wp\/v2\/comments?post=23602"}],"wp:featuredmedia":[{"embeddable":true,"href":"https:\/\/www.makitamarket.com.tr\/site\/wp-json\/wp\/v2\/media\/15454"}],"wp:attachment":[{"href":"https:\/\/www.makitamarket.com.tr\/site\/wp-json\/wp\/v2\/media?parent=23602"}],"wp:term":[{"taxonomy":"product_brand","embeddable":true,"href":"https:\/\/www.makitamarket.com.tr\/site\/wp-json\/wp\/v2\/product_brand?post=23602"},{"taxonomy":"product_cat","embeddable":true,"href":"https:\/\/www.makitamarket.com.tr\/site\/wp-json\/wp\/v2\/product_cat?post=23602"},{"taxonomy":"product_tag","embeddable":true,"href":"https:\/\/www.makitamarket.com.tr\/site\/wp-json\/wp\/v2\/product_tag?post=23602"}],"curies":[{"name":"wp","href":"https:\/\/api.w.org\/{rel}","templated":true}]}}