{"id":23616,"date":"2025-01-06T16:43:45","date_gmt":"2025-01-06T13:43:45","guid":{"rendered":"https:\/\/www.makitamarket.com.tr\/site\/urun\/proscr-scr03005-bits-uc-adaptoru\/"},"modified":"2026-04-06T15:26:49","modified_gmt":"2026-04-06T12:26:49","slug":"proscr-scr03005-bits-uc-adaptoru","status":"publish","type":"product","link":"https:\/\/www.makitamarket.com.tr\/site\/urun\/proscr-scr03005-bits-uc-adaptoru\/","title":{"rendered":"Proscr SCR03005 B\u0130TS U\u00c7 ADAPT\u00d6R\u00dc"},"content":{"rendered":"<table>\n<tr>\n<td>\u00d6l\u00e7\u00fcs\u00fc<\/td>\n<td>1\/4&#8243; x 75 mm x 1\/4&#8243;<\/td>\n<\/tr>\n<tr>\n<td>Paket \u0130\u00e7i Adedi<\/td>\n<td>8 Ad.<\/td>\n<\/tr>\n<tr>\n<td>Koli \u0130\u00e7i Adedi<\/td>\n<td>400 Ad.<\/td>\n<\/tr>\n<\/table>\n","protected":false},"excerpt":{"rendered":"<p>\u00d6l\u00e7\u00fcs\u00fc 1\/4&#8243; x 75 mm x 1\/4&#8243; Paket \u0130\u00e7i Adedi 8 Ad. Koli \u0130\u00e7i Adedi 400 Ad.<\/p>\n","protected":false},"featured_media":15606,"comment_status":"open","ping_status":"closed","template":"","meta":{"_acf_changed":false},"product_brand":[1523],"product_cat":[1047],"product_tag":[],"class_list":{"0":"post-23616","1":"product","2":"type-product","3":"status-publish","4":"has-post-thumbnail","6":"product_brand-proscr","7":"product_cat-bits-uclar-aparatlar-adaptorler","9":"first","10":"instock","11":"taxable","12":"shipping-taxable","13":"purchasable","14":"product-type-simple","15":"add-to-wishlist-after_add_to_cart"},"acf":[],"_links":{"self":[{"href":"https:\/\/www.makitamarket.com.tr\/site\/wp-json\/wp\/v2\/product\/23616","targetHints":{"allow":["GET"]}}],"collection":[{"href":"https:\/\/www.makitamarket.com.tr\/site\/wp-json\/wp\/v2\/product"}],"about":[{"href":"https:\/\/www.makitamarket.com.tr\/site\/wp-json\/wp\/v2\/types\/product"}],"replies":[{"embeddable":true,"href":"https:\/\/www.makitamarket.com.tr\/site\/wp-json\/wp\/v2\/comments?post=23616"}],"wp:featuredmedia":[{"embeddable":true,"href":"https:\/\/www.makitamarket.com.tr\/site\/wp-json\/wp\/v2\/media\/15606"}],"wp:attachment":[{"href":"https:\/\/www.makitamarket.com.tr\/site\/wp-json\/wp\/v2\/media?parent=23616"}],"wp:term":[{"taxonomy":"product_brand","embeddable":true,"href":"https:\/\/www.makitamarket.com.tr\/site\/wp-json\/wp\/v2\/product_brand?post=23616"},{"taxonomy":"product_cat","embeddable":true,"href":"https:\/\/www.makitamarket.com.tr\/site\/wp-json\/wp\/v2\/product_cat?post=23616"},{"taxonomy":"product_tag","embeddable":true,"href":"https:\/\/www.makitamarket.com.tr\/site\/wp-json\/wp\/v2\/product_tag?post=23616"}],"curies":[{"name":"wp","href":"https:\/\/api.w.org\/{rel}","templated":true}]}}