{"id":23622,"date":"2025-01-06T16:43:49","date_gmt":"2025-01-06T13:43:49","guid":{"rendered":"https:\/\/www.makitamarket.com.tr\/site\/urun\/weller-s41-kalem-havya-ucu\/"},"modified":"2026-03-30T09:15:28","modified_gmt":"2026-03-30T06:15:28","slug":"weller-s41-kalem-havya-ucu","status":"publish","type":"product","link":"https:\/\/www.makitamarket.com.tr\/site\/urun\/weller-s41-kalem-havya-ucu\/","title":{"rendered":"Weller S41 KALEM HAVYA UCU"},"content":{"rendered":"<table>\n<tr>\n<td>Paket \u0130\u00e7i Adet<\/td>\n<td>1 adet<\/td>\n<\/tr>\n<tr>\n<td>\u00c7ap<\/td>\n<td>12,50 mm<\/td>\n<\/tr>\n<tr>\n<td>U\u00e7<\/td>\n<td>12,50 mm<\/td>\n<\/tr>\n<tr>\n<td>Uyumlu Havya<\/td>\n<td>SL120<\/td>\n<\/tr>\n<tr>\n<td>Kaplama<\/td>\n<td>Demir<\/td>\n<\/tr>\n<tr>\n<td>\u015eekil<\/td>\n<td>E\u011fik<\/td>\n<\/tr>\n<\/table>\n","protected":false},"excerpt":{"rendered":"<p>Paket \u0130\u00e7i Adet 1 adet \u00c7ap 12,50 mm U\u00e7 12,50 mm Uyumlu Havya SL120 Kaplama Demir \u015eekil E\u011fik<\/p>\n","protected":false},"featured_media":15654,"comment_status":"open","ping_status":"closed","template":"","meta":{"_acf_changed":false},"product_brand":[1530],"product_cat":[1171],"product_tag":[],"class_list":{"0":"post-23622","1":"product","2":"type-product","3":"status-publish","4":"has-post-thumbnail","6":"product_brand-weller","7":"product_cat-yedek-lehim-uclari","9":"first","10":"outofstock","11":"taxable","12":"shipping-taxable","13":"purchasable","14":"product-type-simple","15":"add-to-wishlist-after_add_to_cart"},"acf":[],"_links":{"self":[{"href":"https:\/\/www.makitamarket.com.tr\/site\/wp-json\/wp\/v2\/product\/23622","targetHints":{"allow":["GET"]}}],"collection":[{"href":"https:\/\/www.makitamarket.com.tr\/site\/wp-json\/wp\/v2\/product"}],"about":[{"href":"https:\/\/www.makitamarket.com.tr\/site\/wp-json\/wp\/v2\/types\/product"}],"replies":[{"embeddable":true,"href":"https:\/\/www.makitamarket.com.tr\/site\/wp-json\/wp\/v2\/comments?post=23622"}],"wp:featuredmedia":[{"embeddable":true,"href":"https:\/\/www.makitamarket.com.tr\/site\/wp-json\/wp\/v2\/media\/15654"}],"wp:attachment":[{"href":"https:\/\/www.makitamarket.com.tr\/site\/wp-json\/wp\/v2\/media?parent=23622"}],"wp:term":[{"taxonomy":"product_brand","embeddable":true,"href":"https:\/\/www.makitamarket.com.tr\/site\/wp-json\/wp\/v2\/product_brand?post=23622"},{"taxonomy":"product_cat","embeddable":true,"href":"https:\/\/www.makitamarket.com.tr\/site\/wp-json\/wp\/v2\/product_cat?post=23622"},{"taxonomy":"product_tag","embeddable":true,"href":"https:\/\/www.makitamarket.com.tr\/site\/wp-json\/wp\/v2\/product_tag?post=23622"}],"curies":[{"name":"wp","href":"https:\/\/api.w.org\/{rel}","templated":true}]}}