{"id":23625,"date":"2025-01-06T16:43:50","date_gmt":"2025-01-06T13:43:50","guid":{"rendered":"https:\/\/www.makitamarket.com.tr\/site\/urun\/knipex-986201-plastik-penseler\/"},"modified":"2026-04-06T15:27:51","modified_gmt":"2026-04-06T12:27:51","slug":"knipex-986201-plastik-penseler","status":"publish","type":"product","link":"https:\/\/www.makitamarket.com.tr\/site\/urun\/knipex-986201-plastik-penseler\/","title":{"rendered":"Knipex 986201 PLAST\u0130K PENSELER"},"content":{"rendered":"<p><b>98 62 01 Plastik Kombine Pense (Yal\u0131tkan)<\/b><br \/>\u0130zolasyon yap\u0131s\u0131 k\u0131sa devre riskini azalt\u0131r. Profosyonel kurulum gerektiren i\u015flerde. S\u0131n\u0131f C; kullan\u0131m aral\u0131\u011f\u0131 azami -40\u00b0C. <\/p>\n<li><b>VDE onayl\u0131: <\/b>evet \u00a0<\/li>\n<table>\n<tr>\n<td>Uzunluk<\/td>\n<td>180<\/td>\n<\/tr>\n<tr>\n<td>A\u011f\u0131rl\u0131k<\/td>\n<td>120 gr<\/td>\n<\/tr>\n<\/table>\n","protected":false},"excerpt":{"rendered":"<p><b>98 62 01 Plastik Kombine Pense (Yal\u0131tkan)<\/b><br \/>\u0130zolasyon yap\u0131s\u0131 k\u0131sa devre riskini azalt\u0131r. Profosyonel kurulum gerektiren i\u015flerde. S\u0131n\u0131f C; kullan\u0131m aral\u0131\u011f\u0131 azami -40\u00b0C. <\/p>\n<li><b>VDE onayl\u0131: <\/b>evet \u00a0<\/li>\n","protected":false},"featured_media":15661,"comment_status":"open","ping_status":"closed","template":"","meta":{"_acf_changed":false},"product_brand":[1486],"product_cat":[1270],"product_tag":[],"class_list":{"0":"post-23625","1":"product","2":"type-product","3":"status-publish","4":"has-post-thumbnail","6":"product_brand-knipex","7":"product_cat-izoleli-bicaklar-ve-aletler","9":"first","10":"instock","11":"taxable","12":"shipping-taxable","13":"purchasable","14":"product-type-simple","15":"add-to-wishlist-after_add_to_cart"},"acf":[],"_links":{"self":[{"href":"https:\/\/www.makitamarket.com.tr\/site\/wp-json\/wp\/v2\/product\/23625","targetHints":{"allow":["GET"]}}],"collection":[{"href":"https:\/\/www.makitamarket.com.tr\/site\/wp-json\/wp\/v2\/product"}],"about":[{"href":"https:\/\/www.makitamarket.com.tr\/site\/wp-json\/wp\/v2\/types\/product"}],"replies":[{"embeddable":true,"href":"https:\/\/www.makitamarket.com.tr\/site\/wp-json\/wp\/v2\/comments?post=23625"}],"wp:featuredmedia":[{"embeddable":true,"href":"https:\/\/www.makitamarket.com.tr\/site\/wp-json\/wp\/v2\/media\/15661"}],"wp:attachment":[{"href":"https:\/\/www.makitamarket.com.tr\/site\/wp-json\/wp\/v2\/media?parent=23625"}],"wp:term":[{"taxonomy":"product_brand","embeddable":true,"href":"https:\/\/www.makitamarket.com.tr\/site\/wp-json\/wp\/v2\/product_brand?post=23625"},{"taxonomy":"product_cat","embeddable":true,"href":"https:\/\/www.makitamarket.com.tr\/site\/wp-json\/wp\/v2\/product_cat?post=23625"},{"taxonomy":"product_tag","embeddable":true,"href":"https:\/\/www.makitamarket.com.tr\/site\/wp-json\/wp\/v2\/product_tag?post=23625"}],"curies":[{"name":"wp","href":"https:\/\/api.w.org\/{rel}","templated":true}]}}