{"id":23626,"date":"2025-01-06T16:43:50","date_gmt":"2025-01-06T13:43:50","guid":{"rendered":"https:\/\/www.makitamarket.com.tr\/site\/urun\/knipex-920253-cimbiz-120-mm\/"},"modified":"2025-11-16T08:23:23","modified_gmt":"2025-11-16T05:23:23","slug":"knipex-920253-cimbiz-120-mm","status":"publish","type":"product","link":"https:\/\/www.makitamarket.com.tr\/site\/urun\/knipex-920253-cimbiz-120-mm\/","title":{"rendered":"Knipex 920253 CIMBIZ 120 mm"},"content":{"rendered":"<table>\n<tr>\n<td>Uzunluk<\/td>\n<td>120<\/td>\n<\/tr>\n<tr>\n<td>Form<\/td>\n<td>Elektronik, 45\u00b0A\u00e7\u0131, A\u011f\u0131z y\u00fczeyleri d\u00fcz<\/td>\n<\/tr>\n<tr>\n<td>\u00d6zellik<\/td>\n<td>Paslanmaz, anti-manyetik<\/td>\n<\/tr>\n<tr>\n<td>A\u011f\u0131rl\u0131k<\/td>\n<td>16 gr<\/td>\n<\/tr>\n<\/table>\n","protected":false},"excerpt":{"rendered":"<p>Uzunluk 120 Form Elektronik, 45\u00b0A\u00e7\u0131, A\u011f\u0131z y\u00fczeyleri d\u00fcz \u00d6zellik Paslanmaz, anti-manyetik A\u011f\u0131rl\u0131k 16 gr<\/p>\n","protected":false},"featured_media":15668,"comment_status":"open","ping_status":"closed","template":"","meta":{"_acf_changed":false},"product_brand":[1486],"product_cat":[1313],"product_tag":[],"class_list":{"0":"post-23626","1":"product","2":"type-product","3":"status-publish","4":"has-post-thumbnail","6":"product_brand-knipex","7":"product_cat-cimbizlar","9":"first","10":"outofstock","11":"taxable","12":"shipping-taxable","13":"purchasable","14":"product-type-simple","15":"add-to-wishlist-after_add_to_cart"},"acf":[],"_links":{"self":[{"href":"https:\/\/www.makitamarket.com.tr\/site\/wp-json\/wp\/v2\/product\/23626","targetHints":{"allow":["GET"]}}],"collection":[{"href":"https:\/\/www.makitamarket.com.tr\/site\/wp-json\/wp\/v2\/product"}],"about":[{"href":"https:\/\/www.makitamarket.com.tr\/site\/wp-json\/wp\/v2\/types\/product"}],"replies":[{"embeddable":true,"href":"https:\/\/www.makitamarket.com.tr\/site\/wp-json\/wp\/v2\/comments?post=23626"}],"wp:featuredmedia":[{"embeddable":true,"href":"https:\/\/www.makitamarket.com.tr\/site\/wp-json\/wp\/v2\/media\/15668"}],"wp:attachment":[{"href":"https:\/\/www.makitamarket.com.tr\/site\/wp-json\/wp\/v2\/media?parent=23626"}],"wp:term":[{"taxonomy":"product_brand","embeddable":true,"href":"https:\/\/www.makitamarket.com.tr\/site\/wp-json\/wp\/v2\/product_brand?post=23626"},{"taxonomy":"product_cat","embeddable":true,"href":"https:\/\/www.makitamarket.com.tr\/site\/wp-json\/wp\/v2\/product_cat?post=23626"},{"taxonomy":"product_tag","embeddable":true,"href":"https:\/\/www.makitamarket.com.tr\/site\/wp-json\/wp\/v2\/product_tag?post=23626"}],"curies":[{"name":"wp","href":"https:\/\/api.w.org\/{rel}","templated":true}]}}