{"id":23627,"date":"2025-01-06T16:43:50","date_gmt":"2025-01-06T13:43:50","guid":{"rendered":"https:\/\/www.makitamarket.com.tr\/site\/urun\/gison-gpchi02fh-yedek-havali-kalafat-cekici-murcu-yassi-keski\/"},"modified":"2026-03-30T09:15:32","modified_gmt":"2026-03-30T06:15:32","slug":"gison-gpchi02fh-yedek-havali-kalafat-cekici-murcu-yassi-keski","status":"publish","type":"product","link":"https:\/\/www.makitamarket.com.tr\/site\/urun\/gison-gpchi02fh-yedek-havali-kalafat-cekici-murcu-yassi-keski\/","title":{"rendered":"Gison GPCHI02FH YEDEK HAVALI KALAFAT \u00c7EK\u0130C\u0130 MUR\u00c7U &#8211; YASSI KESK\u0130"},"content":{"rendered":"<table>\n<tr>\n<td>Tipi<\/td>\n<td>Yass\u0131 Keski<\/td>\n<\/tr>\n<tr>\n<td>\u015eaft<\/td>\n<td>Alt\u0131k\u00f6\u015fe sapl\u0131<\/td>\n<\/tr>\n<\/table>\n","protected":false},"excerpt":{"rendered":"<p>Tipi Yass\u0131 Keski \u015eaft Alt\u0131k\u00f6\u015fe sapl\u0131<\/p>\n","protected":false},"featured_media":15673,"comment_status":"open","ping_status":"closed","template":"","meta":{"_acf_changed":false},"product_brand":[1512],"product_cat":[950],"product_tag":[],"class_list":{"0":"post-23627","1":"product","2":"type-product","3":"status-publish","4":"has-post-thumbnail","6":"product_brand-gison","7":"product_cat-havali-kalafat-cekicleri","9":"first","10":"outofstock","11":"taxable","12":"shipping-taxable","13":"purchasable","14":"product-type-simple","15":"add-to-wishlist-after_add_to_cart"},"acf":[],"_links":{"self":[{"href":"https:\/\/www.makitamarket.com.tr\/site\/wp-json\/wp\/v2\/product\/23627","targetHints":{"allow":["GET"]}}],"collection":[{"href":"https:\/\/www.makitamarket.com.tr\/site\/wp-json\/wp\/v2\/product"}],"about":[{"href":"https:\/\/www.makitamarket.com.tr\/site\/wp-json\/wp\/v2\/types\/product"}],"replies":[{"embeddable":true,"href":"https:\/\/www.makitamarket.com.tr\/site\/wp-json\/wp\/v2\/comments?post=23627"}],"wp:featuredmedia":[{"embeddable":true,"href":"https:\/\/www.makitamarket.com.tr\/site\/wp-json\/wp\/v2\/media\/15673"}],"wp:attachment":[{"href":"https:\/\/www.makitamarket.com.tr\/site\/wp-json\/wp\/v2\/media?parent=23627"}],"wp:term":[{"taxonomy":"product_brand","embeddable":true,"href":"https:\/\/www.makitamarket.com.tr\/site\/wp-json\/wp\/v2\/product_brand?post=23627"},{"taxonomy":"product_cat","embeddable":true,"href":"https:\/\/www.makitamarket.com.tr\/site\/wp-json\/wp\/v2\/product_cat?post=23627"},{"taxonomy":"product_tag","embeddable":true,"href":"https:\/\/www.makitamarket.com.tr\/site\/wp-json\/wp\/v2\/product_tag?post=23627"}],"curies":[{"name":"wp","href":"https:\/\/api.w.org\/{rel}","templated":true}]}}