{"id":23649,"date":"2025-01-06T16:44:02","date_gmt":"2025-01-06T13:44:02","guid":{"rendered":"https:\/\/www.makitamarket.com.tr\/site\/urun\/uni-t-ut202a-dijital-pens-ampermetre\/"},"modified":"2025-07-11T21:27:01","modified_gmt":"2025-07-11T18:27:01","slug":"uni-t-ut202a-dijital-pens-ampermetre","status":"publish","type":"product","link":"https:\/\/www.makitamarket.com.tr\/site\/urun\/uni-t-ut202a-dijital-pens-ampermetre\/","title":{"rendered":"Uni-t UT202A D\u0130J\u0130TAL PENS AMPERMETRE"},"content":{"rendered":"<p>\n\tSesli ikaz &#038; Diyot testi<\/p>\n<table>\n<tr>\n<td>DCV<\/td>\n<td>200m\/2\/20\/200\/600V; \u00b10,8%<\/td>\n<\/tr>\n<tr>\n<td>ACV<\/td>\n<td>2\/20\/200\/600V, \u00b11,2%<\/td>\n<\/tr>\n<tr>\n<td>ACA<\/td>\n<td>20\/200\/600A, \u00b11,5%<\/td>\n<\/tr>\n<tr>\n<td>OHM<\/td>\n<td>200\/2k\/20k\/200k\/2M\/20M\u2126, \u00b11,0%<\/td>\n<\/tr>\n<tr>\n<td>Pens Boyutu<\/td>\n<td>28 mm (max)<\/td>\n<\/tr>\n<tr>\n<td>Batarya<\/td>\n<td>1,5 V x 2,AAA tipi<\/td>\n<\/tr>\n<tr>\n<td>Boyutlar<\/td>\n<td>210 x 75,6 x 30 mm<\/td>\n<\/tr>\n<tr>\n<td>A\u011f\u0131rl\u0131k<\/td>\n<td>220 g<\/td>\n<\/tr>\n<\/table>\n","protected":false},"excerpt":{"rendered":"<p>\n\tSesli ikaz &#038; Diyot testi<\/p>\n","protected":false},"featured_media":15788,"comment_status":"open","ping_status":"closed","template":"","meta":{"_acf_changed":false},"product_brand":[],"product_cat":[1081],"product_tag":[],"class_list":{"0":"post-23649","1":"product","2":"type-product","3":"status-publish","4":"has-post-thumbnail","6":"product_cat-pensampermetreler","8":"first","9":"outofstock","10":"taxable","11":"shipping-taxable","12":"purchasable","13":"product-type-simple","14":"add-to-wishlist-after_add_to_cart"},"acf":[],"_links":{"self":[{"href":"https:\/\/www.makitamarket.com.tr\/site\/wp-json\/wp\/v2\/product\/23649","targetHints":{"allow":["GET"]}}],"collection":[{"href":"https:\/\/www.makitamarket.com.tr\/site\/wp-json\/wp\/v2\/product"}],"about":[{"href":"https:\/\/www.makitamarket.com.tr\/site\/wp-json\/wp\/v2\/types\/product"}],"replies":[{"embeddable":true,"href":"https:\/\/www.makitamarket.com.tr\/site\/wp-json\/wp\/v2\/comments?post=23649"}],"wp:featuredmedia":[{"embeddable":true,"href":"https:\/\/www.makitamarket.com.tr\/site\/wp-json\/wp\/v2\/media\/15788"}],"wp:attachment":[{"href":"https:\/\/www.makitamarket.com.tr\/site\/wp-json\/wp\/v2\/media?parent=23649"}],"wp:term":[{"taxonomy":"product_brand","embeddable":true,"href":"https:\/\/www.makitamarket.com.tr\/site\/wp-json\/wp\/v2\/product_brand?post=23649"},{"taxonomy":"product_cat","embeddable":true,"href":"https:\/\/www.makitamarket.com.tr\/site\/wp-json\/wp\/v2\/product_cat?post=23649"},{"taxonomy":"product_tag","embeddable":true,"href":"https:\/\/www.makitamarket.com.tr\/site\/wp-json\/wp\/v2\/product_tag?post=23649"}],"curies":[{"name":"wp","href":"https:\/\/api.w.org\/{rel}","templated":true}]}}