{"id":23651,"date":"2025-01-06T16:44:03","date_gmt":"2025-01-06T13:44:03","guid":{"rendered":"https:\/\/www.makitamarket.com.tr\/site\/urun\/weller-b22l-b-serisi-kaportaci-ve-tenekeci-makaslari\/"},"modified":"2026-04-06T15:30:41","modified_gmt":"2026-04-06T12:30:41","slug":"weller-b22l-b-serisi-kaportaci-ve-tenekeci-makaslari","status":"publish","type":"product","link":"https:\/\/www.makitamarket.com.tr\/site\/urun\/weller-b22l-b-serisi-kaportaci-ve-tenekeci-makaslari\/","title":{"rendered":"Weller B22L B SER\u0130S\u0130 KAPORTACI VE TENEKEC\u0130 MAKASLARI"},"content":{"rendered":"<p>\n\tKaportac\u203a Makas\u203a 250mm &#8211; sol<\/p>\n<p>\n\t<span _fck_bookmark=\"1\" style=\"display: none\">\u00a0<\/span><\/p>\n<table><\/table>\n","protected":false},"excerpt":{"rendered":"<p>\n\tKaportac\u203a Makas\u203a 250mm &#8211; sol<\/p>\n<p>\n\t<span _fck_bookmark=\"1\" style=\"display: none\">\u00a0<\/span><\/p>\n","protected":false},"featured_media":15799,"comment_status":"open","ping_status":"closed","template":"","meta":{"_acf_changed":false},"product_brand":[1530],"product_cat":[833],"product_tag":[],"class_list":{"0":"post-23651","1":"product","2":"type-product","3":"status-publish","4":"has-post-thumbnail","6":"product_brand-weller","7":"product_cat-makaslar","9":"first","10":"instock","11":"taxable","12":"shipping-taxable","13":"purchasable","14":"product-type-simple","15":"add-to-wishlist-after_add_to_cart"},"acf":[],"_links":{"self":[{"href":"https:\/\/www.makitamarket.com.tr\/site\/wp-json\/wp\/v2\/product\/23651","targetHints":{"allow":["GET"]}}],"collection":[{"href":"https:\/\/www.makitamarket.com.tr\/site\/wp-json\/wp\/v2\/product"}],"about":[{"href":"https:\/\/www.makitamarket.com.tr\/site\/wp-json\/wp\/v2\/types\/product"}],"replies":[{"embeddable":true,"href":"https:\/\/www.makitamarket.com.tr\/site\/wp-json\/wp\/v2\/comments?post=23651"}],"wp:featuredmedia":[{"embeddable":true,"href":"https:\/\/www.makitamarket.com.tr\/site\/wp-json\/wp\/v2\/media\/15799"}],"wp:attachment":[{"href":"https:\/\/www.makitamarket.com.tr\/site\/wp-json\/wp\/v2\/media?parent=23651"}],"wp:term":[{"taxonomy":"product_brand","embeddable":true,"href":"https:\/\/www.makitamarket.com.tr\/site\/wp-json\/wp\/v2\/product_brand?post=23651"},{"taxonomy":"product_cat","embeddable":true,"href":"https:\/\/www.makitamarket.com.tr\/site\/wp-json\/wp\/v2\/product_cat?post=23651"},{"taxonomy":"product_tag","embeddable":true,"href":"https:\/\/www.makitamarket.com.tr\/site\/wp-json\/wp\/v2\/product_tag?post=23651"}],"curies":[{"name":"wp","href":"https:\/\/api.w.org\/{rel}","templated":true}]}}