{"id":23654,"date":"2025-01-06T16:44:04","date_gmt":"2025-01-06T13:44:04","guid":{"rendered":"https:\/\/www.makitamarket.com.tr\/site\/urun\/proxxon-prox28557-elmas-testere-50-mm\/"},"modified":"2026-04-06T15:30:47","modified_gmt":"2026-04-06T12:30:47","slug":"proxxon-prox28557-elmas-testere-50-mm","status":"publish","type":"product","link":"https:\/\/www.makitamarket.com.tr\/site\/urun\/proxxon-prox28557-elmas-testere-50-mm\/","title":{"rendered":"Proxxon PROX28557 ELMAS TESTERE 50 mm"},"content":{"rendered":"<div>\n\t50mm \u00e7ap (10mm g\u00f6bek) 1mm kal\u0131nl\u0131kta cam, porselen, seramik ve ta\u015f kesimi ve ta\u015flanmas\u0131nda.<\/div>\n<div>\n\tLHW ve LHW\/A i\u00e7in uygundur.<\/div>\n<table><\/table>\n","protected":false},"excerpt":{"rendered":"<div>\n\t50mm \u00e7ap (10mm g\u00f6bek) 1mm kal\u0131nl\u0131kta cam, porselen, seramik ve ta\u015f kesimi ve ta\u015flanmas\u0131nda.<\/div>\n<div>\n\tLHW ve LHW\/A i\u00e7in uygundur.<\/div>\n","protected":false},"featured_media":15814,"comment_status":"open","ping_status":"closed","template":"","meta":{"_acf_changed":false},"product_brand":[1501],"product_cat":[926],"product_tag":[],"class_list":{"0":"post-23654","1":"product","2":"type-product","3":"status-publish","4":"has-post-thumbnail","6":"product_brand-proxxon","7":"product_cat-aksesuarlar-mikro-aletleri","9":"first","10":"outofstock","11":"taxable","12":"shipping-taxable","13":"purchasable","14":"product-type-simple","15":"add-to-wishlist-after_add_to_cart"},"acf":[],"_links":{"self":[{"href":"https:\/\/www.makitamarket.com.tr\/site\/wp-json\/wp\/v2\/product\/23654","targetHints":{"allow":["GET"]}}],"collection":[{"href":"https:\/\/www.makitamarket.com.tr\/site\/wp-json\/wp\/v2\/product"}],"about":[{"href":"https:\/\/www.makitamarket.com.tr\/site\/wp-json\/wp\/v2\/types\/product"}],"replies":[{"embeddable":true,"href":"https:\/\/www.makitamarket.com.tr\/site\/wp-json\/wp\/v2\/comments?post=23654"}],"wp:featuredmedia":[{"embeddable":true,"href":"https:\/\/www.makitamarket.com.tr\/site\/wp-json\/wp\/v2\/media\/15814"}],"wp:attachment":[{"href":"https:\/\/www.makitamarket.com.tr\/site\/wp-json\/wp\/v2\/media?parent=23654"}],"wp:term":[{"taxonomy":"product_brand","embeddable":true,"href":"https:\/\/www.makitamarket.com.tr\/site\/wp-json\/wp\/v2\/product_brand?post=23654"},{"taxonomy":"product_cat","embeddable":true,"href":"https:\/\/www.makitamarket.com.tr\/site\/wp-json\/wp\/v2\/product_cat?post=23654"},{"taxonomy":"product_tag","embeddable":true,"href":"https:\/\/www.makitamarket.com.tr\/site\/wp-json\/wp\/v2\/product_tag?post=23654"}],"curies":[{"name":"wp","href":"https:\/\/api.w.org\/{rel}","templated":true}]}}